{"id":170,"date":"2024-04-30T06:02:53","date_gmt":"2024-04-30T06:02:53","guid":{"rendered":"https:\/\/aplicativosgratis.com\/?page_id=170"},"modified":"2024-05-07T22:21:16","modified_gmt":"2024-05-07T22:21:16","slug":"%e9%9a%b1%e7%a7%81%e6%ac%8a%e6%94%bf%e7%ad%96","status":"publish","type":"page","link":"https:\/\/aplicativosgratis.com\/zh\/politica-de-privacidade\/","title":{"rendered":"\u96b1\u79c1\u6b0a\u653f\u7b56"},"content":{"rendered":"<p>\u4f60\u7684\u96b1\u79c1\u5c0d\u6211\u5011\u5f88\u91cd\u8981\u3002\u5c0d\u65bc\u6211\u5011\u53ef\u80fd\u5728\u514d\u8cbb\u61c9\u7528\u7a0b\u5f0f\u7db2\u7ad9\u4ee5\u53ca\u6211\u5011\u64c1\u6709\u548c\u7d93\u71df\u7684\u5176\u4ed6\u7db2\u7ad9\u4e0a\u5411\u60a8\u6536\u96c6\u7684\u4efb\u4f55\u4fe1\u606f\uff0c\u514d\u8cbb\u61c9\u7528\u7a0b\u5f0f\u7684\u653f\u7b56\u662f\u5c0a\u91cd\u60a8\u7684\u96b1\u79c1\u3002\u6211\u5011\u50c5\u5728\u78ba\u5be6\u9700\u8981\u500b\u4eba\u8cc7\u8a0a\u4f86\u70ba\u60a8\u63d0\u4f9b\u670d\u52d9\u6642\u624d\u8981\u6c42\u63d0\u4f9b\u500b\u4eba\u8cc7\u8a0a\u3002\u5728\u60a8\u77e5\u60c5\u4e26\u540c\u610f\u7684\u60c5\u6cc1\u4e0b\uff0c\u6211\u5011\u6703\u900f\u904e\u516c\u5e73\u5408\u6cd5\u7684\u65b9\u5f0f\u4f86\u505a\u3002\u6211\u5011\u4e5f\u544a\u8a34\u60a8\u6211\u5011\u70ba\u4ec0\u9ebc\u6536\u96c6\u5b83\u4ee5\u53ca\u5982\u4f55\u4f7f\u7528\u5b83\u3002\u6211\u5011\u50c5\u5728\u63d0\u4f9b\u6240\u8981\u6c42\u7684\u670d\u52d9\u6240\u9700\u7684\u6642\u9593\u5167\u4fdd\u7559\u6536\u96c6\u5230\u7684\u8cc7\u8a0a\u3002\u7576\u6211\u5011\u5132\u5b58\u8cc7\u6599\u6642\uff0c\u6211\u5011\u6703\u4ee5\u5546\u696d\u4e0a\u53ef\u63a5\u53d7\u7684\u65b9\u5f0f\u4fdd\u8b77\u6578\u64da\uff0c\u4ee5\u9632\u6b62\u907a\u5931\u548c\u88ab\u76dc\uff0c\u4ee5\u53ca\u672a\u7d93\u6388\u6b0a\u7684\u5b58\u53d6\u3001\u63ed\u9732\u3001\u8907\u88fd\u3001\u4f7f\u7528\u6216\u4fee\u6539\u3002\u9664\u975e\u6cd5\u5f8b\u8981\u6c42\uff0c\u5426\u5247\u6211\u5011\u4e0d\u6703\u516c\u958b\u6216\u8207\u7b2c\u4e09\u65b9\u5206\u4eab\u500b\u4eba\u8b58\u5225\u8cc7\u8a0a\u3002\u6211\u5011\u7684\u7db2\u7ad9\u53ef\u80fd\u5305\u542b\u975e\u6211\u5011\u7d93\u71df\u7684\u5916\u90e8\u7db2\u7ad9\u7684\u9023\u7d50\u3002\u8acb\u6ce8\u610f\uff0c\u6211\u5011\u7121\u6cd5\u63a7\u5236\u9019\u4e9b\u7db2\u7ad9\u7684\u5167\u5bb9\u548c\u505a\u6cd5\uff0c\u4e5f\u7121\u6cd5\u5c0d\u5176\u5404\u81ea\u7684\u96b1\u79c1\u6b0a\u653f\u7b56\u8ca0\u8cac\u3002\u60a8\u53ef\u4ee5\u62d2\u7d55\u6211\u5011\u7d22\u53d6\u60a8\u7684\u500b\u4eba\u8cc7\u8a0a\u7684\u8acb\u6c42\uff0c\u4f46\u8acb\u77ad\u89e3\u6211\u5011\u53ef\u80fd\u7121\u6cd5\u70ba\u60a8\u63d0\u4f9b\u67d0\u4e9b\u60a8\u60f3\u8981\u7684\u670d\u52d9\u3002\u60a8\u7e7c\u7e8c\u4f7f\u7528\u6211\u5011\u7684\u7db2\u7ad9\u5c07\u88ab\u8996\u70ba\u63a5\u53d7\u6211\u5011\u5728\u96b1\u79c1\u548c\u500b\u4eba\u8cc7\u8a0a\u65b9\u9762\u7684\u505a\u6cd5\u3002\u5982\u679c\u60a8\u5c0d\u6211\u5011\u5982\u4f55\u8655\u7406\u7528\u6236\u8cc7\u6599\u548c\u500b\u4eba\u8cc7\u8a0a\u6709\u4efb\u4f55\u7591\u554f\uff0c\u8acb\u8207\u6211\u5011\u806f\u7d61\u3002<\/p>\n\n\n\n<p><strong>Cookie \u653f\u7b56\u514d\u8cbb\u61c9\u7528\u7a0b\u5f0f<\/strong><\/p>\n\n\n\n<p><strong>\u4ec0\u9ebc\u662fcookie\uff1f<\/strong> \u8207\u5e7e\u4e4e\u6240\u6709\u5c08\u696d\u7db2\u7ad9\u7684\u5e38\u898b\u505a\u6cd5\u4e00\u6a23\uff0c\u672c\u7db2\u7ad9\u4f7f\u7528 Cookie\uff08\u5373\u4e0b\u8f09\u5230\u60a8\u96fb\u8166\u4e0a\u7684\u5c0f\u6a94\u6848\uff09\u4f86\u6539\u5584\u60a8\u7684\u9ad4\u9a57\u3002\u672c\u9801\u63cf\u8ff0\u4e86\u4ed6\u5011\u6536\u96c6\u54ea\u4e9b\u8cc7\u8a0a\u3001\u6211\u5011\u5982\u4f55\u4f7f\u7528\u9019\u4e9b\u8cc7\u8a0a\u4ee5\u53ca\u70ba\u4ec0\u9ebc\u6211\u5011\u6709\u6642\u9700\u8981\u5132\u5b58\u9019\u4e9b cookie\u3002\u6211\u5011\u9084\u5c07\u5206\u4eab\u5982\u4f55\u963b\u6b62\u5132\u5b58\u9019\u4e9b cookie\uff0c\u4f46\u9019\u53ef\u80fd\u6703\u964d\u4f4e\u6216\u300c\u7834\u58de\u300d\u7db2\u7ad9\u529f\u80fd\u7684\u67d0\u4e9b\u5143\u7d20\u3002<\/p>\n\n\n\n<p><strong>\u6211\u5011\u5982\u4f55\u4f7f\u7528cookies\uff1f<\/strong> \u6211\u5011\u4f7f\u7528 cookie \u7684\u539f\u56e0\u6709\u5f88\u591a\uff0c\u8a73\u60c5\u5982\u4e0b\u3002\u4e0d\u5e78\u7684\u662f\uff0c\u5728\u5927\u591a\u6578\u60c5\u6cc1\u4e0b\uff0c\u6c92\u6709\u884c\u696d\u6a19\u6e96\u9078\u9805\u53ef\u4ee5\u505c\u7528 cookie\uff0c\u800c\u4e0d\u5b8c\u5168\u505c\u7528\u5b83\u5011\u6dfb\u52a0\u5230\u6b64\u7db2\u7ad9\u7684\u529f\u80fd\u548c\u7279\u6027\u3002\u5982\u679c\u60a8\u4e0d\u78ba\u5b9a\u662f\u5426\u9700\u8981\u5b83\u5011\uff0c\u5efa\u8b70\u60a8\u4fdd\u7559\u6240\u6709 cookie\uff0c\u4ee5\u9632\u5b83\u5011\u88ab\u7528\u4f86\u63d0\u4f9b\u60a8\u4f7f\u7528\u7684\u670d\u52d9\u3002<\/p>\n\n\n\n<p><strong>\u7981\u7528cookie<\/strong> \u60a8\u53ef\u4ee5\u900f\u904e\u8abf\u6574\u700f\u89bd\u5668\u8a2d\u5b9a\u4f86\u963b\u6b62\u8a2d\u5b9a cookie\uff08\u6709\u95dc\u5982\u4f55\u57f7\u884c\u6b64\u64cd\u4f5c\u7684\u4fe1\u606f\uff0c\u8acb\u53c3\u95b1\u700f\u89bd\u5668\u8aaa\u660e\uff09\u3002\u8acb\u6ce8\u610f\uff0c\u505c\u7528 cookie \u5c07\u5f71\u97ff\u672c\u7db2\u7ad9\u4ee5\u53ca\u60a8\u9020\u8a2a\u7684\u8a31\u591a\u5176\u4ed6\u7db2\u7ad9\u7684\u529f\u80fd\u3002\u505c\u7528 cookie \u901a\u5e38\u6703\u5c0e\u81f4\u672c\u7db2\u7ad9\u7684\u67d0\u4e9b\u529f\u80fd\u548c\u7279\u6027\u505c\u7528\u3002\u56e0\u6b64\uff0c\u5efa\u8b70\u60a8\u4e0d\u8981\u505c\u7528cookie\u3002<\/p>\n\n\n\n<p><strong>\u6211\u5011\u8a2d\u5b9a\u7684 Cookie<\/strong><\/p>\n\n\n\n<ul class=\"wp-block-list\">\n<li><strong>\u8207\u5e33\u6236\u76f8\u95dc\u7684 cookie<\/strong>\uff1a\u5982\u679c\u60a8\u5728\u6211\u5011\u9019\u88e1\u5efa\u7acb\u5e33\u6236\uff0c\u6211\u5011\u5c07\u4f7f\u7528 cookie \u4f86\u7ba1\u7406\u8a3b\u518a\u6d41\u7a0b\u548c\u4e00\u822c\u7ba1\u7406\u3002\u9019\u4e9b cookie \u901a\u5e38\u6703\u5728\u60a8\u767b\u51fa\u6642\u88ab\u522a\u9664\uff0c\u4f46\u5728\u67d0\u4e9b\u60c5\u6cc1\u4e0b\uff0c\u5b83\u5011\u53ef\u80fd\u6703\u5728\u60a8\u767b\u51fa\u6642\u4fdd\u7559\u4e0b\u4f86\u4ee5\u8a18\u4f4f\u60a8\u7684\u7db2\u7ad9\u9996\u9078\u9805\u3002<\/li>\n\n\n\n<li><strong>\u8207\u767b\u5165\u76f8\u95dc\u7684 cookie<\/strong>\uff1a\u7576\u60a8\u767b\u5165\u6642\uff0c\u6211\u5011\u6703\u4f7f\u7528cookie\uff0c\u56e0\u6b64\u6211\u5011\u53ef\u4ee5\u8a18\u4f4f\u6b64\u64cd\u4f5c\u3002\u9019\u4f7f\u60a8\u4e0d\u5fc5\u6bcf\u6b21\u8a2a\u554f\u65b0\u9801\u9762\u6642\u90fd\u5fc5\u9808\u767b\u5165\u3002\u7576\u60a8\u767b\u51fa\u6642\uff0c\u9019\u4e9b cookie \u901a\u5e38\u6703\u88ab\u522a\u9664\u6216\u6e05\u9664\uff0c\u4ee5\u78ba\u4fdd\u60a8\u5728\u767b\u5165\u6642\u53ea\u80fd\u5b58\u53d6\u53d7\u9650\u7684\u529f\u80fd\u548c\u5340\u57df\u3002<\/li>\n\n\n\n<li><strong>\u8207\u96fb\u5b50\u90f5\u4ef6\u901a\u8a0a\u76f8\u95dc\u7684 Cookie<\/strong>\uff1a\u672c\u7db2\u7ad9\u63d0\u4f9b\u96fb\u5b50\u5831\u6216\u96fb\u5b50\u90f5\u4ef6\u8a02\u95b1\u670d\u52d9\uff0c\u4e26\u53ef\u80fd\u4f7f\u7528 cookie \u4f86\u8a18\u4f4f\u60a8\u662f\u5426\u5df2\u8a3b\u518a\u4ee5\u53ca\u662f\u5426\u986f\u793a\u50c5\u5c0d\u8a02\u95b1\/\u53d6\u6d88\u8a02\u95b1\u4f7f\u7528\u8005\u6709\u6548\u7684\u67d0\u4e9b\u901a\u77e5\u3002<\/li>\n<\/ul>","protected":false},"excerpt":{"rendered":"<p>A sua privacidade \u00e9 importante para n\u00f3s. \u00c9 pol\u00edtica do Aplicativos Gr\u00e1tis respeitar a sua privacidade em rela\u00e7\u00e3o a qualquer informa\u00e7\u00e3o sua que possamos coletar no site Aplicativos Gr\u00e1tis, e outros sites que possu\u00edmos e operamos. Solicitamos informa\u00e7\u00f5es pessoais apenas quando realmente precisamos delas para lhe fornecer um servi\u00e7o. Fazemo-lo por meios justos e legais, [&hellip;]<\/p>\n","protected":false},"author":1,"featured_media":0,"parent":0,"menu_order":0,"comment_status":"closed","ping_status":"closed","template":"","meta":{"footnotes":""},"class_list":["post-170","page","type-page","status-publish"],"_links":{"self":[{"href":"https:\/\/aplicativosgratis.com\/zh\/wp-json\/wp\/v2\/pages\/170","targetHints":{"allow":["GET"]}}],"collection":[{"href":"https:\/\/aplicativosgratis.com\/zh\/wp-json\/wp\/v2\/pages"}],"about":[{"href":"https:\/\/aplicativosgratis.com\/zh\/wp-json\/wp\/v2\/types\/page"}],"author":[{"embeddable":true,"href":"https:\/\/aplicativosgratis.com\/zh\/wp-json\/wp\/v2\/users\/1"}],"replies":[{"embeddable":true,"href":"https:\/\/aplicativosgratis.com\/zh\/wp-json\/wp\/v2\/comments?post=170"}],"version-history":[{"count":2,"href":"https:\/\/aplicativosgratis.com\/zh\/wp-json\/wp\/v2\/pages\/170\/revisions"}],"predecessor-version":[{"id":339,"href":"https:\/\/aplicativosgratis.com\/zh\/wp-json\/wp\/v2\/pages\/170\/revisions\/339"}],"wp:attachment":[{"href":"https:\/\/aplicativosgratis.com\/zh\/wp-json\/wp\/v2\/media?parent=170"}],"curies":[{"name":"wp","href":"https:\/\/api.w.org\/{rel}","templated":true}]}}