{"id":170,"date":"2024-04-30T06:02:53","date_gmt":"2024-04-30T06:02:53","guid":{"rendered":"https:\/\/aplicativosgratis.com\/?page_id=170"},"modified":"2024-05-07T22:21:16","modified_gmt":"2024-05-07T22:21:16","slug":"%d0%bf%d0%be%d0%bb%d1%96%d1%82%d0%b8%d0%ba%d0%b0-%d0%ba%d0%be%d0%bd%d1%84%d1%96%d0%b4%d0%b5%d0%bd%d1%86%d1%96%d0%b9%d0%bd%d0%be%d1%81%d1%82%d1%96","status":"publish","type":"page","link":"https:\/\/aplicativosgratis.com\/uk\/politica-de-privacidade\/","title":{"rendered":"\u041f\u043e\u043b\u0456\u0442\u0438\u043a\u0430 \u043a\u043e\u043d\u0444\u0456\u0434\u0435\u043d\u0446\u0456\u0439\u043d\u043e\u0441\u0442\u0456"},"content":{"rendered":"<p>\u0412\u0430\u0448\u0430 \u043a\u043e\u043d\u0444\u0456\u0434\u0435\u043d\u0446\u0456\u0439\u043d\u0456\u0441\u0442\u044c \u0432\u0430\u0436\u043b\u0438\u0432\u0430 \u0434\u043b\u044f \u043d\u0430\u0441. \u041f\u043e\u043b\u0456\u0442\u0438\u043a\u0430 Free Applications \u043f\u043e\u043b\u044f\u0433\u0430\u0454 \u0432 \u043f\u043e\u0432\u0430\u0437\u0456 \u0432\u0430\u0448\u043e\u0457 \u043a\u043e\u043d\u0444\u0456\u0434\u0435\u043d\u0446\u0456\u0439\u043d\u043e\u0441\u0442\u0456 \u0441\u0442\u043e\u0441\u043e\u0432\u043d\u043e \u0431\u0443\u0434\u044c-\u044f\u043a\u043e\u0457 \u0456\u043d\u0444\u043e\u0440\u043c\u0430\u0446\u0456\u0457, \u044f\u043a\u0443 \u043c\u0438 \u043c\u043e\u0436\u0435\u043c\u043e \u043e\u0442\u0440\u0438\u043c\u0430\u0442\u0438 \u0432\u0456\u0434 \u0432\u0430\u0441 \u043d\u0430 \u0432\u0435\u0431-\u0441\u0430\u0439\u0442\u0456 Free Applications \u0442\u0430 \u0456\u043d\u0448\u0438\u0445 \u0441\u0430\u0439\u0442\u0430\u0445, \u044f\u043a\u0438\u043c\u0438 \u043c\u0438 \u0432\u043e\u043b\u043e\u0434\u0456\u0454\u043c\u043e \u0442\u0430 \u043a\u0435\u0440\u0443\u0454\u043c\u043e. \u041c\u0438 \u0437\u0430\u043f\u0438\u0442\u0443\u0454\u043c\u043e \u043e\u0441\u043e\u0431\u0438\u0441\u0442\u0443 \u0456\u043d\u0444\u043e\u0440\u043c\u0430\u0446\u0456\u044e \u043b\u0438\u0448\u0435 \u0442\u043e\u0434\u0456, \u043a\u043e\u043b\u0438 \u0432\u043e\u043d\u0430 \u0434\u0456\u0439\u0441\u043d\u043e \u043f\u043e\u0442\u0440\u0456\u0431\u043d\u0430 \u0434\u043b\u044f \u043d\u0430\u0434\u0430\u043d\u043d\u044f \u0432\u0430\u043c \u043f\u043e\u0441\u043b\u0443\u0433\u0438. \u041c\u0438 \u0440\u043e\u0431\u0438\u043c\u043e \u0446\u0435 \u0447\u0435\u0441\u043d\u0438\u043c\u0438 \u0442\u0430 \u0437\u0430\u043a\u043e\u043d\u043d\u0438\u043c\u0438 \u0437\u0430\u0441\u043e\u0431\u0430\u043c\u0438, \u0437 \u0432\u0430\u0448\u043e\u0433\u043e \u0432\u0456\u0434\u043e\u043c\u0430 \u0442\u0430 \u0437\u0433\u043e\u0434\u0438. \u041c\u0438 \u0442\u0430\u043a\u043e\u0436 \u0440\u043e\u0437\u043f\u043e\u0432\u0456\u0434\u0430\u0454\u043c\u043e \u0432\u0430\u043c, \u043d\u0430\u0432\u0456\u0449\u043e \u043c\u0438 \u0446\u0435 \u0437\u0431\u0438\u0440\u0430\u0454\u043c\u043e \u0442\u0430 \u044f\u043a \u0446\u0435 \u0431\u0443\u0434\u0435 \u0432\u0438\u043a\u043e\u0440\u0438\u0441\u0442\u0430\u043d\u043e. \u041c\u0438 \u0437\u0431\u0435\u0440\u0456\u0433\u0430\u0454\u043c\u043e \u0437\u0456\u0431\u0440\u0430\u043d\u0443 \u0456\u043d\u0444\u043e\u0440\u043c\u0430\u0446\u0456\u044e \u043b\u0438\u0448\u0435 \u0441\u0442\u0456\u043b\u044c\u043a\u0438 \u0447\u0430\u0441\u0443, \u0441\u043a\u0456\u043b\u044c\u043a\u0438 \u043d\u0435\u043e\u0431\u0445\u0456\u0434\u043d\u043e \u0434\u043b\u044f \u043d\u0430\u0434\u0430\u043d\u043d\u044f \u0437\u0430\u043f\u0438\u0442\u0430\u043d\u043e\u0457 \u043f\u043e\u0441\u043b\u0443\u0433\u0438. \u041a\u043e\u043b\u0438 \u043c\u0438 \u0437\u0431\u0435\u0440\u0456\u0433\u0430\u0454\u043c\u043e \u0434\u0430\u043d\u0456, \u043c\u0438 \u0437\u0430\u0445\u0438\u0449\u0430\u0454\u043c\u043e \u0457\u0445 \u043a\u043e\u043c\u0435\u0440\u0446\u0456\u0439\u043d\u043e \u043f\u0440\u0438\u0439\u043d\u044f\u0442\u043d\u0438\u043c\u0438 \u0437\u0430\u0441\u043e\u0431\u0430\u043c\u0438, \u0449\u043e\u0431 \u0437\u0430\u043f\u043e\u0431\u0456\u0433\u0442\u0438 \u0432\u0442\u0440\u0430\u0442\u0456 \u0442\u0430 \u043a\u0440\u0430\u0434\u0456\u0436\u0446\u0456, \u0430 \u0442\u0430\u043a\u043e\u0436 \u043d\u0435\u0441\u0430\u043d\u043a\u0446\u0456\u043e\u043d\u043e\u0432\u0430\u043d\u043e\u043c\u0443 \u0434\u043e\u0441\u0442\u0443\u043f\u0443, \u0440\u043e\u0437\u0433\u043e\u043b\u043e\u0448\u0435\u043d\u043d\u044e, \u043a\u043e\u043f\u0456\u044e\u0432\u0430\u043d\u043d\u044e, \u0432\u0438\u043a\u043e\u0440\u0438\u0441\u0442\u0430\u043d\u043d\u044e \u0447\u0438 \u043c\u043e\u0434\u0438\u0444\u0456\u043a\u0430\u0446\u0456\u0457. \u041c\u0438 \u043d\u0435 \u043f\u0435\u0440\u0435\u0434\u0430\u0454\u043c\u043e \u043e\u0441\u043e\u0431\u0438\u0441\u0442\u0443 \u0456\u043d\u0444\u043e\u0440\u043c\u0430\u0446\u0456\u044e \u043f\u0443\u0431\u043b\u0456\u0447\u043d\u043e \u0430\u0431\u043e \u0442\u0440\u0435\u0442\u0456\u043c \u0441\u0442\u043e\u0440\u043e\u043d\u0430\u043c, \u0437\u0430 \u0432\u0438\u043d\u044f\u0442\u043a\u043e\u043c \u0432\u0438\u043f\u0430\u0434\u043a\u0456\u0432, \u043a\u043e\u043b\u0438 \u0446\u044c\u043e\u0433\u043e \u0432\u0438\u043c\u0430\u0433\u0430\u0454 \u0437\u0430\u043a\u043e\u043d. \u041d\u0430\u0448 \u0432\u0435\u0431-\u0441\u0430\u0439\u0442 \u043c\u043e\u0436\u0435 \u043c\u0456\u0441\u0442\u0438\u0442\u0438 \u043f\u043e\u0441\u0438\u043b\u0430\u043d\u043d\u044f \u043d\u0430 \u0437\u043e\u0432\u043d\u0456\u0448\u043d\u0456 \u0432\u0435\u0431-\u0441\u0430\u0439\u0442\u0438, \u044f\u043a\u0438\u043c\u0438 \u043c\u0438 \u043d\u0435 \u043a\u0435\u0440\u0443\u0454\u043c\u043e. \u041c\u0430\u0439\u0442\u0435 \u043d\u0430 \u0443\u0432\u0430\u0437\u0456, \u0449\u043e \u043c\u0438 \u043d\u0435 \u043a\u043e\u043d\u0442\u0440\u043e\u043b\u044e\u0454\u043c\u043e \u0432\u043c\u0456\u0441\u0442 \u0456 \u043f\u0440\u0430\u043a\u0442\u0438\u043a\u0443 \u0446\u0438\u0445 \u0441\u0430\u0439\u0442\u0456\u0432 \u0456 \u043d\u0435 \u043c\u043e\u0436\u0435\u043c\u043e \u043d\u0435\u0441\u0442\u0438 \u0432\u0456\u0434\u043f\u043e\u0432\u0456\u0434\u0430\u043b\u044c\u043d\u0456\u0441\u0442\u044c \u0437\u0430 \u0432\u0456\u0434\u043f\u043e\u0432\u0456\u0434\u043d\u0443 \u043f\u043e\u043b\u0456\u0442\u0438\u043a\u0443 \u043a\u043e\u043d\u0444\u0456\u0434\u0435\u043d\u0446\u0456\u0439\u043d\u043e\u0441\u0442\u0456. \u0412\u0438 \u043c\u043e\u0436\u0435\u0442\u0435 \u0432\u0456\u0434\u043c\u043e\u0432\u0438\u0442\u0438\u0441\u044f \u0432\u0456\u0434 \u043d\u0430\u0448\u043e\u0433\u043e \u0437\u0430\u043f\u0438\u0442\u0443 \u043d\u0430\u0434\u0430\u0442\u0438 \u0432\u0430\u0448\u0443 \u043e\u0441\u043e\u0431\u0438\u0441\u0442\u0443 \u0456\u043d\u0444\u043e\u0440\u043c\u0430\u0446\u0456\u044e, \u0440\u043e\u0437\u0443\u043c\u0456\u044e\u0447\u0438, \u0449\u043e \u043c\u0438 \u043c\u043e\u0436\u0435\u043c\u043e \u0431\u0443\u0442\u0438 \u043d\u0435 \u0432 \u0437\u043c\u043e\u0437\u0456 \u043d\u0430\u0434\u0430\u0442\u0438 \u0432\u0430\u043c \u0434\u0435\u044f\u043a\u0456 \u0437 \u0431\u0430\u0436\u0430\u043d\u0438\u0445 \u043f\u043e\u0441\u043b\u0443\u0433. \u041f\u043e\u0434\u0430\u043b\u044c\u0448\u0435 \u0432\u0438\u043a\u043e\u0440\u0438\u0441\u0442\u0430\u043d\u043d\u044f \u0432\u0430\u043c\u0438 \u043d\u0430\u0448\u043e\u0433\u043e \u0432\u0435\u0431-\u0441\u0430\u0439\u0442\u0443 \u0432\u0432\u0430\u0436\u0430\u0442\u0438\u043c\u0435\u0442\u044c\u0441\u044f \u0437\u0433\u043e\u0434\u043e\u044e \u0437 \u043d\u0430\u0448\u0438\u043c\u0438 \u043c\u0435\u0442\u043e\u0434\u0430\u043c\u0438 \u0449\u043e\u0434\u043e \u043a\u043e\u043d\u0444\u0456\u0434\u0435\u043d\u0446\u0456\u0439\u043d\u043e\u0441\u0442\u0456 \u0442\u0430 \u043e\u0441\u043e\u0431\u0438\u0441\u0442\u043e\u0457 \u0456\u043d\u0444\u043e\u0440\u043c\u0430\u0446\u0456\u0457. \u042f\u043a\u0449\u043e \u0443 \u0432\u0430\u0441 \u0432\u0438\u043d\u0438\u043a\u043b\u0438 \u0437\u0430\u043f\u0438\u0442\u0430\u043d\u043d\u044f \u0449\u043e\u0434\u043e \u0442\u043e\u0433\u043e, \u044f\u043a \u043c\u0438 \u043e\u0431\u0440\u043e\u0431\u043b\u044f\u0454\u043c\u043e \u0434\u0430\u043d\u0456 \u043a\u043e\u0440\u0438\u0441\u0442\u0443\u0432\u0430\u0447\u0456\u0432 \u0456 \u043e\u0441\u043e\u0431\u0438\u0441\u0442\u0443 \u0456\u043d\u0444\u043e\u0440\u043c\u0430\u0446\u0456\u044e, \u0437\u0432\u2019\u044f\u0436\u0456\u0442\u044c\u0441\u044f \u0437 \u043d\u0430\u043c\u0438.<\/p>\n\n\n\n<p><strong>\u041f\u043e\u043b\u0456\u0442\u0438\u043a\u0430 \u0432\u0438\u043a\u043e\u0440\u0438\u0441\u0442\u0430\u043d\u043d\u044f \u0444\u0430\u0439\u043b\u0456\u0432 cookie. \u0411\u0435\u0437\u043a\u043e\u0448\u0442\u043e\u0432\u043d\u0456 \u043f\u0440\u043e\u0433\u0440\u0430\u043c\u0438<\/strong><\/p>\n\n\n\n<p><strong>\u0429\u043e \u0442\u0430\u043a\u0435 \u0444\u0430\u0439\u043b\u0438 cookie?<\/strong> \u042f\u043a \u0446\u0435 \u043f\u0440\u0438\u0439\u043d\u044f\u0442\u043e \u043c\u0430\u0439\u0436\u0435 \u043d\u0430 \u0432\u0441\u0456\u0445 \u043f\u0440\u043e\u0444\u0435\u0441\u0456\u0439\u043d\u0438\u0445 \u0432\u0435\u0431-\u0441\u0430\u0439\u0442\u0430\u0445, \u0446\u0435\u0439 \u0441\u0430\u0439\u0442 \u0432\u0438\u043a\u043e\u0440\u0438\u0441\u0442\u043e\u0432\u0443\u0454 \u0444\u0430\u0439\u043b\u0438 cookie, \u044f\u043a\u0456 \u0454 \u043d\u0435\u0432\u0435\u043b\u0438\u043a\u0438\u043c\u0438 \u0444\u0430\u0439\u043b\u0430\u043c\u0438, \u044f\u043a\u0456 \u0437\u0430\u0432\u0430\u043d\u0442\u0430\u0436\u0443\u044e\u0442\u044c\u0441\u044f \u043d\u0430 \u0432\u0430\u0448 \u043a\u043e\u043c\u043f\u2019\u044e\u0442\u0435\u0440, \u0449\u043e\u0431 \u043f\u043e\u043a\u0440\u0430\u0449\u0438\u0442\u0438 \u0440\u043e\u0431\u043e\u0442\u0443. \u041d\u0430 \u0446\u0456\u0439 \u0441\u0442\u043e\u0440\u0456\u043d\u0446\u0456 \u043e\u043f\u0438\u0441\u0430\u043d\u043e, \u044f\u043a\u0443 \u0456\u043d\u0444\u043e\u0440\u043c\u0430\u0446\u0456\u044e \u0432\u043e\u043d\u0438 \u0437\u0431\u0438\u0440\u0430\u044e\u0442\u044c, \u044f\u043a \u043c\u0438 \u0457\u0457 \u0432\u0438\u043a\u043e\u0440\u0438\u0441\u0442\u043e\u0432\u0443\u0454\u043c\u043e \u0442\u0430 \u0447\u043e\u043c\u0443 \u0456\u043d\u043e\u0434\u0456 \u043d\u0430\u043c \u043f\u043e\u0442\u0440\u0456\u0431\u043d\u043e \u0437\u0431\u0435\u0440\u0456\u0433\u0430\u0442\u0438 \u0446\u0456 \u0444\u0430\u0439\u043b\u0438 cookie. \u041c\u0438 \u0442\u0430\u043a\u043e\u0436 \u0440\u043e\u0437\u043f\u043e\u0432\u0456\u043c\u043e, \u044f\u043a \u043c\u043e\u0436\u043d\u0430 \u0437\u0430\u043f\u043e\u0431\u0456\u0433\u0442\u0438 \u0437\u0431\u0435\u0440\u0435\u0436\u0435\u043d\u043d\u044e \u0446\u0438\u0445 \u0444\u0430\u0439\u043b\u0456\u0432 cookie, \u043e\u0434\u043d\u0430\u043a \u0446\u0435 \u043c\u043e\u0436\u0435 \u043f\u0440\u0438\u0437\u0432\u0435\u0441\u0442\u0438 \u0434\u043e \u043f\u043e\u0433\u0456\u0440\u0448\u0435\u043d\u043d\u044f \u0430\u0431\u043e \u00ab\u0437\u043b\u0430\u043c\u0430\u043d\u043d\u044f\u00bb \u043f\u0435\u0432\u043d\u0438\u0445 \u0435\u043b\u0435\u043c\u0435\u043d\u0442\u0456\u0432 \u0444\u0443\u043d\u043a\u0446\u0456\u043e\u043d\u0430\u043b\u044c\u043d\u043e\u0441\u0442\u0456 \u0441\u0430\u0439\u0442\u0443.<\/p>\n\n\n\n<p><strong>\u042f\u043a \u043c\u0438 \u0432\u0438\u043a\u043e\u0440\u0438\u0441\u0442\u043e\u0432\u0443\u0454\u043c\u043e \u0444\u0430\u0439\u043b\u0438 cookie?<\/strong> \u041c\u0438 \u0432\u0438\u043a\u043e\u0440\u0438\u0441\u0442\u043e\u0432\u0443\u0454\u043c\u043e \u0444\u0430\u0439\u043b\u0438 cookie \u0437 \u043a\u0456\u043b\u044c\u043a\u043e\u0445 \u043f\u0440\u0438\u0447\u0438\u043d, \u0434\u0435\u0442\u0430\u043b\u044c\u043d\u043e \u043e\u043f\u0438\u0441\u0430\u043d\u0438\u0445 \u043d\u0438\u0436\u0447\u0435. \u041d\u0430 \u0436\u0430\u043b\u044c, \u0443 \u0431\u0456\u043b\u044c\u0448\u043e\u0441\u0442\u0456 \u0432\u0438\u043f\u0430\u0434\u043a\u0456\u0432 \u043d\u0435\u043c\u0430\u0454 \u0433\u0430\u043b\u0443\u0437\u0435\u0432\u0438\u0445 \u0441\u0442\u0430\u043d\u0434\u0430\u0440\u0442\u043d\u0438\u0445 \u043e\u043f\u0446\u0456\u0439 \u0434\u043b\u044f \u0432\u0438\u043c\u043a\u043d\u0435\u043d\u043d\u044f \u0444\u0430\u0439\u043b\u0456\u0432 cookie \u0431\u0435\u0437 \u043f\u043e\u0432\u043d\u043e\u0433\u043e \u0432\u0438\u043c\u043a\u043d\u0435\u043d\u043d\u044f \u0444\u0443\u043d\u043a\u0446\u0456\u0439 \u0456 \u0444\u0443\u043d\u043a\u0446\u0456\u0439, \u044f\u043a\u0456 \u0432\u043e\u043d\u0438 \u0434\u043e\u0434\u0430\u044e\u0442\u044c \u043d\u0430 \u0446\u0435\u0439 \u0441\u0430\u0439\u0442. \u0420\u0435\u043a\u043e\u043c\u0435\u043d\u0434\u0443\u0454\u0442\u044c\u0441\u044f \u0437\u0430\u043b\u0438\u0448\u0438\u0442\u0438 \u0432\u0441\u0456 \u0444\u0430\u0439\u043b\u0438 cookie, \u044f\u043a\u0449\u043e \u0432\u0438 \u043d\u0435 \u0432\u043f\u0435\u0432\u043d\u0435\u043d\u0456, \u0447\u0438 \u043f\u043e\u0442\u0440\u0456\u0431\u043d\u0456 \u0432\u043e\u043d\u0438 \u0432\u0430\u043c, \u044f\u043a\u0449\u043e \u0432\u043e\u043d\u0438 \u0432\u0438\u043a\u043e\u0440\u0438\u0441\u0442\u043e\u0432\u0443\u044e\u0442\u044c\u0441\u044f \u0434\u043b\u044f \u043d\u0430\u0434\u0430\u043d\u043d\u044f \u043f\u043e\u0441\u043b\u0443\u0433, \u044f\u043a\u0438\u043c\u0438 \u0432\u0438 \u043a\u043e\u0440\u0438\u0441\u0442\u0443\u0454\u0442\u0435\u0441\u044f.<\/p>\n\n\n\n<p><strong>\u0412\u0438\u043c\u043a\u043d\u0443\u0442\u0438 \u0444\u0430\u0439\u043b\u0438 cookie<\/strong> \u0412\u0438 \u043c\u043e\u0436\u0435\u0442\u0435 \u0437\u0430\u043f\u043e\u0431\u0456\u0433\u0442\u0438 \u0432\u0441\u0442\u0430\u043d\u043e\u0432\u043b\u0435\u043d\u043d\u044e \u0444\u0430\u0439\u043b\u0456\u0432 cookie, \u043d\u0430\u043b\u0430\u0448\u0442\u0443\u0432\u0430\u0432\u0448\u0438 \u043f\u0430\u0440\u0430\u043c\u0435\u0442\u0440\u0438 \u0441\u0432\u043e\u0433\u043e \u0431\u0440\u0430\u0443\u0437\u0435\u0440\u0430 (\u0434\u0438\u0432\u0456\u0442\u044c\u0441\u044f \u0434\u043e\u0432\u0456\u0434\u043a\u0443 \u0431\u0440\u0430\u0443\u0437\u0435\u0440\u0430, \u0449\u043e\u0431 \u0434\u0456\u0437\u043d\u0430\u0442\u0438\u0441\u044f, \u044f\u043a \u0446\u0435 \u0437\u0440\u043e\u0431\u0438\u0442\u0438). \u041c\u0430\u0439\u0442\u0435 \u043d\u0430 \u0443\u0432\u0430\u0437\u0456, \u0449\u043e \u0432\u0438\u043c\u043a\u043d\u0435\u043d\u043d\u044f \u0444\u0430\u0439\u043b\u0456\u0432 cookie \u0432\u043f\u043b\u0438\u043d\u0435 \u043d\u0430 \u0444\u0443\u043d\u043a\u0446\u0456\u043e\u043d\u0430\u043b\u044c\u043d\u0456\u0441\u0442\u044c \u0446\u044c\u043e\u0433\u043e \u0442\u0430 \u0431\u0430\u0433\u0430\u0442\u044c\u043e\u0445 \u0456\u043d\u0448\u0438\u0445 \u0432\u0435\u0431-\u0441\u0430\u0439\u0442\u0456\u0432, \u044f\u043a\u0456 \u0432\u0438 \u0432\u0456\u0434\u0432\u0456\u0434\u0443\u0454\u0442\u0435. \u0412\u0438\u043c\u043a\u043d\u0435\u043d\u043d\u044f \u0444\u0430\u0439\u043b\u0456\u0432 cookie \u0437\u0430\u0437\u0432\u0438\u0447\u0430\u0439 \u043f\u0440\u0438\u0437\u0432\u0435\u0434\u0435 \u0434\u043e \u0432\u0438\u043c\u043a\u043d\u0435\u043d\u043d\u044f \u043f\u0435\u0432\u043d\u0438\u0445 \u0444\u0443\u043d\u043a\u0446\u0456\u0439 \u0456 \u0444\u0443\u043d\u043a\u0446\u0456\u0439 \u0446\u044c\u043e\u0433\u043e \u0432\u0435\u0431-\u0441\u0430\u0439\u0442\u0443. \u0422\u043e\u043c\u0443 \u0440\u0435\u043a\u043e\u043c\u0435\u043d\u0434\u0443\u0454\u0442\u044c\u0441\u044f \u043d\u0435 \u0432\u0456\u0434\u043a\u043b\u044e\u0447\u0430\u0442\u0438 \u0444\u0430\u0439\u043b\u0438 cookie.<\/p>\n\n\n\n<p><strong>\u041f\u0435\u0447\u0438\u0432\u043e \u043c\u0438 \u0432\u0441\u0442\u0430\u043d\u043e\u0432\u0438\u043b\u0438<\/strong><\/p>\n\n\n\n<ul class=\"wp-block-list\">\n<li><strong>\u0424\u0430\u0439\u043b\u0438 cookie, \u043f\u043e\u0432\u2019\u044f\u0437\u0430\u043d\u0456 \u0437 \u043e\u0431\u043b\u0456\u043a\u043e\u0432\u0438\u043c \u0437\u0430\u043f\u0438\u0441\u043e\u043c<\/strong>: \u042f\u043a\u0449\u043e \u0432\u0438 \u0441\u0442\u0432\u043e\u0440\u0438\u0442\u0435 \u043e\u0431\u043b\u0456\u043a\u043e\u0432\u0438\u0439 \u0437\u0430\u043f\u0438\u0441 \u0443 \u043d\u0430\u0441, \u043c\u0438 \u0432\u0438\u043a\u043e\u0440\u0438\u0441\u0442\u043e\u0432\u0443\u0432\u0430\u0442\u0438\u043c\u0435\u043c\u043e \u0444\u0430\u0439\u043b\u0438 cookie \u0434\u043b\u044f \u043a\u0435\u0440\u0443\u0432\u0430\u043d\u043d\u044f \u043f\u0440\u043e\u0446\u0435\u0441\u043e\u043c \u0440\u0435\u0454\u0441\u0442\u0440\u0430\u0446\u0456\u0457 \u0442\u0430 \u0437\u0430\u0433\u0430\u043b\u044c\u043d\u043e\u0433\u043e \u0430\u0434\u043c\u0456\u043d\u0456\u0441\u0442\u0440\u0443\u0432\u0430\u043d\u043d\u044f. \u0426\u0456 \u0444\u0430\u0439\u043b\u0438 cookie \u0437\u0430\u0437\u0432\u0438\u0447\u0430\u0439 \u0432\u0438\u0434\u0430\u043b\u044f\u044e\u0442\u044c\u0441\u044f, \u043a\u043e\u043b\u0438 \u0432\u0438 \u0432\u0438\u0445\u043e\u0434\u0438\u0442\u0435 \u0437 \u043e\u0431\u043b\u0456\u043a\u043e\u0432\u043e\u0433\u043e \u0437\u0430\u043f\u0438\u0441\u0443, \u043e\u0434\u043d\u0430\u043a \u0443 \u0434\u0435\u044f\u043a\u0438\u0445 \u0432\u0438\u043f\u0430\u0434\u043a\u0430\u0445 \u0432\u043e\u043d\u0438 \u043c\u043e\u0436\u0443\u0442\u044c \u0437\u0430\u043b\u0438\u0448\u0430\u0442\u0438\u0441\u044f, \u0449\u043e\u0431 \u0437\u0430\u043f\u0430\u043c\u2019\u044f\u0442\u0430\u0442\u0438 \u0432\u0430\u0448\u0456 \u043d\u0430\u043b\u0430\u0448\u0442\u0443\u0432\u0430\u043d\u043d\u044f \u043d\u0430 \u0441\u0430\u0439\u0442\u0456, \u043a\u043e\u043b\u0438 \u0432\u0438 \u0432\u0438\u0445\u043e\u0434\u0438\u0442\u0435 \u0437 \u043e\u0431\u043b\u0456\u043a\u043e\u0432\u043e\u0433\u043e \u0437\u0430\u043f\u0438\u0441\u0443.<\/li>\n\n\n\n<li><strong>\u0424\u0430\u0439\u043b\u0438 cookie, \u043f\u043e\u0432&#039;\u044f\u0437\u0430\u043d\u0456 \u0437 \u0432\u0445\u043e\u0434\u043e\u043c<\/strong>: \u043c\u0438 \u0432\u0438\u043a\u043e\u0440\u0438\u0441\u0442\u043e\u0432\u0443\u0454\u043c\u043e \u0444\u0430\u0439\u043b\u0438 cookie, \u043a\u043e\u043b\u0438 \u0432\u0438 \u0432\u0445\u043e\u0434\u0438\u0442\u0435 \u0432 \u0441\u0438\u0441\u0442\u0435\u043c\u0443, \u0449\u043e\u0431 \u043c\u0438 \u043c\u043e\u0433\u043b\u0438 \u0437\u0430\u043f\u0430\u043c\u2019\u044f\u0442\u0430\u0442\u0438 \u0446\u044e \u0434\u0456\u044e. \u0426\u0435 \u043f\u043e\u0437\u0431\u0430\u0432\u043b\u044f\u0454 \u0432\u0430\u0441 \u0432\u0456\u0434 \u043d\u0435\u043e\u0431\u0445\u0456\u0434\u043d\u043e\u0441\u0442\u0456 \u0432\u0445\u043e\u0434\u0438\u0442\u0438 \u0449\u043e\u0440\u0430\u0437\u0443, \u043a\u043e\u043b\u0438 \u0432\u0438 \u0432\u0456\u0434\u0432\u0456\u0434\u0443\u0454\u0442\u0435 \u043d\u043e\u0432\u0443 \u0441\u0442\u043e\u0440\u0456\u043d\u043a\u0443. \u0426\u0456 \u0444\u0430\u0439\u043b\u0438 cookie \u0437\u0430\u0437\u0432\u0438\u0447\u0430\u0439 \u0432\u0438\u0434\u0430\u043b\u044f\u044e\u0442\u044c\u0441\u044f \u0430\u0431\u043e \u043e\u0447\u0438\u0449\u0430\u044e\u0442\u044c\u0441\u044f, \u043a\u043e\u043b\u0438 \u0432\u0438 \u0432\u0438\u0445\u043e\u0434\u0438\u0442\u0435 \u0437 \u0441\u0438\u0441\u0442\u0435\u043c\u0438, \u0449\u043e\u0431 \u043f\u0435\u0440\u0435\u043a\u043e\u043d\u0430\u0442\u0438\u0441\u044f, \u0449\u043e \u0432\u0438 \u043c\u043e\u0436\u0435\u0442\u0435 \u043e\u0442\u0440\u0438\u043c\u0430\u0442\u0438 \u0434\u043e\u0441\u0442\u0443\u043f \u0434\u043e \u043e\u0431\u043c\u0435\u0436\u0435\u043d\u0438\u0445 \u0444\u0443\u043d\u043a\u0446\u0456\u0439 \u0456 \u043e\u0431\u043b\u0430\u0441\u0442\u0435\u0439 \u043b\u0438\u0448\u0435 \u043f\u0456\u0441\u043b\u044f \u0432\u0445\u043e\u0434\u0443.<\/li>\n\n\n\n<li><strong>\u0424\u0430\u0439\u043b\u0438 cookie, \u043f\u043e\u0432\u2019\u044f\u0437\u0430\u043d\u0456 \u0437 \u0435\u043b\u0435\u043a\u0442\u0440\u043e\u043d\u043d\u0438\u043c\u0438 \u0440\u043e\u0437\u0441\u0438\u043b\u043a\u0430\u043c\u0438<\/strong>: \u0426\u0435\u0439 \u0441\u0430\u0439\u0442 \u043f\u0440\u043e\u043f\u043e\u043d\u0443\u0454 \u043f\u043e\u0441\u043b\u0443\u0433\u0438 \u043f\u0456\u0434\u043f\u0438\u0441\u043a\u0438 \u043d\u0430 \u0456\u043d\u0444\u043e\u0440\u043c\u0430\u0446\u0456\u0439\u043d\u0438\u0439 \u0431\u044e\u043b\u0435\u0442\u0435\u043d\u044c \u0430\u0431\u043e \u0435\u043b\u0435\u043a\u0442\u0440\u043e\u043d\u043d\u0443 \u043f\u043e\u0448\u0442\u0443, \u0430 \u0444\u0430\u0439\u043b\u0438 cookie \u043c\u043e\u0436\u0443\u0442\u044c \u0432\u0438\u043a\u043e\u0440\u0438\u0441\u0442\u043e\u0432\u0443\u0432\u0430\u0442\u0438\u0441\u044f, \u0449\u043e\u0431 \u0437\u0430\u043f\u0430\u043c\u2019\u044f\u0442\u0430\u0442\u0438, \u0447\u0438 \u0432\u0438 \u0432\u0436\u0435 \u0437\u0430\u0440\u0435\u0454\u0441\u0442\u0440\u043e\u0432\u0430\u043d\u0456 \u0442\u0430 \u0447\u0438 \u043f\u043e\u043a\u0430\u0437\u0443\u0432\u0430\u0442\u0438 \u043f\u0435\u0432\u043d\u0456 \u0441\u043f\u043e\u0432\u0456\u0449\u0435\u043d\u043d\u044f, \u0434\u0456\u0439\u0441\u043d\u0456 \u043b\u0438\u0448\u0435 \u0434\u043b\u044f \u043f\u0456\u0434\u043f\u0438\u0441\u0430\u043d\u0438\u0445\/\u043d\u0435\u043f\u0456\u0434\u043f\u0438\u0441\u0430\u043d\u0438\u0445 \u043a\u043e\u0440\u0438\u0441\u0442\u0443\u0432\u0430\u0447\u0456\u0432.<\/li>\n<\/ul>","protected":false},"excerpt":{"rendered":"<p>A sua privacidade \u00e9 importante para n\u00f3s. \u00c9 pol\u00edtica do Aplicativos Gr\u00e1tis respeitar a sua privacidade em rela\u00e7\u00e3o a qualquer informa\u00e7\u00e3o sua que possamos coletar no site Aplicativos Gr\u00e1tis, e outros sites que possu\u00edmos e operamos. Solicitamos informa\u00e7\u00f5es pessoais apenas quando realmente precisamos delas para lhe fornecer um servi\u00e7o. Fazemo-lo por meios justos e legais, [&hellip;]<\/p>\n","protected":false},"author":1,"featured_media":0,"parent":0,"menu_order":0,"comment_status":"closed","ping_status":"closed","template":"","meta":{"footnotes":""},"class_list":["post-170","page","type-page","status-publish"],"_links":{"self":[{"href":"https:\/\/aplicativosgratis.com\/uk\/wp-json\/wp\/v2\/pages\/170","targetHints":{"allow":["GET"]}}],"collection":[{"href":"https:\/\/aplicativosgratis.com\/uk\/wp-json\/wp\/v2\/pages"}],"about":[{"href":"https:\/\/aplicativosgratis.com\/uk\/wp-json\/wp\/v2\/types\/page"}],"author":[{"embeddable":true,"href":"https:\/\/aplicativosgratis.com\/uk\/wp-json\/wp\/v2\/users\/1"}],"replies":[{"embeddable":true,"href":"https:\/\/aplicativosgratis.com\/uk\/wp-json\/wp\/v2\/comments?post=170"}],"version-history":[{"count":2,"href":"https:\/\/aplicativosgratis.com\/uk\/wp-json\/wp\/v2\/pages\/170\/revisions"}],"predecessor-version":[{"id":339,"href":"https:\/\/aplicativosgratis.com\/uk\/wp-json\/wp\/v2\/pages\/170\/revisions\/339"}],"wp:attachment":[{"href":"https:\/\/aplicativosgratis.com\/uk\/wp-json\/wp\/v2\/media?parent=170"}],"curies":[{"name":"\u0412\u041f","href":"https:\/\/api.w.org\/{rel}","templated":true}]}}