{"id":174,"date":"2024-04-30T06:04:28","date_gmt":"2024-04-30T06:04:28","guid":{"rendered":"https:\/\/aplicativosgratis.com\/?page_id=174"},"modified":"2024-05-07T22:21:37","modified_gmt":"2024-05-07T22:21:37","slug":"kullanim-sartlari","status":"publish","type":"page","link":"https:\/\/aplicativosgratis.com\/tr\/termos-de-uso\/","title":{"rendered":"Kullan\u0131m \u015eartlar\u0131"},"content":{"rendered":"<p>\u00dccretsiz Uygulamalar web sitesine eri\u015ferek bu hizmet \u015fartlar\u0131na, ge\u00e7erli t\u00fcm yasa ve d\u00fczenlemelere ba\u011fl\u0131 kalmay\u0131 kabul edersiniz ve ge\u00e7erli t\u00fcm yerel yasalara uygunluktan sorumlu oldu\u011funuzu kabul edersiniz. Bu \u015fartlardan herhangi birini kabul etmiyorsan\u0131z bu siteyi kullanman\u0131z veya bu siteye eri\u015fmeniz yasakt\u0131r. Bu sitede yer alan materyaller y\u00fcr\u00fcrl\u00fckteki telif hakk\u0131 ve ticari marka yasalar\u0131yla korunmaktad\u0131r.<\/p>\n\n\n\n<ol class=\"wp-block-list\" start=\"2\">\n<li><strong>Lisans Kullan\u0131m\u0131<\/strong><\/li>\n<\/ol>\n\n\n\n<p>\u00dccretsiz Uygulamalar web sitesindeki materyallerin (bilgi veya yaz\u0131l\u0131m) bir kopyas\u0131n\u0131n yaln\u0131zca ki\u015fisel, ticari olmayan ge\u00e7ici g\u00f6r\u00fcnt\u00fcleme i\u00e7in ge\u00e7ici olarak indirilmesine izin verilir. Bu bir m\u00fclkiyet devri de\u011fil, bir kullan\u0131m lisans\u0131d\u0131r ve bu lisans kapsam\u0131nda \u015funlar\u0131 yapmamay\u0131 kabul edersiniz:<\/p>\n\n\n\n<ul class=\"wp-block-list\">\n<li>materyalleri de\u011fi\u015ftirmek veya kopyalamak;<\/li>\n\n\n\n<li>materyalleri herhangi bir ticari ama\u00e7 i\u00e7in veya halka a\u00e7\u0131k sergileme (ticari veya ticari olmayan) i\u00e7in kullanmak;<\/li>\n\n\n\n<li>\u00dccretsiz Uygulamalar web sitesinde yer alan herhangi bir yaz\u0131l\u0131m\u0131 derlemeye veya tersine m\u00fchendislik yapmaya te\u015febb\u00fcs etmek;<\/li>\n\n\n\n<li>materyallerden her t\u00fcrl\u00fc telif hakk\u0131 veya di\u011fer m\u00fclkiyet notlar\u0131n\u0131 kald\u0131racaks\u0131n\u0131z; veya<\/li>\n\n\n\n<li>materyalleri ba\u015fka bir ki\u015fiye aktar\u0131n veya materyalleri ba\u015fka bir sunucuya &quot;aynalay\u0131n&quot;. Bu lisans, bu k\u0131s\u0131tlamalardan herhangi birini ihlal etmeniz durumunda otomatik olarak sonland\u0131r\u0131l\u0131r ve \u00dccretsiz Uygulamalar taraf\u0131ndan herhangi bir zamanda sonland\u0131r\u0131labilir. Bu materyalleri g\u00f6r\u00fcnt\u00fclemenizin sona ermesi veya bu lisans\u0131n feshedilmesi \u00fczerine, elektronik veya bas\u0131l\u0131 formatta indirdi\u011finiz t\u00fcm materyalleri silmelisiniz.<\/li>\n<\/ul>\n\n\n\n<ol class=\"wp-block-list\" start=\"3\">\n<li><strong>Sorumluluk reddi beyan\u0131<\/strong><\/li>\n<\/ol>\n\n\n\n<p>\u00dccretsiz Uygulamalar web sitesindeki materyaller &quot;oldu\u011fu gibi&quot; sa\u011flanmaktad\u0131r. \u00dccretsiz Uygulamalar, a\u00e7\u0131k veya z\u0131mni hi\u00e7bir garanti vermez ve i\u015fbu s\u00f6zle\u015fmeyle z\u0131mni garantiler veya sat\u0131labilirlik ko\u015fullar\u0131, belirli bir amaca uygunluk veya fikri m\u00fclkiyet haklar\u0131n\u0131n ihlal edilmemesi veya di\u011fer haklar\u0131n ihlal edilmemesi dahil ancak bunlarla s\u0131n\u0131rl\u0131 olmamak \u00fczere di\u011fer t\u00fcm garantileri reddeder ve reddeder. Ayr\u0131ca \u00dccretsiz Uygulamalar, web sitesinde yer alan materyallerin kullan\u0131m\u0131n\u0131n do\u011frulu\u011fu, olas\u0131 sonu\u00e7lar\u0131 veya g\u00fcvenilirli\u011fi ile ilgili veya bu materyallerle veya bu siteyle ba\u011flant\u0131l\u0131 herhangi bir siteyle ilgili ba\u015fka herhangi bir garanti vermez veya beyanda bulunmaz.<\/p>\n\n\n\n<ol class=\"wp-block-list\" start=\"4\">\n<li><strong>S\u0131n\u0131rlamalar<\/strong><\/li>\n<\/ol>\n\n\n\n<p>\u00dccretsiz Uygulamalar veya tedarik\u00e7ileri, \u00dccretsiz Uygulamalardaki materyallerin kullan\u0131m\u0131ndan veya kullan\u0131lamamas\u0131ndan kaynaklanan hi\u00e7bir zarardan (veri veya kar kayb\u0131 veya i\u015f kesintisi nedeniyle olu\u015fan zararlar dahil ancak bunlarla s\u0131n\u0131rl\u0131 olmamak \u00fczere) hi\u00e7bir durumda sorumlu tutulamaz. \u00dccretsiz Uygulamalara veya \u00dccretsiz Uygulamalar\u0131n yetkili temsilcisine bu t\u00fcr bir zarar\u0131n olas\u0131l\u0131\u011f\u0131 s\u00f6zl\u00fc veya yaz\u0131l\u0131 olarak bildirilmi\u015fse. Baz\u0131 yarg\u0131 b\u00f6lgeleri z\u0131mni garantilerde s\u0131n\u0131rlamalara veya dolayl\u0131 ya da tesad\u00fcfi zararlara ili\u015fkin sorumluluk s\u0131n\u0131rlamalar\u0131na izin vermedi\u011finden, bu s\u0131n\u0131rlamalar sizin i\u00e7in ge\u00e7erli olmayabilir.<\/p>\n\n\n\n<ol class=\"wp-block-list\" start=\"5\">\n<li><strong>Malzemelerin Hassasiyeti<\/strong><\/li>\n<\/ol>\n\n\n\n<p>\u00dccretsiz Uygulamalar web sitesinde g\u00f6r\u00fcnen materyaller teknik, dizgisel veya fotografik hatalar i\u00e7erebilir. \u00dccretsiz Uygulamalar, web sitesindeki hi\u00e7bir materyalin do\u011fru, eksiksiz veya g\u00fcncel oldu\u011funu garanti etmez. \u00dccretsiz Uygulamalar, web sitesinde yer alan materyallerde herhangi bir zamanda bildirimde bulunmaks\u0131z\u0131n de\u011fi\u015fiklik yapabilir. Ancak \u00dccretsiz Uygulamalar materyalleri g\u00fcncelleme taahh\u00fcd\u00fcnde bulunmamaktad\u0131r.<\/p>\n\n\n\n<ol class=\"wp-block-list\" start=\"6\">\n<li><strong>Ba\u011flant\u0131lar<\/strong><\/li>\n<\/ol>\n\n\n\n<p>\u00dccretsiz Uygulamalar, web sitesine ba\u011flant\u0131 verilen sitelerin tamam\u0131n\u0131 incelememi\u015ftir ve ba\u011flant\u0131 verilen herhangi bir sitenin i\u00e7eri\u011finden sorumlu de\u011fildir. Herhangi bir ba\u011flant\u0131n\u0131n dahil edilmesi sitenin \u00dccretsiz Uygulamalar\u0131 taraf\u0131ndan onayland\u0131\u011f\u0131 anlam\u0131na gelmez. Ba\u011flant\u0131 verilen herhangi bir sitenin kullan\u0131m\u0131 kullan\u0131c\u0131n\u0131n kendi sorumlulu\u011fundad\u0131r.<\/p>\n\n\n\n<p><strong>De\u011fi\u015fiklikler<\/strong><\/p>\n\n\n\n<p>\u00dccretsiz Uygulamalar, web sitesi i\u00e7in bu hizmet \u015fartlar\u0131n\u0131 herhangi bir zamanda bildirimde bulunmaks\u0131z\u0131n de\u011fi\u015ftirebilir. Bu web sitesini kullanarak, bu hizmet \u015fartlar\u0131n\u0131n g\u00fcncel versiyonuna ba\u011fl\u0131 kalmay\u0131 kabul etmi\u015f olursunuz.<\/p>\n\n\n\n<p><strong>Uygulanabilir yasa<\/strong><\/p>\n\n\n\n<p>Bu \u015fartlar ve ko\u015fullar, \u00dccretsiz Uygulama yasalar\u0131na g\u00f6re y\u00f6netilir ve yorumlan\u0131r ve siz, o Eyalet veya konumdaki mahkemelerin m\u00fcnhas\u0131r yarg\u0131 yetkisine geri d\u00f6n\u00fclmez bir \u015fekilde tabi olursunuz.<\/p>","protected":false},"excerpt":{"rendered":"<p>Ao acessar o site Aplicativos Gr\u00e1tis, voc\u00ea concorda em cumprir estes termos de servi\u00e7o, todas as leis e regulamentos aplic\u00e1veis, e reconhece que \u00e9 respons\u00e1vel pelo cumprimento de todas as leis locais aplic\u00e1veis. Se voc\u00ea n\u00e3o concordar com algum desses termos, est\u00e1 proibido de usar ou acessar este site. Os materiais contidos neste site est\u00e3o [&hellip;]<\/p>\n","protected":false},"author":1,"featured_media":0,"parent":0,"menu_order":0,"comment_status":"closed","ping_status":"closed","template":"","meta":{"footnotes":""},"class_list":["post-174","page","type-page","status-publish"],"_links":{"self":[{"href":"https:\/\/aplicativosgratis.com\/tr\/wp-json\/wp\/v2\/pages\/174","targetHints":{"allow":["GET"]}}],"collection":[{"href":"https:\/\/aplicativosgratis.com\/tr\/wp-json\/wp\/v2\/pages"}],"about":[{"href":"https:\/\/aplicativosgratis.com\/tr\/wp-json\/wp\/v2\/types\/page"}],"author":[{"embeddable":true,"href":"https:\/\/aplicativosgratis.com\/tr\/wp-json\/wp\/v2\/users\/1"}],"replies":[{"embeddable":true,"href":"https:\/\/aplicativosgratis.com\/tr\/wp-json\/wp\/v2\/comments?post=174"}],"version-history":[{"count":2,"href":"https:\/\/aplicativosgratis.com\/tr\/wp-json\/wp\/v2\/pages\/174\/revisions"}],"predecessor-version":[{"id":340,"href":"https:\/\/aplicativosgratis.com\/tr\/wp-json\/wp\/v2\/pages\/174\/revisions\/340"}],"wp:attachment":[{"href":"https:\/\/aplicativosgratis.com\/tr\/wp-json\/wp\/v2\/media?parent=174"}],"curies":[{"name":"wp","href":"https:\/\/api.w.org\/{rel}","templated":true}]}}