{"id":170,"date":"2024-04-30T06:02:53","date_gmt":"2024-04-30T06:02:53","guid":{"rendered":"https:\/\/aplicativosgratis.com\/?page_id=170"},"modified":"2024-05-07T22:21:16","modified_gmt":"2024-05-07T22:21:16","slug":"%e0%b8%99%e0%b9%82%e0%b8%a2%e0%b8%9a%e0%b8%b2%e0%b8%a2%e0%b8%84%e0%b8%a7%e0%b8%b2%e0%b8%a1%e0%b9%80%e0%b8%9b%e0%b9%87%e0%b8%99%e0%b8%aa%e0%b9%88%e0%b8%a7%e0%b8%99%e0%b8%95%e0%b8%b1%e0%b8%a7","status":"publish","type":"page","link":"https:\/\/aplicativosgratis.com\/th\/politica-de-privacidade\/","title":{"rendered":"\u0e19\u0e42\u0e22\u0e1a\u0e32\u0e22\u0e04\u0e27\u0e32\u0e21\u0e40\u0e1b\u0e47\u0e19\u0e2a\u0e48\u0e27\u0e19\u0e15\u0e31\u0e27"},"content":{"rendered":"<p>\u0e04\u0e27\u0e32\u0e21\u0e40\u0e1b\u0e47\u0e19\u0e2a\u0e48\u0e27\u0e19\u0e15\u0e31\u0e27\u0e02\u0e2d\u0e07\u0e04\u0e38\u0e13\u0e40\u0e1b\u0e47\u0e19\u0e2a\u0e34\u0e48\u0e07\u0e2a\u0e33\u0e04\u0e31\u0e0d\u0e2a\u0e33\u0e2b\u0e23\u0e31\u0e1a\u0e40\u0e23\u0e32 \u0e40\u0e1b\u0e47\u0e19\u0e19\u0e42\u0e22\u0e1a\u0e32\u0e22\u0e02\u0e2d\u0e07\u0e41\u0e2d\u0e1b\u0e1e\u0e25\u0e34\u0e40\u0e04\u0e0a\u0e31\u0e19\u0e1f\u0e23\u0e35\u0e17\u0e35\u0e48\u0e08\u0e30\u0e40\u0e04\u0e32\u0e23\u0e1e\u0e04\u0e27\u0e32\u0e21\u0e40\u0e1b\u0e47\u0e19\u0e2a\u0e48\u0e27\u0e19\u0e15\u0e31\u0e27\u0e02\u0e2d\u0e07\u0e04\u0e38\u0e13\u0e40\u0e01\u0e35\u0e48\u0e22\u0e27\u0e01\u0e31\u0e1a\u0e02\u0e49\u0e2d\u0e21\u0e39\u0e25\u0e43\u0e14 \u0e46 \u0e17\u0e35\u0e48\u0e40\u0e23\u0e32\u0e2d\u0e32\u0e08\u0e23\u0e27\u0e1a\u0e23\u0e27\u0e21\u0e08\u0e32\u0e01\u0e04\u0e38\u0e13\u0e1a\u0e19\u0e40\u0e27\u0e47\u0e1a\u0e44\u0e0b\u0e15\u0e4c\u0e41\u0e2d\u0e1b\u0e1e\u0e25\u0e34\u0e40\u0e04\u0e0a\u0e31\u0e19\u0e1f\u0e23\u0e35\u0e41\u0e25\u0e30\u0e40\u0e27\u0e47\u0e1a\u0e44\u0e0b\u0e15\u0e4c\u0e2d\u0e37\u0e48\u0e19 \u0e46 \u0e17\u0e35\u0e48\u0e40\u0e23\u0e32\u0e40\u0e1b\u0e47\u0e19\u0e40\u0e08\u0e49\u0e32\u0e02\u0e2d\u0e07\u0e41\u0e25\u0e30\u0e14\u0e33\u0e40\u0e19\u0e34\u0e19\u0e01\u0e32\u0e23 \u0e40\u0e23\u0e32\u0e08\u0e30\u0e02\u0e2d\u0e02\u0e49\u0e2d\u0e21\u0e39\u0e25\u0e2a\u0e48\u0e27\u0e19\u0e1a\u0e38\u0e04\u0e04\u0e25\u0e40\u0e09\u0e1e\u0e32\u0e30\u0e40\u0e21\u0e37\u0e48\u0e2d\u0e40\u0e23\u0e32\u0e15\u0e49\u0e2d\u0e07\u0e01\u0e32\u0e23\u0e2d\u0e22\u0e48\u0e32\u0e07\u0e41\u0e17\u0e49\u0e08\u0e23\u0e34\u0e07\u0e40\u0e1e\u0e37\u0e48\u0e2d\u0e43\u0e2b\u0e49\u0e1a\u0e23\u0e34\u0e01\u0e32\u0e23\u0e41\u0e01\u0e48\u0e04\u0e38\u0e13\u0e40\u0e17\u0e48\u0e32\u0e19\u0e31\u0e49\u0e19 \u0e40\u0e23\u0e32\u0e14\u0e33\u0e40\u0e19\u0e34\u0e19\u0e01\u0e32\u0e23\u0e14\u0e31\u0e07\u0e01\u0e25\u0e48\u0e32\u0e27\u0e14\u0e49\u0e27\u0e22\u0e27\u0e34\u0e18\u0e35\u0e01\u0e32\u0e23\u0e17\u0e35\u0e48\u0e22\u0e38\u0e15\u0e34\u0e18\u0e23\u0e23\u0e21\u0e41\u0e25\u0e30\u0e16\u0e39\u0e01\u0e01\u0e0e\u0e2b\u0e21\u0e32\u0e22 \u0e42\u0e14\u0e22\u0e2d\u0e32\u0e28\u0e31\u0e22\u0e04\u0e27\u0e32\u0e21\u0e23\u0e39\u0e49\u0e41\u0e25\u0e30\u0e04\u0e27\u0e32\u0e21\u0e22\u0e34\u0e19\u0e22\u0e2d\u0e21\u0e02\u0e2d\u0e07\u0e04\u0e38\u0e13 \u0e40\u0e23\u0e32\u0e22\u0e31\u0e07\u0e41\u0e08\u0e49\u0e07\u0e43\u0e2b\u0e49\u0e04\u0e38\u0e13\u0e17\u0e23\u0e32\u0e1a\u0e14\u0e49\u0e27\u0e22\u0e27\u0e48\u0e32\u0e40\u0e2b\u0e15\u0e38\u0e43\u0e14\u0e40\u0e23\u0e32\u0e08\u0e36\u0e07\u0e40\u0e01\u0e47\u0e1a\u0e23\u0e27\u0e1a\u0e23\u0e27\u0e21\u0e02\u0e49\u0e2d\u0e21\u0e39\u0e25\u0e14\u0e31\u0e07\u0e01\u0e25\u0e48\u0e32\u0e27 \u0e41\u0e25\u0e30\u0e08\u0e30\u0e19\u0e33\u0e44\u0e1b\u0e43\u0e0a\u0e49\u0e2d\u0e22\u0e48\u0e32\u0e07\u0e44\u0e23 \u0e40\u0e23\u0e32\u0e40\u0e01\u0e47\u0e1a\u0e02\u0e49\u0e2d\u0e21\u0e39\u0e25\u0e17\u0e35\u0e48\u0e23\u0e27\u0e1a\u0e23\u0e27\u0e21\u0e44\u0e27\u0e49\u0e19\u0e32\u0e19\u0e40\u0e17\u0e48\u0e32\u0e17\u0e35\u0e48\u0e08\u0e33\u0e40\u0e1b\u0e47\u0e19\u0e40\u0e1e\u0e37\u0e48\u0e2d\u0e43\u0e2b\u0e49\u0e1a\u0e23\u0e34\u0e01\u0e32\u0e23\u0e15\u0e32\u0e21\u0e17\u0e35\u0e48\u0e23\u0e49\u0e2d\u0e07\u0e02\u0e2d\u0e40\u0e17\u0e48\u0e32\u0e19\u0e31\u0e49\u0e19 \u0e40\u0e21\u0e37\u0e48\u0e2d\u0e40\u0e23\u0e32\u0e08\u0e31\u0e14\u0e40\u0e01\u0e47\u0e1a\u0e02\u0e49\u0e2d\u0e21\u0e39\u0e25 \u0e40\u0e23\u0e32\u0e08\u0e30\u0e1b\u0e01\u0e1b\u0e49\u0e2d\u0e07\u0e02\u0e49\u0e2d\u0e21\u0e39\u0e25\u0e14\u0e49\u0e27\u0e22\u0e27\u0e34\u0e18\u0e35\u0e01\u0e32\u0e23\u0e17\u0e35\u0e48\u0e22\u0e2d\u0e21\u0e23\u0e31\u0e1a\u0e44\u0e14\u0e49\u0e43\u0e19\u0e40\u0e0a\u0e34\u0e07\u0e1e\u0e32\u0e13\u0e34\u0e0a\u0e22\u0e4c\u0e40\u0e1e\u0e37\u0e48\u0e2d\u0e1b\u0e49\u0e2d\u0e07\u0e01\u0e31\u0e19\u0e01\u0e32\u0e23\u0e2a\u0e39\u0e0d\u0e2b\u0e32\u0e22\u0e41\u0e25\u0e30\u0e01\u0e32\u0e23\u0e42\u0e08\u0e23\u0e01\u0e23\u0e23\u0e21 \u0e23\u0e27\u0e21\u0e16\u0e36\u0e07\u0e01\u0e32\u0e23\u0e40\u0e02\u0e49\u0e32\u0e16\u0e36\u0e07 \u0e01\u0e32\u0e23\u0e40\u0e1b\u0e34\u0e14\u0e40\u0e1c\u0e22 \u0e01\u0e32\u0e23\u0e04\u0e31\u0e14\u0e25\u0e2d\u0e01 \u0e01\u0e32\u0e23\u0e43\u0e0a\u0e49 \u0e2b\u0e23\u0e37\u0e2d\u0e01\u0e32\u0e23\u0e41\u0e01\u0e49\u0e44\u0e02\u0e42\u0e14\u0e22\u0e44\u0e21\u0e48\u0e44\u0e14\u0e49\u0e23\u0e31\u0e1a\u0e2d\u0e19\u0e38\u0e0d\u0e32\u0e15 \u0e40\u0e23\u0e32\u0e44\u0e21\u0e48\u0e41\u0e1a\u0e48\u0e07\u0e1b\u0e31\u0e19\u0e02\u0e49\u0e2d\u0e21\u0e39\u0e25\u0e17\u0e35\u0e48\u0e2a\u0e32\u0e21\u0e32\u0e23\u0e16\u0e23\u0e30\u0e1a\u0e38\u0e15\u0e31\u0e27\u0e1a\u0e38\u0e04\u0e04\u0e25\u0e15\u0e48\u0e2d\u0e2a\u0e32\u0e18\u0e32\u0e23\u0e13\u0e30\u0e2b\u0e23\u0e37\u0e2d\u0e01\u0e31\u0e1a\u0e1a\u0e38\u0e04\u0e04\u0e25\u0e17\u0e35\u0e48\u0e2a\u0e32\u0e21 \u0e22\u0e01\u0e40\u0e27\u0e49\u0e19\u0e43\u0e19\u0e01\u0e23\u0e13\u0e35\u0e17\u0e35\u0e48\u0e01\u0e0e\u0e2b\u0e21\u0e32\u0e22\u0e01\u0e33\u0e2b\u0e19\u0e14 \u0e40\u0e27\u0e47\u0e1a\u0e44\u0e0b\u0e15\u0e4c\u0e02\u0e2d\u0e07\u0e40\u0e23\u0e32\u0e2d\u0e32\u0e08\u0e21\u0e35\u0e25\u0e34\u0e07\u0e01\u0e4c\u0e44\u0e1b\u0e22\u0e31\u0e07\u0e40\u0e27\u0e47\u0e1a\u0e44\u0e0b\u0e15\u0e4c\u0e20\u0e32\u0e22\u0e19\u0e2d\u0e01\u0e17\u0e35\u0e48\u0e40\u0e23\u0e32\u0e44\u0e21\u0e48\u0e44\u0e14\u0e49\u0e40\u0e1b\u0e47\u0e19\u0e1c\u0e39\u0e49\u0e14\u0e33\u0e40\u0e19\u0e34\u0e19\u0e01\u0e32\u0e23 \u0e42\u0e1b\u0e23\u0e14\u0e17\u0e23\u0e32\u0e1a\u0e27\u0e48\u0e32\u0e40\u0e23\u0e32\u0e44\u0e21\u0e48\u0e2a\u0e32\u0e21\u0e32\u0e23\u0e16\u0e04\u0e27\u0e1a\u0e04\u0e38\u0e21\u0e40\u0e19\u0e37\u0e49\u0e2d\u0e2b\u0e32\u0e41\u0e25\u0e30\u0e41\u0e19\u0e27\u0e17\u0e32\u0e07\u0e1b\u0e0f\u0e34\u0e1a\u0e31\u0e15\u0e34\u0e02\u0e2d\u0e07\u0e40\u0e27\u0e47\u0e1a\u0e44\u0e0b\u0e15\u0e4c\u0e40\u0e2b\u0e25\u0e48\u0e32\u0e19\u0e35\u0e49\u0e44\u0e14\u0e49 \u0e41\u0e25\u0e30\u0e44\u0e21\u0e48\u0e2a\u0e32\u0e21\u0e32\u0e23\u0e16\u0e23\u0e31\u0e1a\u0e1c\u0e34\u0e14\u0e0a\u0e2d\u0e1a\u0e15\u0e48\u0e2d\u0e19\u0e42\u0e22\u0e1a\u0e32\u0e22\u0e04\u0e27\u0e32\u0e21\u0e40\u0e1b\u0e47\u0e19\u0e2a\u0e48\u0e27\u0e19\u0e15\u0e31\u0e27\u0e17\u0e35\u0e48\u0e40\u0e01\u0e35\u0e48\u0e22\u0e27\u0e02\u0e49\u0e2d\u0e07\u0e44\u0e14\u0e49 \u0e04\u0e38\u0e13\u0e21\u0e35\u0e2d\u0e34\u0e2a\u0e23\u0e30\u0e17\u0e35\u0e48\u0e08\u0e30\u0e1b\u0e0f\u0e34\u0e40\u0e2a\u0e18\u0e04\u0e33\u0e02\u0e2d\u0e02\u0e49\u0e2d\u0e21\u0e39\u0e25\u0e2a\u0e48\u0e27\u0e19\u0e1a\u0e38\u0e04\u0e04\u0e25\u0e02\u0e2d\u0e07\u0e04\u0e38\u0e13 \u0e14\u0e49\u0e27\u0e22\u0e04\u0e27\u0e32\u0e21\u0e40\u0e02\u0e49\u0e32\u0e43\u0e08\u0e27\u0e48\u0e32\u0e40\u0e23\u0e32\u0e2d\u0e32\u0e08\u0e44\u0e21\u0e48\u0e2a\u0e32\u0e21\u0e32\u0e23\u0e16\u0e43\u0e2b\u0e49\u0e1a\u0e23\u0e34\u0e01\u0e32\u0e23\u0e1a\u0e32\u0e07\u0e2d\u0e22\u0e48\u0e32\u0e07\u0e17\u0e35\u0e48\u0e04\u0e38\u0e13\u0e15\u0e49\u0e2d\u0e07\u0e01\u0e32\u0e23\u0e44\u0e14\u0e49 \u0e01\u0e32\u0e23\u0e43\u0e0a\u0e49\u0e40\u0e27\u0e47\u0e1a\u0e44\u0e0b\u0e15\u0e4c\u0e02\u0e2d\u0e07\u0e40\u0e23\u0e32\u0e15\u0e48\u0e2d\u0e44\u0e1b\u0e08\u0e30\u0e16\u0e37\u0e2d\u0e40\u0e1b\u0e47\u0e19\u0e01\u0e32\u0e23\u0e22\u0e2d\u0e21\u0e23\u0e31\u0e1a\u0e41\u0e19\u0e27\u0e1b\u0e0f\u0e34\u0e1a\u0e31\u0e15\u0e34\u0e02\u0e2d\u0e07\u0e40\u0e23\u0e32\u0e40\u0e01\u0e35\u0e48\u0e22\u0e27\u0e01\u0e31\u0e1a\u0e04\u0e27\u0e32\u0e21\u0e40\u0e1b\u0e47\u0e19\u0e2a\u0e48\u0e27\u0e19\u0e15\u0e31\u0e27\u0e41\u0e25\u0e30\u0e02\u0e49\u0e2d\u0e21\u0e39\u0e25\u0e2a\u0e48\u0e27\u0e19\u0e1a\u0e38\u0e04\u0e04\u0e25 \u0e2b\u0e32\u0e01\u0e04\u0e38\u0e13\u0e21\u0e35\u0e04\u0e33\u0e16\u0e32\u0e21\u0e43\u0e14 \u0e46 \u0e40\u0e01\u0e35\u0e48\u0e22\u0e27\u0e01\u0e31\u0e1a\u0e27\u0e34\u0e18\u0e35\u0e17\u0e35\u0e48\u0e40\u0e23\u0e32\u0e08\u0e31\u0e14\u0e01\u0e32\u0e23\u0e02\u0e49\u0e2d\u0e21\u0e39\u0e25\u0e1c\u0e39\u0e49\u0e43\u0e0a\u0e49\u0e41\u0e25\u0e30\u0e02\u0e49\u0e2d\u0e21\u0e39\u0e25\u0e2a\u0e48\u0e27\u0e19\u0e1a\u0e38\u0e04\u0e04\u0e25 \u0e42\u0e1b\u0e23\u0e14\u0e15\u0e34\u0e14\u0e15\u0e48\u0e2d\u0e40\u0e23\u0e32<\/p>\n\n\n\n<p><strong>\u0e19\u0e42\u0e22\u0e1a\u0e32\u0e22\u0e04\u0e38\u0e01\u0e01\u0e35\u0e49 \u0e41\u0e2d\u0e1b\u0e1e\u0e25\u0e34\u0e40\u0e04\u0e0a\u0e31\u0e19\u0e1f\u0e23\u0e35<\/strong><\/p>\n\n\n\n<p><strong>\u0e04\u0e38\u0e01\u0e01\u0e35\u0e49\u0e04\u0e37\u0e2d\u0e2d\u0e30\u0e44\u0e23?<\/strong> \u0e15\u0e32\u0e21\u0e2b\u0e25\u0e31\u0e01\u0e1b\u0e0f\u0e34\u0e1a\u0e31\u0e15\u0e34\u0e17\u0e31\u0e48\u0e27\u0e44\u0e1b\u0e02\u0e2d\u0e07\u0e40\u0e27\u0e47\u0e1a\u0e44\u0e0b\u0e15\u0e4c\u0e21\u0e37\u0e2d\u0e2d\u0e32\u0e0a\u0e35\u0e1e\u0e40\u0e01\u0e37\u0e2d\u0e1a\u0e17\u0e31\u0e49\u0e07\u0e2b\u0e21\u0e14 \u0e44\u0e0b\u0e15\u0e4c\u0e19\u0e35\u0e49\u0e43\u0e0a\u0e49\u0e04\u0e38\u0e01\u0e01\u0e35\u0e49 \u0e0b\u0e36\u0e48\u0e07\u0e40\u0e1b\u0e47\u0e19\u0e44\u0e1f\u0e25\u0e4c\u0e02\u0e19\u0e32\u0e14\u0e40\u0e25\u0e47\u0e01\u0e17\u0e35\u0e48\u0e14\u0e32\u0e27\u0e19\u0e4c\u0e42\u0e2b\u0e25\u0e14\u0e25\u0e07\u0e43\u0e19\u0e04\u0e2d\u0e21\u0e1e\u0e34\u0e27\u0e40\u0e15\u0e2d\u0e23\u0e4c\u0e02\u0e2d\u0e07\u0e04\u0e38\u0e13 \u0e40\u0e1e\u0e37\u0e48\u0e2d\u0e1b\u0e23\u0e31\u0e1a\u0e1b\u0e23\u0e38\u0e07\u0e1b\u0e23\u0e30\u0e2a\u0e1a\u0e01\u0e32\u0e23\u0e13\u0e4c\u0e02\u0e2d\u0e07\u0e04\u0e38\u0e13 \u0e2b\u0e19\u0e49\u0e32\u0e19\u0e35\u0e49\u0e2d\u0e18\u0e34\u0e1a\u0e32\u0e22\u0e27\u0e48\u0e32\u0e02\u0e49\u0e2d\u0e21\u0e39\u0e25\u0e43\u0e14\u0e17\u0e35\u0e48\u0e1e\u0e27\u0e01\u0e40\u0e02\u0e32\u0e23\u0e27\u0e1a\u0e23\u0e27\u0e21 \u0e27\u0e34\u0e18\u0e35\u0e17\u0e35\u0e48\u0e40\u0e23\u0e32\u0e43\u0e0a\u0e49 \u0e41\u0e25\u0e30\u0e40\u0e2b\u0e15\u0e38\u0e43\u0e14\u0e1a\u0e32\u0e07\u0e04\u0e23\u0e31\u0e49\u0e07\u0e40\u0e23\u0e32\u0e08\u0e36\u0e07\u0e15\u0e49\u0e2d\u0e07\u0e08\u0e31\u0e14\u0e40\u0e01\u0e47\u0e1a\u0e04\u0e38\u0e01\u0e01\u0e35\u0e49\u0e40\u0e2b\u0e25\u0e48\u0e32\u0e19\u0e35\u0e49 \u0e19\u0e2d\u0e01\u0e08\u0e32\u0e01\u0e19\u0e35\u0e49\u0e40\u0e23\u0e32\u0e22\u0e31\u0e07\u0e08\u0e30\u0e41\u0e1a\u0e48\u0e07\u0e1b\u0e31\u0e19\u0e27\u0e34\u0e18\u0e35\u0e17\u0e35\u0e48\u0e04\u0e38\u0e13\u0e2a\u0e32\u0e21\u0e32\u0e23\u0e16\u0e1b\u0e49\u0e2d\u0e07\u0e01\u0e31\u0e19\u0e44\u0e21\u0e48\u0e43\u0e2b\u0e49\u0e04\u0e38\u0e01\u0e01\u0e35\u0e49\u0e40\u0e2b\u0e25\u0e48\u0e32\u0e19\u0e35\u0e49\u0e16\u0e39\u0e01\u0e08\u0e31\u0e14\u0e40\u0e01\u0e47\u0e1a \u0e2d\u0e22\u0e48\u0e32\u0e07\u0e44\u0e23\u0e01\u0e47\u0e15\u0e32\u0e21 \u0e01\u0e32\u0e23\u0e14\u0e33\u0e40\u0e19\u0e34\u0e19\u0e01\u0e32\u0e23\u0e19\u0e35\u0e49\u0e2d\u0e32\u0e08\u0e14\u0e32\u0e27\u0e19\u0e4c\u0e40\u0e01\u0e23\u0e14\u0e2b\u0e23\u0e37\u0e2d &#039;\u0e17\u0e33\u0e25\u0e32\u0e22&#039; \u0e2d\u0e07\u0e04\u0e4c\u0e1b\u0e23\u0e30\u0e01\u0e2d\u0e1a\u0e1a\u0e32\u0e07\u0e2d\u0e22\u0e48\u0e32\u0e07\u0e02\u0e2d\u0e07\u0e1f\u0e31\u0e07\u0e01\u0e4c\u0e0a\u0e31\u0e19\u0e01\u0e32\u0e23\u0e17\u0e33\u0e07\u0e32\u0e19\u0e02\u0e2d\u0e07\u0e44\u0e0b\u0e15\u0e4c<\/p>\n\n\n\n<p><strong>\u0e40\u0e23\u0e32\u0e08\u0e30\u0e43\u0e0a\u0e49\u0e04\u0e38\u0e01\u0e01\u0e35\u0e49\u0e2d\u0e22\u0e48\u0e32\u0e07\u0e44\u0e23?<\/strong> \u0e40\u0e23\u0e32\u0e43\u0e0a\u0e49\u0e04\u0e38\u0e01\u0e01\u0e35\u0e49\u0e14\u0e49\u0e27\u0e22\u0e40\u0e2b\u0e15\u0e38\u0e1c\u0e25\u0e2b\u0e25\u0e32\u0e22\u0e1b\u0e23\u0e30\u0e01\u0e32\u0e23 \u0e15\u0e32\u0e21\u0e23\u0e32\u0e22\u0e25\u0e30\u0e40\u0e2d\u0e35\u0e22\u0e14\u0e14\u0e49\u0e32\u0e19\u0e25\u0e48\u0e32\u0e07 \u0e19\u0e48\u0e32\u0e40\u0e2a\u0e35\u0e22\u0e14\u0e32\u0e22 \u0e43\u0e19\u0e01\u0e23\u0e13\u0e35\u0e2a\u0e48\u0e27\u0e19\u0e43\u0e2b\u0e0d\u0e48 \u0e44\u0e21\u0e48\u0e21\u0e35\u0e15\u0e31\u0e27\u0e40\u0e25\u0e37\u0e2d\u0e01\u0e21\u0e32\u0e15\u0e23\u0e10\u0e32\u0e19\u0e2d\u0e38\u0e15\u0e2a\u0e32\u0e2b\u0e01\u0e23\u0e23\u0e21\u0e2a\u0e33\u0e2b\u0e23\u0e31\u0e1a\u0e01\u0e32\u0e23\u0e1b\u0e34\u0e14\u0e43\u0e0a\u0e49\u0e07\u0e32\u0e19\u0e04\u0e38\u0e01\u0e01\u0e35\u0e49\u0e42\u0e14\u0e22\u0e44\u0e21\u0e48\u0e1b\u0e34\u0e14\u0e43\u0e0a\u0e49\u0e07\u0e32\u0e19\u0e1f\u0e31\u0e07\u0e01\u0e4c\u0e0a\u0e31\u0e19\u0e41\u0e25\u0e30\u0e04\u0e38\u0e13\u0e25\u0e31\u0e01\u0e29\u0e13\u0e30\u0e17\u0e35\u0e48\u0e40\u0e1e\u0e34\u0e48\u0e21\u0e25\u0e07\u0e43\u0e19\u0e44\u0e0b\u0e15\u0e4c\u0e19\u0e35\u0e49\u0e42\u0e14\u0e22\u0e2a\u0e21\u0e1a\u0e39\u0e23\u0e13\u0e4c \u0e02\u0e2d\u0e41\u0e19\u0e30\u0e19\u0e33\u0e43\u0e2b\u0e49\u0e04\u0e38\u0e13\u0e17\u0e34\u0e49\u0e07\u0e04\u0e38\u0e01\u0e01\u0e35\u0e49\u0e17\u0e31\u0e49\u0e07\u0e2b\u0e21\u0e14\u0e44\u0e27\u0e49\u0e2b\u0e32\u0e01\u0e04\u0e38\u0e13\u0e44\u0e21\u0e48\u0e41\u0e19\u0e48\u0e43\u0e08\u0e27\u0e48\u0e32\u0e08\u0e33\u0e40\u0e1b\u0e47\u0e19\u0e15\u0e49\u0e2d\u0e07\u0e43\u0e0a\u0e49\u0e04\u0e38\u0e01\u0e01\u0e35\u0e49\u0e2b\u0e23\u0e37\u0e2d\u0e44\u0e21\u0e48 \u0e40\u0e1c\u0e37\u0e48\u0e2d\u0e43\u0e0a\u0e49\u0e43\u0e19\u0e01\u0e32\u0e23\u0e43\u0e2b\u0e49\u0e1a\u0e23\u0e34\u0e01\u0e32\u0e23\u0e17\u0e35\u0e48\u0e04\u0e38\u0e13\u0e43\u0e0a\u0e49<\/p>\n\n\n\n<p><strong>\u0e1b\u0e34\u0e14\u0e01\u0e32\u0e23\u0e43\u0e0a\u0e49\u0e07\u0e32\u0e19\u0e04\u0e38\u0e01\u0e01\u0e35\u0e49<\/strong> \u0e04\u0e38\u0e13\u0e2a\u0e32\u0e21\u0e32\u0e23\u0e16\u0e1b\u0e49\u0e2d\u0e07\u0e01\u0e31\u0e19\u0e01\u0e32\u0e23\u0e15\u0e31\u0e49\u0e07\u0e04\u0e48\u0e32\u0e04\u0e38\u0e01\u0e01\u0e35\u0e49\u0e44\u0e14\u0e49\u0e42\u0e14\u0e22\u0e1b\u0e23\u0e31\u0e1a\u0e01\u0e32\u0e23\u0e15\u0e31\u0e49\u0e07\u0e04\u0e48\u0e32\u0e40\u0e1a\u0e23\u0e32\u0e27\u0e4c\u0e40\u0e0b\u0e2d\u0e23\u0e4c\u0e02\u0e2d\u0e07\u0e04\u0e38\u0e13 (\u0e14\u0e39\u0e27\u0e34\u0e18\u0e35\u0e43\u0e0a\u0e49\u0e40\u0e1a\u0e23\u0e32\u0e27\u0e4c\u0e40\u0e0b\u0e2d\u0e23\u0e4c\u0e02\u0e2d\u0e07\u0e04\u0e38\u0e13\u0e40\u0e1e\u0e37\u0e48\u0e2d\u0e14\u0e39\u0e27\u0e34\u0e18\u0e35\u0e14\u0e33\u0e40\u0e19\u0e34\u0e19\u0e01\u0e32\u0e23) \u0e42\u0e1b\u0e23\u0e14\u0e17\u0e23\u0e32\u0e1a\u0e27\u0e48\u0e32\u0e01\u0e32\u0e23\u0e1b\u0e34\u0e14\u0e43\u0e0a\u0e49\u0e07\u0e32\u0e19\u0e04\u0e38\u0e01\u0e01\u0e35\u0e49\u0e08\u0e30\u0e2a\u0e48\u0e07\u0e1c\u0e25\u0e15\u0e48\u0e2d\u0e01\u0e32\u0e23\u0e17\u0e33\u0e07\u0e32\u0e19\u0e02\u0e2d\u0e07\u0e40\u0e27\u0e47\u0e1a\u0e44\u0e0b\u0e15\u0e4c\u0e19\u0e35\u0e49\u0e41\u0e25\u0e30\u0e40\u0e27\u0e47\u0e1a\u0e44\u0e0b\u0e15\u0e4c\u0e2d\u0e37\u0e48\u0e19 \u0e46 \u0e17\u0e35\u0e48\u0e04\u0e38\u0e13\u0e40\u0e22\u0e35\u0e48\u0e22\u0e21\u0e0a\u0e21 \u0e42\u0e14\u0e22\u0e17\u0e31\u0e48\u0e27\u0e44\u0e1b\u0e01\u0e32\u0e23\u0e1b\u0e34\u0e14\u0e43\u0e0a\u0e49\u0e07\u0e32\u0e19\u0e04\u0e38\u0e01\u0e01\u0e35\u0e49\u0e08\u0e30\u0e2a\u0e48\u0e07\u0e1c\u0e25\u0e43\u0e2b\u0e49\u0e21\u0e35\u0e01\u0e32\u0e23\u0e1b\u0e34\u0e14\u0e43\u0e0a\u0e49\u0e07\u0e32\u0e19\u0e1f\u0e31\u0e07\u0e01\u0e4c\u0e0a\u0e31\u0e19\u0e41\u0e25\u0e30\u0e04\u0e38\u0e13\u0e2a\u0e21\u0e1a\u0e31\u0e15\u0e34\u0e1a\u0e32\u0e07\u0e2d\u0e22\u0e48\u0e32\u0e07\u0e02\u0e2d\u0e07\u0e40\u0e27\u0e47\u0e1a\u0e44\u0e0b\u0e15\u0e4c\u0e19\u0e35\u0e49 \u0e14\u0e31\u0e07\u0e19\u0e31\u0e49\u0e19\u0e08\u0e36\u0e07\u0e02\u0e2d\u0e41\u0e19\u0e30\u0e19\u0e33\u0e44\u0e21\u0e48\u0e43\u0e2b\u0e49\u0e04\u0e38\u0e13\u0e1b\u0e34\u0e14\u0e01\u0e32\u0e23\u0e43\u0e0a\u0e49\u0e07\u0e32\u0e19\u0e04\u0e38\u0e01\u0e01\u0e35\u0e49<\/p>\n\n\n\n<p><strong>\u0e04\u0e38\u0e01\u0e01\u0e35\u0e49\u0e17\u0e35\u0e48\u0e40\u0e23\u0e32\u0e15\u0e31\u0e49\u0e07\u0e44\u0e27\u0e49<\/strong><\/p>\n\n\n\n<ul class=\"wp-block-list\">\n<li><strong>\u0e04\u0e38\u0e01\u0e01\u0e35\u0e49\u0e17\u0e35\u0e48\u0e40\u0e01\u0e35\u0e48\u0e22\u0e27\u0e02\u0e49\u0e2d\u0e07\u0e01\u0e31\u0e1a\u0e1a\u0e31\u0e0d\u0e0a\u0e35<\/strong>: \u0e2b\u0e32\u0e01\u0e04\u0e38\u0e13\u0e2a\u0e23\u0e49\u0e32\u0e07\u0e1a\u0e31\u0e0d\u0e0a\u0e35\u0e01\u0e31\u0e1a\u0e40\u0e23\u0e32 \u0e40\u0e23\u0e32\u0e08\u0e30\u0e43\u0e0a\u0e49\u0e04\u0e38\u0e01\u0e01\u0e35\u0e49\u0e40\u0e1e\u0e37\u0e48\u0e2d\u0e08\u0e31\u0e14\u0e01\u0e32\u0e23\u0e02\u0e31\u0e49\u0e19\u0e15\u0e2d\u0e19\u0e01\u0e32\u0e23\u0e25\u0e07\u0e17\u0e30\u0e40\u0e1a\u0e35\u0e22\u0e19\u0e41\u0e25\u0e30\u0e01\u0e32\u0e23\u0e1a\u0e23\u0e34\u0e2b\u0e32\u0e23\u0e17\u0e31\u0e48\u0e27\u0e44\u0e1b \u0e42\u0e14\u0e22\u0e1b\u0e01\u0e15\u0e34\u0e04\u0e38\u0e01\u0e01\u0e35\u0e49\u0e40\u0e2b\u0e25\u0e48\u0e32\u0e19\u0e35\u0e49\u0e08\u0e30\u0e16\u0e39\u0e01\u0e25\u0e1a\u0e40\u0e21\u0e37\u0e48\u0e2d\u0e04\u0e38\u0e13\u0e2d\u0e2d\u0e01\u0e08\u0e32\u0e01\u0e23\u0e30\u0e1a\u0e1a \u0e41\u0e15\u0e48\u0e43\u0e19\u0e1a\u0e32\u0e07\u0e01\u0e23\u0e13\u0e35\u0e2d\u0e32\u0e08\u0e22\u0e31\u0e07\u0e04\u0e07\u0e2d\u0e22\u0e39\u0e48\u0e43\u0e19\u0e20\u0e32\u0e22\u0e2b\u0e25\u0e31\u0e07\u0e40\u0e1e\u0e37\u0e48\u0e2d\u0e08\u0e14\u0e08\u0e33\u0e01\u0e32\u0e23\u0e15\u0e31\u0e49\u0e07\u0e04\u0e48\u0e32\u0e40\u0e27\u0e47\u0e1a\u0e44\u0e0b\u0e15\u0e4c\u0e02\u0e2d\u0e07\u0e04\u0e38\u0e13\u0e40\u0e21\u0e37\u0e48\u0e2d\u0e04\u0e38\u0e13\u0e2d\u0e2d\u0e01\u0e08\u0e32\u0e01\u0e23\u0e30\u0e1a\u0e1a<\/li>\n\n\n\n<li><strong>\u0e04\u0e38\u0e01\u0e01\u0e35\u0e49\u0e17\u0e35\u0e48\u0e40\u0e01\u0e35\u0e48\u0e22\u0e27\u0e02\u0e49\u0e2d\u0e07\u0e01\u0e31\u0e1a\u0e01\u0e32\u0e23\u0e40\u0e02\u0e49\u0e32\u0e2a\u0e39\u0e48\u0e23\u0e30\u0e1a\u0e1a<\/strong>: \u0e40\u0e23\u0e32\u0e43\u0e0a\u0e49\u0e04\u0e38\u0e01\u0e01\u0e35\u0e49\u0e40\u0e21\u0e37\u0e48\u0e2d\u0e04\u0e38\u0e13\u0e40\u0e02\u0e49\u0e32\u0e2a\u0e39\u0e48\u0e23\u0e30\u0e1a\u0e1a \u0e40\u0e1e\u0e37\u0e48\u0e2d\u0e43\u0e2b\u0e49\u0e40\u0e23\u0e32\u0e2a\u0e32\u0e21\u0e32\u0e23\u0e16\u0e08\u0e14\u0e08\u0e33\u0e01\u0e32\u0e23\u0e01\u0e23\u0e30\u0e17\u0e33\u0e19\u0e35\u0e49\u0e44\u0e14\u0e49 \u0e27\u0e34\u0e18\u0e35\u0e19\u0e35\u0e49\u0e0a\u0e48\u0e27\u0e22\u0e43\u0e2b\u0e49\u0e04\u0e38\u0e13\u0e44\u0e21\u0e48\u0e15\u0e49\u0e2d\u0e07\u0e40\u0e02\u0e49\u0e32\u0e2a\u0e39\u0e48\u0e23\u0e30\u0e1a\u0e1a\u0e17\u0e38\u0e01\u0e04\u0e23\u0e31\u0e49\u0e07\u0e17\u0e35\u0e48\u0e04\u0e38\u0e13\u0e40\u0e22\u0e35\u0e48\u0e22\u0e21\u0e0a\u0e21\u0e2b\u0e19\u0e49\u0e32\u0e43\u0e2b\u0e21\u0e48 \u0e42\u0e14\u0e22\u0e1b\u0e01\u0e15\u0e34\u0e04\u0e38\u0e01\u0e01\u0e35\u0e49\u0e40\u0e2b\u0e25\u0e48\u0e32\u0e19\u0e35\u0e49\u0e08\u0e30\u0e16\u0e39\u0e01\u0e25\u0e1a\u0e2b\u0e23\u0e37\u0e2d\u0e25\u0e49\u0e32\u0e07\u0e40\u0e21\u0e37\u0e48\u0e2d\u0e04\u0e38\u0e13\u0e2d\u0e2d\u0e01\u0e08\u0e32\u0e01\u0e23\u0e30\u0e1a\u0e1a\u0e40\u0e1e\u0e37\u0e48\u0e2d\u0e43\u0e2b\u0e49\u0e41\u0e19\u0e48\u0e43\u0e08\u0e27\u0e48\u0e32\u0e04\u0e38\u0e13\u0e2a\u0e32\u0e21\u0e32\u0e23\u0e16\u0e40\u0e02\u0e49\u0e32\u0e16\u0e36\u0e07\u0e40\u0e09\u0e1e\u0e32\u0e30\u0e04\u0e38\u0e13\u0e2a\u0e21\u0e1a\u0e31\u0e15\u0e34\u0e41\u0e25\u0e30\u0e1e\u0e37\u0e49\u0e19\u0e17\u0e35\u0e48\u0e17\u0e35\u0e48\u0e16\u0e39\u0e01\u0e08\u0e33\u0e01\u0e31\u0e14\u0e40\u0e21\u0e37\u0e48\u0e2d\u0e40\u0e02\u0e49\u0e32\u0e2a\u0e39\u0e48\u0e23\u0e30\u0e1a\u0e1a\u0e40\u0e17\u0e48\u0e32\u0e19\u0e31\u0e49\u0e19<\/li>\n\n\n\n<li><strong>\u0e04\u0e38\u0e01\u0e01\u0e35\u0e49\u0e17\u0e35\u0e48\u0e40\u0e01\u0e35\u0e48\u0e22\u0e27\u0e02\u0e49\u0e2d\u0e07\u0e01\u0e31\u0e1a\u0e08\u0e14\u0e2b\u0e21\u0e32\u0e22\u0e02\u0e48\u0e32\u0e27\u0e17\u0e32\u0e07\u0e2d\u0e35\u0e40\u0e21\u0e25<\/strong>: \u0e44\u0e0b\u0e15\u0e4c\u0e19\u0e35\u0e49\u0e40\u0e2a\u0e19\u0e2d\u0e1a\u0e23\u0e34\u0e01\u0e32\u0e23\u0e2a\u0e21\u0e31\u0e04\u0e23\u0e23\u0e31\u0e1a\u0e08\u0e14\u0e2b\u0e21\u0e32\u0e22\u0e02\u0e48\u0e32\u0e27\u0e2b\u0e23\u0e37\u0e2d\u0e2d\u0e35\u0e40\u0e21\u0e25 \u0e41\u0e25\u0e30\u0e2d\u0e32\u0e08\u0e43\u0e0a\u0e49\u0e04\u0e38\u0e01\u0e01\u0e35\u0e49\u0e40\u0e1e\u0e37\u0e48\u0e2d\u0e08\u0e14\u0e08\u0e33\u0e27\u0e48\u0e32\u0e04\u0e38\u0e13\u0e44\u0e14\u0e49\u0e25\u0e07\u0e17\u0e30\u0e40\u0e1a\u0e35\u0e22\u0e19\u0e41\u0e25\u0e49\u0e27\u0e2b\u0e23\u0e37\u0e2d\u0e44\u0e21\u0e48 \u0e41\u0e25\u0e30\u0e08\u0e30\u0e41\u0e2a\u0e14\u0e07\u0e01\u0e32\u0e23\u0e41\u0e08\u0e49\u0e07\u0e40\u0e15\u0e37\u0e2d\u0e19\u0e1a\u0e32\u0e07\u0e2d\u0e22\u0e48\u0e32\u0e07\u0e40\u0e09\u0e1e\u0e32\u0e30\u0e01\u0e31\u0e1a\u0e1c\u0e39\u0e49\u0e43\u0e0a\u0e49\u0e17\u0e35\u0e48\u0e2a\u0e21\u0e31\u0e04\u0e23\u0e23\u0e31\u0e1a\u0e02\u0e49\u0e2d\u0e21\u0e39\u0e25\/\u0e44\u0e21\u0e48\u0e44\u0e14\u0e49\u0e2a\u0e21\u0e31\u0e04\u0e23\u0e23\u0e31\u0e1a\u0e02\u0e49\u0e2d\u0e21\u0e39\u0e25\u0e40\u0e17\u0e48\u0e32\u0e19\u0e31\u0e49\u0e19<\/li>\n<\/ul>","protected":false},"excerpt":{"rendered":"<p>A sua privacidade \u00e9 importante para n\u00f3s. \u00c9 pol\u00edtica do Aplicativos Gr\u00e1tis respeitar a sua privacidade em rela\u00e7\u00e3o a qualquer informa\u00e7\u00e3o sua que possamos coletar no site Aplicativos Gr\u00e1tis, e outros sites que possu\u00edmos e operamos. Solicitamos informa\u00e7\u00f5es pessoais apenas quando realmente precisamos delas para lhe fornecer um servi\u00e7o. Fazemo-lo por meios justos e legais, [&hellip;]<\/p>\n","protected":false},"author":1,"featured_media":0,"parent":0,"menu_order":0,"comment_status":"closed","ping_status":"closed","template":"","meta":{"footnotes":""},"class_list":["post-170","page","type-page","status-publish"],"_links":{"self":[{"href":"https:\/\/aplicativosgratis.com\/th\/wp-json\/wp\/v2\/pages\/170","targetHints":{"allow":["GET"]}}],"collection":[{"href":"https:\/\/aplicativosgratis.com\/th\/wp-json\/wp\/v2\/pages"}],"about":[{"href":"https:\/\/aplicativosgratis.com\/th\/wp-json\/wp\/v2\/types\/page"}],"author":[{"embeddable":true,"href":"https:\/\/aplicativosgratis.com\/th\/wp-json\/wp\/v2\/users\/1"}],"replies":[{"embeddable":true,"href":"https:\/\/aplicativosgratis.com\/th\/wp-json\/wp\/v2\/comments?post=170"}],"version-history":[{"count":2,"href":"https:\/\/aplicativosgratis.com\/th\/wp-json\/wp\/v2\/pages\/170\/revisions"}],"predecessor-version":[{"id":339,"href":"https:\/\/aplicativosgratis.com\/th\/wp-json\/wp\/v2\/pages\/170\/revisions\/339"}],"wp:attachment":[{"href":"https:\/\/aplicativosgratis.com\/th\/wp-json\/wp\/v2\/media?parent=170"}],"curies":[{"name":"\u0e14\u0e31\u0e1a\u0e40\u0e1a\u0e34\u0e25\u0e22\u0e39\u0e1e\u0e35","href":"https:\/\/api.w.org\/{rel}","templated":true}]}}