{"id":174,"date":"2024-04-30T06:04:28","date_gmt":"2024-04-30T06:04:28","guid":{"rendered":"https:\/\/aplicativosgratis.com\/?page_id=174"},"modified":"2024-05-07T22:21:37","modified_gmt":"2024-05-07T22:21:37","slug":"villkor","status":"publish","type":"page","link":"https:\/\/aplicativosgratis.com\/sv\/termos-de-uso\/","title":{"rendered":"Villkor"},"content":{"rendered":"<p>Genom att g\u00e5 in p\u00e5 Free Apps-webbplatsen samtycker du till att vara bunden av dessa anv\u00e4ndarvillkor, alla till\u00e4mpliga lagar och f\u00f6rordningar, och erk\u00e4nner att du \u00e4r ansvarig f\u00f6r att f\u00f6lja till\u00e4mpliga lokala lagar. Om du inte godk\u00e4nner n\u00e5gon av dessa villkor \u00e4r du f\u00f6rbjuden att anv\u00e4nda eller komma \u00e5t denna webbplats. Materialet p\u00e5 denna webbplats \u00e4r skyddat av till\u00e4mplig upphovsr\u00e4tt och varum\u00e4rkeslagar.<\/p>\n\n\n\n<ol class=\"wp-block-list\" start=\"2\">\n<li><strong>Licensanv\u00e4ndning<\/strong><\/li>\n<\/ol>\n\n\n\n<p>Till\u00e5telse ges att tillf\u00e4lligt ladda ner en kopia av materialet (information eller programvara) p\u00e5 Free Apps webbplats endast f\u00f6r personlig, icke-kommersiell tillf\u00e4llig visning. Detta \u00e4r en licens att anv\u00e4nda, inte en \u00f6verf\u00f6ring av titel, och under denna licens samtycker du till att inte:<\/p>\n\n\n\n<ul class=\"wp-block-list\">\n<li>\u00e4ndra eller kopiera materialet;<\/li>\n\n\n\n<li>anv\u00e4nda materialet f\u00f6r n\u00e5got kommersiellt syfte eller f\u00f6r offentlig visning (kommersiell eller icke-kommersiell);<\/li>\n\n\n\n<li>f\u00f6rs\u00f6k att dekompilera eller bak\u00e5tkonstruera n\u00e5gon programvara som finns p\u00e5 webbplatsen f\u00f6r Free Applications;<\/li>\n\n\n\n<li>ta bort all upphovsr\u00e4tt eller andra \u00e4gander\u00e4ttsbeteckningar fr\u00e5n materialet; eller<\/li>\n\n\n\n<li>\u00f6verf\u00f6ra materialet till en annan person eller &quot;spegla&quot; materialet p\u00e5 n\u00e5gon annan server. Denna licens upph\u00f6r automatiskt om du bryter mot n\u00e5gon av dessa begr\u00e4nsningar och kan s\u00e4gas upp av gratisappar n\u00e4r som helst. N\u00e4r du avslutar din visning av detta material eller vid upps\u00e4gning av denna licens m\u00e5ste du radera allt nedladdat material i din \u00e4go, oavsett om det \u00e4r i elektroniskt eller tryckt format.<\/li>\n<\/ul>\n\n\n\n<ol class=\"wp-block-list\" start=\"3\">\n<li><strong>varning<\/strong><\/li>\n<\/ol>\n\n\n\n<p>Materialet p\u00e5 Free Apps-webbplatsen tillhandah\u00e5lls &quot;i befintligt skick&quot;. Free Apps l\u00e4mnar inga garantier, vare sig uttryckliga eller underf\u00f6rst\u00e5dda, och fr\u00e5ns\u00e4ger sig och f\u00f6rnekar h\u00e4rmed alla andra garantier, inklusive, utan begr\u00e4nsning, underf\u00f6rst\u00e5dda garantier eller villkor f\u00f6r s\u00e4ljbarhet, l\u00e4mplighet f\u00f6r ett visst \u00e4ndam\u00e5l eller icke-intr\u00e5ng i immateriell egendom eller annan kr\u00e4nkning av r\u00e4ttigheter. Vidare garanterar eller ger inte Free Apps n\u00e5gra utf\u00e4stelser om riktigheten, sannolika resultat eller tillf\u00f6rlitligheten av anv\u00e4ndningen av materialet p\u00e5 sin webbplats eller p\u00e5 annat s\u00e4tt relaterat till s\u00e5dant material eller p\u00e5 n\u00e5gra webbplatser som \u00e4r l\u00e4nkade till denna webbplats.<\/p>\n\n\n\n<ol class=\"wp-block-list\" start=\"4\">\n<li><strong>Begr\u00e4nsningar<\/strong><\/li>\n<\/ol>\n\n\n\n<p>Under inga omst\u00e4ndigheter ska Free Apps eller dess leverant\u00f6rer h\u00e5llas ansvariga f\u00f6r n\u00e5gra skador (inklusive, utan begr\u00e4nsning, skador f\u00f6r f\u00f6rlust av data eller vinst, eller p\u00e5 grund av aff\u00e4rsavbrott) som uppst\u00e5r till f\u00f6ljd av anv\u00e4ndning eller of\u00f6rm\u00e5ga att anv\u00e4nda materialet p\u00e5 Free Apps , \u00e4ven om Free Apps eller en auktoriserad Free Apps-representant har underr\u00e4ttats muntligt eller skriftligt om m\u00f6jligheten till s\u00e5dan skada. Eftersom vissa jurisdiktioner inte till\u00e5ter begr\u00e4nsningar av underf\u00f6rst\u00e5dda garantier, eller begr\u00e4nsningar av ansvar f\u00f6r f\u00f6ljdskador eller of\u00f6rutsedda skador, kanske dessa begr\u00e4nsningar inte g\u00e4ller dig.<\/p>\n\n\n\n<ol class=\"wp-block-list\" start=\"5\">\n<li><strong>Materialens precision<\/strong><\/li>\n<\/ol>\n\n\n\n<p>Materialet som visas p\u00e5 Free Apps-webbplatsen kan inneh\u00e5lla tekniska, typografiska eller fotografiska fel. Free Apps garanterar inte att n\u00e5got material p\u00e5 dess webbplats \u00e4r korrekt, komplett eller aktuellt. Gratisappar kan g\u00f6ra \u00e4ndringar i materialet som finns p\u00e5 dess webbplats n\u00e4r som helst utan f\u00f6reg\u00e5ende meddelande. Free Apps f\u00f6rbinder sig dock inte att uppdatera materialet.<\/p>\n\n\n\n<ol class=\"wp-block-list\" start=\"6\">\n<li><strong>L\u00e4nkar<\/strong><\/li>\n<\/ol>\n\n\n\n<p>Free Applications har inte granskat alla webbplatser som \u00e4r l\u00e4nkade till dess webbplats och \u00e4r inte ansvarig f\u00f6r inneh\u00e5llet p\u00e5 n\u00e5gon l\u00e4nkad webbplats. Inkluderandet av n\u00e5gon l\u00e4nk inneb\u00e4r inte att gratisapplikationer st\u00f6der webbplatsen. Anv\u00e4ndning av n\u00e5gon l\u00e4nkad webbplats sker p\u00e5 anv\u00e4ndarens egen risk.<\/p>\n\n\n\n<p><strong>\u00c4ndringar<\/strong><\/p>\n\n\n\n<p>Gratisapplikationer kan n\u00e4r som helst \u00e4ndra dessa anv\u00e4ndarvillkor f\u00f6r sin webbplats utan f\u00f6reg\u00e5ende meddelande. Genom att anv\u00e4nda denna webbplats samtycker du till att vara bunden av den aktuella versionen av dessa anv\u00e4ndarvillkor.<\/p>\n\n\n\n<p><strong>Till\u00e4mplig lag<\/strong><\/p>\n\n\n\n<p>Dessa villkor styrs av och tolkas i enlighet med lagarna f\u00f6r gratisappar, och du underkastar dig o\u00e5terkalleligen den exklusiva jurisdiktionen f\u00f6r domstolarna i den staten eller platsen.<\/p>","protected":false},"excerpt":{"rendered":"<p>Ao acessar o site Aplicativos Gr\u00e1tis, voc\u00ea concorda em cumprir estes termos de servi\u00e7o, todas as leis e regulamentos aplic\u00e1veis, e reconhece que \u00e9 respons\u00e1vel pelo cumprimento de todas as leis locais aplic\u00e1veis. Se voc\u00ea n\u00e3o concordar com algum desses termos, est\u00e1 proibido de usar ou acessar este site. Os materiais contidos neste site est\u00e3o [&hellip;]<\/p>\n","protected":false},"author":1,"featured_media":0,"parent":0,"menu_order":0,"comment_status":"closed","ping_status":"closed","template":"","meta":{"footnotes":""},"class_list":["post-174","page","type-page","status-publish"],"_links":{"self":[{"href":"https:\/\/aplicativosgratis.com\/sv\/wp-json\/wp\/v2\/pages\/174","targetHints":{"allow":["GET"]}}],"collection":[{"href":"https:\/\/aplicativosgratis.com\/sv\/wp-json\/wp\/v2\/pages"}],"about":[{"href":"https:\/\/aplicativosgratis.com\/sv\/wp-json\/wp\/v2\/types\/page"}],"author":[{"embeddable":true,"href":"https:\/\/aplicativosgratis.com\/sv\/wp-json\/wp\/v2\/users\/1"}],"replies":[{"embeddable":true,"href":"https:\/\/aplicativosgratis.com\/sv\/wp-json\/wp\/v2\/comments?post=174"}],"version-history":[{"count":2,"href":"https:\/\/aplicativosgratis.com\/sv\/wp-json\/wp\/v2\/pages\/174\/revisions"}],"predecessor-version":[{"id":340,"href":"https:\/\/aplicativosgratis.com\/sv\/wp-json\/wp\/v2\/pages\/174\/revisions\/340"}],"wp:attachment":[{"href":"https:\/\/aplicativosgratis.com\/sv\/wp-json\/wp\/v2\/media?parent=174"}],"curies":[{"name":"wp","href":"https:\/\/api.w.org\/{rel}","templated":true}]}}