{"id":174,"date":"2024-04-30T06:04:28","date_gmt":"2024-04-30T06:04:28","guid":{"rendered":"https:\/\/aplicativosgratis.com\/?page_id=174"},"modified":"2024-05-07T22:21:37","modified_gmt":"2024-05-07T22:21:37","slug":"pogoji-uporabe","status":"publish","type":"page","link":"https:\/\/aplicativosgratis.com\/sl\/termos-de-uso\/","title":{"rendered":"Pogoji uporabe"},"content":{"rendered":"<p>Z dostopom do spletnega mesta Free Apps se strinjate, da vas zavezujejo ti pogoji storitve, vsi veljavni zakoni in predpisi ter potrjujete, da ste odgovorni za skladnost z morebitnimi veljavnimi lokalnimi zakoni. \u010ce se ne strinjate s katerim od teh pogojev, vam je prepovedana uporaba ali dostop do tega mesta. Gradivo na tem spletnem mestu je za\u0161\u010diteno z veljavno zakonodajo o avtorskih pravicah in blagovnih znamkah.<\/p>\n\n\n\n<ol class=\"wp-block-list\" start=\"2\">\n<li><strong>Uporaba licence<\/strong><\/li>\n<\/ol>\n\n\n\n<p>Dovoljeno je za\u010dasno prenesti eno kopijo gradiva (informacij ali programske opreme) na spletno mesto Free Apps samo za osebno, nekomercialno prehodno ogledovanje. To je licenca za uporabo, ne prenos lastni\u0161tva, in v skladu s to licenco se strinjate, da ne boste:<\/p>\n\n\n\n<ul class=\"wp-block-list\">\n<li>spreminjati ali kopirati materiale;<\/li>\n\n\n\n<li>uporabljati materiale za kakr\u0161ne koli komercialne namene ali za javno prikazovanje (komercialno ali nekomercialno);<\/li>\n\n\n\n<li>poskus dekompilacije ali obratnega in\u017eeniringa katere koli programske opreme, ki je na spletnem mestu Free Applications;<\/li>\n\n\n\n<li>odstraniti morebitne avtorske ali druge lastni\u0161ke oznake iz materialov; oz<\/li>\n\n\n\n<li>prenesti materiale na drugo osebo ali &quot;zrcaliti&quot; materiale na katerem koli drugem stre\u017eniku. Ta licenca samodejno preneha veljati, \u010de prekr\u0161ite katero koli od teh omejitev, brezpla\u010dne aplikacije pa jo lahko kadar koli prekinejo. Po prekinitvi ogledovanja teh gradiv ali po prekinitvi te licence morate izbrisati vsa prenesena gradiva, ki jih imate v elektronski ali tiskani obliki.<\/li>\n<\/ul>\n\n\n\n<ol class=\"wp-block-list\" start=\"3\">\n<li><strong>Zavrnitev odgovornosti<\/strong><\/li>\n<\/ol>\n\n\n\n<p>Gradiva na spletnem mestu Free Apps so na voljo \u00bbtak\u0161na, kot so\u00ab. Free Apps ne daje nobenih jamstev, izrecnih ali implicitnih, in s tem zavra\u010da in zanika vsa druga jamstva, vklju\u010dno, brez omejitev, implicitnih jamstev ali pogojev tr\u017enosti, primernosti za dolo\u010den namen ali nekr\u0161itve intelektualne lastnine ali druge kr\u0161itve pravic. Poleg tega Free Apps ne jam\u010di ali daje nobenih izjav v zvezi s to\u010dnostjo, verjetnimi rezultati ali zanesljivostjo uporabe materialov na svojem spletnem mestu ali druga\u010de povezanih s tak\u0161nimi materiali ali na katerem koli mestu, povezanem s tem mestom.<\/p>\n\n\n\n<ol class=\"wp-block-list\" start=\"4\">\n<li><strong>Omejitve<\/strong><\/li>\n<\/ol>\n\n\n\n<p>Brezpla\u010dne aplikacije ali njeni dobavitelji v nobenem primeru niso odgovorni za kakr\u0161no koli \u0161kodo (vklju\u010dno z, neomejeno, \u0161kodo zaradi izgube podatkov ali dobi\u010dka ali zaradi prekinitve poslovanja), ki izhaja iz uporabe ali nezmo\u017enosti uporabe materialov na brezpla\u010dnih aplikacijah, tudi \u010de je bil Free Apps ali poobla\u0161\u010deni predstavnik Free Apps ustno ali pisno obve\u0161\u010den o mo\u017enosti tak\u0161ne \u0161kode. Ker nekatere jurisdikcije ne dovoljujejo omejitev implicitnih jamstev ali omejitev odgovornosti za posledi\u010dno ali naklju\u010dno \u0161kodo, te omejitve morda ne veljajo za vas.<\/p>\n\n\n\n<ol class=\"wp-block-list\" start=\"5\">\n<li><strong>Natan\u010dnost materialov<\/strong><\/li>\n<\/ol>\n\n\n\n<p>Gradivo, ki se pojavlja na spletnem mestu Free Apps, lahko vklju\u010duje tehni\u010dne, tipkarske ali fotografske napake. Brezpla\u010dne aplikacije ne jam\u010dijo, da so materiali na njihovi spletni strani to\u010dni, popolni ali aktualni. Brezpla\u010dne aplikacije lahko kadar koli brez predhodnega obvestila spremenijo gradivo na svojem spletnem mestu. Vendar se Free Apps ne zavezuje, da bo posodabljal materiale.<\/p>\n\n\n\n<ol class=\"wp-block-list\" start=\"6\">\n<li><strong>Povezave<\/strong><\/li>\n<\/ol>\n\n\n\n<p>Free Applications ni pregledal vseh spletnih mest, povezanih s svojim spletnim mestom, in ni odgovoren za vsebino katerega koli povezanega spletnega mesta. Vklju\u010ditev katere koli povezave ne pomeni odobritve brezpla\u010dnih aplikacij spletnega mesta. Uporaba katere koli povezane strani je na lastno odgovornost uporabnika.<\/p>\n\n\n\n<p><strong>Spremembe<\/strong><\/p>\n\n\n\n<p>Brezpla\u010dne aplikacije lahko te pogoje storitve za svoje spletno mesto kadar koli spremenijo brez predhodnega obvestila. Z uporabo te spletne strani se strinjate, da vas zavezuje trenutna razli\u010dica teh pogojev storitve.<\/p>\n\n\n\n<p><strong>Veljavno pravo<\/strong><\/p>\n\n\n\n<p>Ta dolo\u010dila in pogoji so urejeni in razlo\u017eeni v skladu z zakoni o brezpla\u010dnih aplikacijah, vi pa se nepreklicno podrejate izklju\u010dni pristojnosti sodi\u0161\u010d v tej dr\u017eavi ali na tej lokaciji.<\/p>","protected":false},"excerpt":{"rendered":"<p>Ao acessar o site Aplicativos Gr\u00e1tis, voc\u00ea concorda em cumprir estes termos de servi\u00e7o, todas as leis e regulamentos aplic\u00e1veis, e reconhece que \u00e9 respons\u00e1vel pelo cumprimento de todas as leis locais aplic\u00e1veis. Se voc\u00ea n\u00e3o concordar com algum desses termos, est\u00e1 proibido de usar ou acessar este site. Os materiais contidos neste site est\u00e3o [&hellip;]<\/p>\n","protected":false},"author":1,"featured_media":0,"parent":0,"menu_order":0,"comment_status":"closed","ping_status":"closed","template":"","meta":{"footnotes":""},"class_list":["post-174","page","type-page","status-publish"],"_links":{"self":[{"href":"https:\/\/aplicativosgratis.com\/sl\/wp-json\/wp\/v2\/pages\/174","targetHints":{"allow":["GET"]}}],"collection":[{"href":"https:\/\/aplicativosgratis.com\/sl\/wp-json\/wp\/v2\/pages"}],"about":[{"href":"https:\/\/aplicativosgratis.com\/sl\/wp-json\/wp\/v2\/types\/page"}],"author":[{"embeddable":true,"href":"https:\/\/aplicativosgratis.com\/sl\/wp-json\/wp\/v2\/users\/1"}],"replies":[{"embeddable":true,"href":"https:\/\/aplicativosgratis.com\/sl\/wp-json\/wp\/v2\/comments?post=174"}],"version-history":[{"count":2,"href":"https:\/\/aplicativosgratis.com\/sl\/wp-json\/wp\/v2\/pages\/174\/revisions"}],"predecessor-version":[{"id":340,"href":"https:\/\/aplicativosgratis.com\/sl\/wp-json\/wp\/v2\/pages\/174\/revisions\/340"}],"wp:attachment":[{"href":"https:\/\/aplicativosgratis.com\/sl\/wp-json\/wp\/v2\/media?parent=174"}],"curies":[{"name":"delovni list","href":"https:\/\/api.w.org\/{rel}","templated":true}]}}