{"id":174,"date":"2024-04-30T06:04:28","date_gmt":"2024-04-30T06:04:28","guid":{"rendered":"https:\/\/aplicativosgratis.com\/?page_id=174"},"modified":"2024-05-07T22:21:37","modified_gmt":"2024-05-07T22:21:37","slug":"termeni-de-utilizare","status":"publish","type":"page","link":"https:\/\/aplicativosgratis.com\/ro\/termos-de-uso\/","title":{"rendered":"Termeni de utilizare"},"content":{"rendered":"<p>Acces\u00e2nd site-ul web Free Apps, sunte\u021bi de acord s\u0103 respecta\u021bi ace\u0219ti termeni \u0219i condi\u021bii, toate legile \u0219i reglement\u0103rile aplicabile \u0219i recunoa\u0219te\u021bi c\u0103 sunte\u021bi responsabil pentru respectarea oric\u0103ror legi locale aplicabile. Dac\u0103 nu sunte\u021bi de acord cu niciunul dintre ace\u0219ti termeni, vi se interzice utilizarea sau accesarea acestui site. Materialele con\u021binute \u00een acest site sunt protejate de legile aplicabile privind drepturile de autor \u0219i m\u0103rcile comerciale.<\/p>\n\n\n\n<ol class=\"wp-block-list\" start=\"2\">\n<li><strong>Utilizarea licen\u021bei<\/strong><\/li>\n<\/ol>\n\n\n\n<p>Se acord\u0103 permisiunea de a desc\u0103rca temporar o copie a materialelor (informa\u021bii sau software) de pe site-ul Free Apps numai pentru vizionare personal\u0103, necomercial\u0103, tranzitorie. Aceasta este o licen\u021b\u0103 de utilizare, nu un transfer de titlu, iar \u00een baza acestei licen\u021be sunte\u021bi de acord s\u0103 nu:<\/p>\n\n\n\n<ul class=\"wp-block-list\">\n<li>modifica sau copia materialele;<\/li>\n\n\n\n<li>utiliza\u021bi materialele \u00een orice scop comercial sau pentru afi\u0219are public\u0103 (comerciale sau necomerciale);<\/li>\n\n\n\n<li>\u00eencercarea de a decompila sau de a face inginerie invers\u0103 a oric\u0103rui software con\u021binut pe site-ul web de aplica\u021bii gratuite;<\/li>\n\n\n\n<li>elimina orice drepturi de autor sau alte nota\u021bii de proprietate din materiale; sau<\/li>\n\n\n\n<li>transfera\u021bi materialele unei alte persoane sau \u201eoglindi\u021bi\u201d materialele pe orice alt server. Aceast\u0103 licen\u021b\u0103 se va rezilia automat dac\u0103 \u00eenc\u0103lca\u021bi oricare dintre aceste restric\u021bii \u0219i poate fi reziliat\u0103 de Aplica\u021bii gratuite \u00een orice moment. La \u00eencetarea vizualiz\u0103rii acestor materiale sau la \u00eencetarea acestei licen\u021be, trebuie s\u0103 \u0219terge\u021bi orice materiale desc\u0103rcate \u00een posesia dumneavoastr\u0103, fie \u00een format electronic sau tip\u0103rit.<\/li>\n<\/ul>\n\n\n\n<ol class=\"wp-block-list\" start=\"3\">\n<li><strong>Disclaimer<\/strong><\/li>\n<\/ol>\n\n\n\n<p>Materialele de pe site-ul web Free Apps sunt furnizate \u201eca atare\u201d. Free Apps nu ofer\u0103 garan\u021bii, exprese sau implicite \u0219i, prin prezenta, declin\u0103 \u0219i neag\u0103 toate celelalte garan\u021bii, inclusiv, f\u0103r\u0103 limitare, garan\u021bii sau condi\u021bii implicite de vandabilitate, potrivire pentru un anumit scop sau ne\u00eenc\u0103lcare a propriet\u0103\u021bii intelectuale sau alte \u00eenc\u0103lc\u0103ri ale drepturilor. \u00cen plus, Free Apps nu garanteaz\u0103 \u0219i nu face nicio declara\u021bie cu privire la acurate\u021bea, rezultatele probabile sau fiabilitatea utiliz\u0103rii materialelor de pe site-ul s\u0103u web sau \u00een leg\u0103tur\u0103 cu astfel de materiale sau pe orice site-uri legate de acest site.<\/p>\n\n\n\n<ol class=\"wp-block-list\" start=\"4\">\n<li><strong>Limit\u0103ri<\/strong><\/li>\n<\/ol>\n\n\n\n<p>\u00cen niciun caz, Free Apps sau furnizorii s\u0103i nu vor fi r\u0103spunz\u0103tori pentru orice daune (inclusiv, f\u0103r\u0103 limitare, daune pentru pierderea de date sau profit, sau din cauza \u00eentreruperii activit\u0103\u021bii) care decurg din utilizarea sau incapacitatea de a utiliza materialele din Free Apps, chiar \u0219i dac\u0103 Free Apps sau un reprezentant autorizat Free Apps a fost notificat verbal sau \u00een scris despre posibilitatea unei astfel de daune. Deoarece unele jurisdic\u021bii nu permit limit\u0103ri ale garan\u021biilor implicite sau limit\u0103ri ale r\u0103spunderii pentru daune consecutive sau incidentale, este posibil ca aceste limit\u0103ri s\u0103 nu se aplice \u00een cazul dumneavoastr\u0103.<\/p>\n\n\n\n<ol class=\"wp-block-list\" start=\"5\">\n<li><strong>Precizia materialelor<\/strong><\/li>\n<\/ol>\n\n\n\n<p>Materialele care apar pe site-ul Free Apps pot include erori tehnice, tipografice sau fotografice. Free Apps nu garanteaz\u0103 c\u0103 materialele de pe site-ul s\u0103u sunt exacte, complete sau actuale. Aplica\u021biile gratuite pot face modific\u0103ri materialelor con\u021binute pe site-ul s\u0103u web \u00een orice moment, f\u0103r\u0103 notificare. Cu toate acestea, Free Apps nu \u00ee\u0219i asum\u0103 niciun angajament de a actualiza materialele.<\/p>\n\n\n\n<ol class=\"wp-block-list\" start=\"6\">\n<li><strong>Leg\u0103turi<\/strong><\/li>\n<\/ol>\n\n\n\n<p>Free Applications nu a revizuit toate site-urile legate de site-ul s\u0103u \u0219i nu este responsabil pentru con\u021binutul niciunui site legat. Includerea oric\u0103rui link nu implic\u0103 aprobarea de c\u0103tre Aplica\u021bii gratuite a site-ului. Utilizarea oric\u0103rui site conectat este pe riscul propriu al utilizatorului.<\/p>\n\n\n\n<p><strong>Modific\u0103ri<\/strong><\/p>\n\n\n\n<p>Aplica\u021biile gratuite pot revizui ace\u0219ti termeni \u0219i condi\u021bii pentru site-ul s\u0103u web \u00een orice moment, f\u0103r\u0103 notificare. Prin utilizarea acestui site web, sunte\u021bi de acord s\u0103 respecta\u021bi versiunea actual\u0103 a acestor termeni \u0219i condi\u021bii.<\/p>\n\n\n\n<p><strong>Lege aplicabil\u0103<\/strong><\/p>\n\n\n\n<p>Ace\u0219ti termeni \u0219i condi\u021bii sunt guverna\u021bi \u0219i interpreta\u021bi \u00een conformitate cu legile aplica\u021biilor gratuite \u0219i v\u0103 supune\u021bi irevocabil jurisdic\u021biei exclusive a instan\u021belor din acel stat sau loca\u021bie.<\/p>","protected":false},"excerpt":{"rendered":"<p>Ao acessar o site Aplicativos Gr\u00e1tis, voc\u00ea concorda em cumprir estes termos de servi\u00e7o, todas as leis e regulamentos aplic\u00e1veis, e reconhece que \u00e9 respons\u00e1vel pelo cumprimento de todas as leis locais aplic\u00e1veis. Se voc\u00ea n\u00e3o concordar com algum desses termos, est\u00e1 proibido de usar ou acessar este site. Os materiais contidos neste site est\u00e3o [&hellip;]<\/p>\n","protected":false},"author":1,"featured_media":0,"parent":0,"menu_order":0,"comment_status":"closed","ping_status":"closed","template":"","meta":{"footnotes":""},"class_list":["post-174","page","type-page","status-publish"],"_links":{"self":[{"href":"https:\/\/aplicativosgratis.com\/ro\/wp-json\/wp\/v2\/pages\/174","targetHints":{"allow":["GET"]}}],"collection":[{"href":"https:\/\/aplicativosgratis.com\/ro\/wp-json\/wp\/v2\/pages"}],"about":[{"href":"https:\/\/aplicativosgratis.com\/ro\/wp-json\/wp\/v2\/types\/page"}],"author":[{"embeddable":true,"href":"https:\/\/aplicativosgratis.com\/ro\/wp-json\/wp\/v2\/users\/1"}],"replies":[{"embeddable":true,"href":"https:\/\/aplicativosgratis.com\/ro\/wp-json\/wp\/v2\/comments?post=174"}],"version-history":[{"count":2,"href":"https:\/\/aplicativosgratis.com\/ro\/wp-json\/wp\/v2\/pages\/174\/revisions"}],"predecessor-version":[{"id":340,"href":"https:\/\/aplicativosgratis.com\/ro\/wp-json\/wp\/v2\/pages\/174\/revisions\/340"}],"wp:attachment":[{"href":"https:\/\/aplicativosgratis.com\/ro\/wp-json\/wp\/v2\/media?parent=174"}],"curies":[{"name":"wp","href":"https:\/\/api.w.org\/{rel}","templated":true}]}}