{"id":174,"date":"2024-04-30T06:04:28","date_gmt":"2024-04-30T06:04:28","guid":{"rendered":"https:\/\/aplicativosgratis.com\/?page_id=174"},"modified":"2024-05-07T22:21:37","modified_gmt":"2024-05-07T22:21:37","slug":"warunki-korzystania","status":"publish","type":"page","link":"https:\/\/aplicativosgratis.com\/pl\/termos-de-uso\/","title":{"rendered":"Warunki korzystania"},"content":{"rendered":"<p>Wchodz\u0105c na witryn\u0119 bezp\u0142atnych aplikacji, wyra\u017casz zgod\u0119 na przestrzeganie niniejszych warunk\u00f3w \u015bwiadczenia us\u0142ug, wszystkich obowi\u0105zuj\u0105cych przepis\u00f3w prawa i regulacji oraz potwierdzasz, \u017ce jeste\u015b odpowiedzialny za przestrzeganie wszelkich obowi\u0105zuj\u0105cych przepis\u00f3w lokalnych. Je\u015bli nie zgadzasz si\u0119 z kt\u00f3rymkolwiek z tych warunk\u00f3w, nie mo\u017cesz korzysta\u0107 z tej witryny ani uzyskiwa\u0107 do niej dost\u0119pu. Materia\u0142y zawarte w tej witrynie s\u0105 chronione obowi\u0105zuj\u0105cymi przepisami dotycz\u0105cymi praw autorskich i znak\u00f3w towarowych.<\/p>\n\n\n\n<ol class=\"wp-block-list\" start=\"2\">\n<li><strong>Wykorzystanie licencji<\/strong><\/li>\n<\/ol>\n\n\n\n<p>Zezwala si\u0119 na tymczasowe pobranie jednej kopii materia\u0142\u00f3w (informacji lub oprogramowania) ze strony internetowej Free Apps wy\u0142\u0105cznie do osobistego, niekomercyjnego, tymczasowego przegl\u0105dania. Jest to licencja na u\u017cytkowanie, a nie przeniesienie tytu\u0142u i zgodnie z ni\u0105 zgadzasz si\u0119 nie:<\/p>\n\n\n\n<ul class=\"wp-block-list\">\n<li>modyfikowa\u0107 lub kopiowa\u0107 materia\u0142y;<\/li>\n\n\n\n<li>wykorzystywa\u0107 materia\u0142\u00f3w do cel\u00f3w komercyjnych lub do publicznego wy\u015bwietlania (komercyjnego lub niekomercyjnego);<\/li>\n\n\n\n<li>podejmowa\u0107 pr\u00f3b dekompilacji lub in\u017cynierii wstecznej jakiegokolwiek oprogramowania zawartego w witrynie bezp\u0142atnych aplikacji;<\/li>\n\n\n\n<li>usuwa\u0107 z materia\u0142\u00f3w wszelkie oznaczenia dotycz\u0105ce praw autorskich lub innych praw w\u0142asno\u015bci; Lub<\/li>\n\n\n\n<li>przekaza\u0107 materia\u0142y innej osobie lub \u201eodzwierciedli\u0107\u201d materia\u0142y na innym serwerze. Niniejsza licencja wygasa automatycznie w przypadku naruszenia kt\u00f3regokolwiek z tych ogranicze\u0144 i mo\u017ce zosta\u0107 wypowiedziana przez bezp\u0142atne aplikacje w dowolnym momencie. Po zako\u0144czeniu przegl\u0105dania tych materia\u0142\u00f3w lub wyga\u015bni\u0119ciu niniejszej licencji nale\u017cy usun\u0105\u0107 wszelkie pobrane materia\u0142y znajduj\u0105ce si\u0119 w posiadaniu, zar\u00f3wno w formacie elektronicznym, jak i drukowanym.<\/li>\n<\/ul>\n\n\n\n<ol class=\"wp-block-list\" start=\"3\">\n<li><strong>Zastrze\u017cenie<\/strong><\/li>\n<\/ol>\n\n\n\n<p>Materia\u0142y znajduj\u0105ce si\u0119 w witrynie bezp\u0142atnych aplikacji s\u0105 dostarczane w stanie \u201etakim, jakim s\u0105\u201d. Free Apps nie udziela \u017cadnych gwarancji, wyra\u017anych ani dorozumianych, i niniejszym zrzeka si\u0119 i neguje wszelkie inne gwarancje, w tym mi\u0119dzy innymi dorozumiane gwarancje lub warunki przydatno\u015bci handlowej, przydatno\u015bci do okre\u015blonego celu lub nienaruszania w\u0142asno\u015bci intelektualnej lub innego naruszenia praw. Ponadto Free Apps nie gwarantuje ani nie sk\u0142ada \u017cadnych o\u015bwiadcze\u0144 dotycz\u0105cych dok\u0142adno\u015bci, prawdopodobnych wynik\u00f3w lub wiarygodno\u015bci wykorzystania materia\u0142\u00f3w znajduj\u0105cych si\u0119 w jej witrynie internetowej lub w inny spos\u00f3b zwi\u0105zanych z takimi materia\u0142ami lub w witrynach powi\u0105zanych z t\u0105 witryn\u0105.<\/p>\n\n\n\n<ol class=\"wp-block-list\" start=\"4\">\n<li><strong>Ograniczenia<\/strong><\/li>\n<\/ol>\n\n\n\n<p>W \u017cadnym przypadku Free Apps ani jej dostawcy nie ponosz\u0105 odpowiedzialno\u015bci za jakiekolwiek szkody (w tym, bez ogranicze\u0144, szkody z tytu\u0142u utraty danych lub zysk\u00f3w lub spowodowane przerw\u0105 w dzia\u0142alno\u015bci) powsta\u0142e w wyniku u\u017cycia lub niemo\u017cno\u015bci wykorzystania materia\u0142\u00f3w w bezp\u0142atnych aplikacjach, nawet je\u017celi Bezp\u0142atne Aplikacje lub autoryzowany przedstawiciel Bezp\u0142atnych Aplikacji zostali ustnie lub pisemnie powiadomieni o mo\u017cliwo\u015bci wyst\u0105pienia takich szk\u00f3d. Poniewa\u017c niekt\u00f3re jurysdykcje nie zezwalaj\u0105 na ograniczenia dorozumianych gwarancji lub ograniczenia odpowiedzialno\u015bci za szkody wt\u00f3rne lub przypadkowe, ograniczenia te mog\u0105 nie mie\u0107 zastosowania w Twoim przypadku.<\/p>\n\n\n\n<ol class=\"wp-block-list\" start=\"5\">\n<li><strong>Precyzja materia\u0142\u00f3w<\/strong><\/li>\n<\/ol>\n\n\n\n<p>Materia\u0142y pojawiaj\u0105ce si\u0119 w witrynie bezp\u0142atnych aplikacji mog\u0105 zawiera\u0107 b\u0142\u0119dy techniczne, typograficzne lub fotograficzne. Free Apps nie gwarantuje, \u017ce jakiekolwiek materia\u0142y znajduj\u0105ce si\u0119 na jej stronie internetowej s\u0105 dok\u0142adne, kompletne i aktualne. Free Apps mo\u017ce w ka\u017cdej chwili i bez uprzedzenia wprowadza\u0107 zmiany w materia\u0142ach zawartych na swojej stronie internetowej. Jednak\u017ce Free Apps nie zobowi\u0105zuje si\u0119 do aktualizacji materia\u0142\u00f3w.<\/p>\n\n\n\n<ol class=\"wp-block-list\" start=\"6\">\n<li><strong>Spinki do mankiet\u00f3w<\/strong><\/li>\n<\/ol>\n\n\n\n<p>Firma Free Applications nie sprawdzi\u0142a wszystkich witryn, do kt\u00f3rych prowadz\u0105 linki, i nie ponosi odpowiedzialno\u015bci za zawarto\u015b\u0107 witryn, do kt\u00f3rych prowadz\u0105 linki. Zamieszczenie jakiegokolwiek \u0142\u0105cza nie oznacza poparcia witryny przez bezp\u0142atne aplikacje. Korzystanie z jakiejkolwiek witryny, do kt\u00f3rej prowadz\u0105 linki, odbywa si\u0119 na w\u0142asne ryzyko u\u017cytkownika.<\/p>\n\n\n\n<p><strong>Modyfikacje<\/strong><\/p>\n\n\n\n<p>Free Applications mo\u017ce zmieni\u0107 niniejsze warunki \u015bwiadczenia us\u0142ug na swojej stronie internetowej w dowolnym momencie i bez uprzedzenia. Korzystaj\u0105c z tej witryny, wyra\u017casz zgod\u0119 na obowi\u0105zuj\u0105c\u0105 wersj\u0119 niniejszych warunk\u00f3w \u015bwiadczenia us\u0142ug.<\/p>\n\n\n\n<p><strong>Obowi\u0105zuj\u0105ce prawo<\/strong><\/p>\n\n\n\n<p>Niniejsze warunki podlegaj\u0105 przepisom prawa dotycz\u0105cym bezp\u0142atnych aplikacji i s\u0105 zgodnie z nimi interpretowane, a u\u017cytkownik nieodwo\u0142alnie poddaje si\u0119 wy\u0142\u0105cznej jurysdykcji s\u0105d\u00f3w w tym stanie lub lokalizacji.<\/p>","protected":false},"excerpt":{"rendered":"<p>Ao acessar o site Aplicativos Gr\u00e1tis, voc\u00ea concorda em cumprir estes termos de servi\u00e7o, todas as leis e regulamentos aplic\u00e1veis, e reconhece que \u00e9 respons\u00e1vel pelo cumprimento de todas as leis locais aplic\u00e1veis. Se voc\u00ea n\u00e3o concordar com algum desses termos, est\u00e1 proibido de usar ou acessar este site. Os materiais contidos neste site est\u00e3o [&hellip;]<\/p>\n","protected":false},"author":1,"featured_media":0,"parent":0,"menu_order":0,"comment_status":"closed","ping_status":"closed","template":"","meta":{"footnotes":""},"class_list":["post-174","page","type-page","status-publish"],"_links":{"self":[{"href":"https:\/\/aplicativosgratis.com\/pl\/wp-json\/wp\/v2\/pages\/174","targetHints":{"allow":["GET"]}}],"collection":[{"href":"https:\/\/aplicativosgratis.com\/pl\/wp-json\/wp\/v2\/pages"}],"about":[{"href":"https:\/\/aplicativosgratis.com\/pl\/wp-json\/wp\/v2\/types\/page"}],"author":[{"embeddable":true,"href":"https:\/\/aplicativosgratis.com\/pl\/wp-json\/wp\/v2\/users\/1"}],"replies":[{"embeddable":true,"href":"https:\/\/aplicativosgratis.com\/pl\/wp-json\/wp\/v2\/comments?post=174"}],"version-history":[{"count":2,"href":"https:\/\/aplicativosgratis.com\/pl\/wp-json\/wp\/v2\/pages\/174\/revisions"}],"predecessor-version":[{"id":340,"href":"https:\/\/aplicativosgratis.com\/pl\/wp-json\/wp\/v2\/pages\/174\/revisions\/340"}],"wp:attachment":[{"href":"https:\/\/aplicativosgratis.com\/pl\/wp-json\/wp\/v2\/media?parent=174"}],"curies":[{"name":"wp","href":"https:\/\/api.w.org\/{rel}","templated":true}]}}