{"id":170,"date":"2024-04-30T06:02:53","date_gmt":"2024-04-30T06:02:53","guid":{"rendered":"https:\/\/aplicativosgratis.com\/?page_id=170"},"modified":"2024-05-07T22:21:16","modified_gmt":"2024-05-07T22:21:16","slug":"%ea%b0%9c%ec%9d%b8-%ec%a0%95%eb%b3%b4-%ec%a0%95%ec%b1%85","status":"publish","type":"page","link":"https:\/\/aplicativosgratis.com\/ko\/politica-de-privacidade\/","title":{"rendered":"\uac1c\uc778 \uc815\ubcf4 \uc815\ucc45"},"content":{"rendered":"<p>\uadc0\ud558\uc758 \uac1c\uc778\uc815\ubcf4\ub294 \uc6b0\ub9ac\uc5d0\uac8c \uc911\uc694\ud569\ub2c8\ub2e4. \ubb34\ub8cc \uc751\uc6a9 \ud504\ub85c\uadf8\ub7a8 \uc6f9 \uc0ac\uc774\ud2b8 \ubc0f \ub2f9\uc0ac\uac00 \uc18c\uc720\ud558\uace0 \uc6b4\uc601\ud558\ub294 \uae30\ud0c0 \uc0ac\uc774\ud2b8\uc5d0\uc11c \uadc0\ud558\ub85c\ubd80\ud130 \uc218\uc9d1\ud560 \uc218 \uc788\ub294 \ubaa8\ub4e0 \uc815\ubcf4\uc640 \uad00\ub828\ud558\uc5ec \uadc0\ud558\uc758 \uac1c\uc778 \uc815\ubcf4\ub97c \uc874\uc911\ud558\ub294 \uac83\uc774 \ubb34\ub8cc \uc751\uc6a9 \ud504\ub85c\uadf8\ub7a8\uc758 \uc815\ucc45\uc785\ub2c8\ub2e4. \ub2f9\uc0ac\ub294 \uadc0\ud558\uc5d0\uac8c \uc11c\ube44\uc2a4\ub97c \uc81c\uacf5\ud558\uae30 \uc704\ud574 \uaf2d \ud544\uc694\ud55c \uacbd\uc6b0\uc5d0\ub9cc \uac1c\uc778\uc815\ubcf4\ub97c \uc694\uccad\ud569\ub2c8\ub2e4. \uc6b0\ub9ac\ub294 \uadc0\ud558\uc758 \uc9c0\uc2dd\uacfc \ub3d9\uc758\ub97c \ubc14\ud0d5\uc73c\ub85c \uacf5\uc815\ud558\uace0 \ud569\ubc95\uc801\uc778 \uc218\ub2e8\uc73c\ub85c \uc774\ub97c \uc218\ud589\ud569\ub2c8\ub2e4. \ub610\ud55c, \uc815\ubcf4\ub97c \uc218\uc9d1\ud558\ub294 \uc774\uc720\uc640 \uc0ac\uc6a9 \ubc29\ubc95\uc5d0 \ub300\ud574\uc11c\ub3c4 \uc54c\ub824\ub4dc\ub9bd\ub2c8\ub2e4. \ub2f9\uc0ac\ub294 \uc694\uccad\ub41c \uc11c\ube44\uc2a4\ub97c \uc81c\uacf5\ud558\ub294 \ub370 \ud544\uc694\ud55c \uae30\uac04 \ub3d9\uc548\ub9cc \uc218\uc9d1\ub41c \uc815\ubcf4\ub97c \ubcf4\uad00\ud569\ub2c8\ub2e4. \ub2f9\uc0ac\ub294 \ub370\uc774\ud130\ub97c \uc800\uc7a5\ud560 \ub54c \uc190\uc2e4\uacfc \ub3c4\ub09c\uc740 \ubb3c\ub860 \ubb34\ub2e8 \uc561\uc138\uc2a4, \uacf5\uac1c, \ubcf5\uc0ac, \uc0ac\uc6a9 \ub610\ub294 \uc218\uc815\uc744 \ubc29\uc9c0\ud558\uae30 \uc704\ud574 \uc0c1\uc5c5\uc801\uc73c\ub85c \ud5c8\uc6a9\ub418\ub294 \uc218\ub2e8\uc73c\ub85c \ub370\uc774\ud130\ub97c \ubcf4\ud638\ud569\ub2c8\ub2e4. \ub2f9\uc0ac\ub294 \ubc95\ub960\uc5d0\uc11c \uc694\uad6c\ud558\ub294 \uacbd\uc6b0\ub97c \uc81c\uc678\ud558\uace0 \uac1c\uc778 \uc2dd\ubcc4 \uc815\ubcf4\ub97c \uacf5\uac1c\uc801\uc73c\ub85c \ub610\ub294 \uc81c3\uc790\uc640 \uacf5\uc720\ud558\uc9c0 \uc54a\uc2b5\ub2c8\ub2e4. \ub2f9\uc0ac \uc6f9\uc0ac\uc774\ud2b8\uc5d0\ub294 \ub2f9\uc0ac\uac00 \uc6b4\uc601\ud558\uc9c0 \uc54a\ub294 \uc678\ubd80 \uc6f9\uc0ac\uc774\ud2b8\uc5d0 \ub300\ud55c \ub9c1\ud06c\uac00 \uc788\uc744 \uc218 \uc788\uc2b5\ub2c8\ub2e4. \ub2f9\uc0ac\ub294 \uc774\ub7ec\ud55c \uc0ac\uc774\ud2b8\uc758 \ucf58\ud150\uce20\uc640 \uad00\ud589\uc744 \ud1b5\uc81c\ud560 \uc218 \uc5c6\uc73c\uba70 \uac01 \uac1c\uc778\uc815\ubcf4 \ubcf4\ud638\uc815\ucc45\uc5d0 \ub300\ud574 \ucc45\uc784\uc744 \uc9c8 \uc218 \uc5c6\ub2e4\ub294 \uc810\uc744 \uc720\uc758\ud558\uc2dc\uae30 \ubc14\ub78d\ub2c8\ub2e4. \uadc0\ud558\ub294 \uadc0\ud558\uac00 \uc6d0\ud558\ub294 \uc11c\ube44\uc2a4 \uc911 \uc77c\ubd80\ub97c \ub2f9\uc0ac\uac00 \uc81c\uacf5\ud558\uc9c0 \ubabb\ud560 \uc218\ub3c4 \uc788\ub2e4\ub294 \uc810\uc744 \uc774\ud574\ud558\uace0 \uadc0\ud558\uc758 \uac1c\uc778 \uc815\ubcf4\uc5d0 \ub300\ud55c \ub2f9\uc0ac\uc758 \uc694\uccad\uc744 \uc790\uc720\ub86d\uac8c \uac70\ubd80\ud560 \uc218 \uc788\uc2b5\ub2c8\ub2e4. \uadc0\ud558\uac00 \ub2f9\uc0ac \uc6f9\uc0ac\uc774\ud2b8\ub97c \uacc4\uc18d \uc0ac\uc6a9\ud558\ub294 \uac83\uc740 \uac1c\uc778 \uc815\ubcf4 \ubcf4\ud638 \ubc0f \uac1c\uc778 \uc815\ubcf4\uc5d0 \uad00\ud55c \ub2f9\uc0ac\uc758 \uad00\ud589\uc744 \uc218\ub77d\ud558\ub294 \uac83\uc73c\ub85c \uac04\uc8fc\ub429\ub2c8\ub2e4. \ub2f9\uc0ac\uac00 \uc0ac\uc6a9\uc790 \ub370\uc774\ud130 \ubc0f \uac1c\uc778\uc815\ubcf4\ub97c \ucc98\ub9ac\ud558\ub294 \ubc29\ubc95\uc5d0 \ub300\ud574 \uad81\uae08\ud55c \uc810\uc774 \uc788\uc73c\uba74 \ub2f9\uc0ac\uc5d0 \ubb38\uc758\ud558\uc138\uc694.<\/p>\n\n\n\n<p><strong>\ucfe0\ud0a4 \uc815\ucc45 \ubb34\ub8cc \uc560\ud50c\ub9ac\ucf00\uc774\uc158<\/strong><\/p>\n\n\n\n<p><strong>\ucfe0\ud0a4\ub780 \ubb34\uc5c7\uc785\ub2c8\uae4c?<\/strong> \uac70\uc758 \ubaa8\ub4e0 \uc804\ubb38 \uc6f9\uc0ac\uc774\ud2b8\uc758 \uc77c\ubc18\uc801\uc778 \uad00\ud589\uacfc \ub9c8\ucc2c\uac00\uc9c0\ub85c \uc774 \uc0ac\uc774\ud2b8\ub294 \uadc0\ud558\uc758 \uacbd\ud5d8\uc744 \ud5a5\uc0c1\uc2dc\ud0a4\uae30 \uc704\ud574 \uadc0\ud558\uc758 \ucef4\ud4e8\ud130\uc5d0 \ub2e4\uc6b4\ub85c\ub4dc\ub418\ub294 \uc791\uc740 \ud30c\uc77c\uc778 \ucfe0\ud0a4\ub97c \uc0ac\uc6a9\ud569\ub2c8\ub2e4. \uc774 \ud398\uc774\uc9c0\uc5d0\uc11c\ub294 \uadf8\ub4e4\uc774 \uc218\uc9d1\ud558\ub294 \uc815\ubcf4, \ub2f9\uc0ac\uac00 \uc774\ub97c \uc0ac\uc6a9\ud558\ub294 \ubc29\ubc95, \ub54c\ub54c\ub85c \uc774\ub7ec\ud55c \ucfe0\ud0a4\ub97c \uc800\uc7a5\ud574\uc57c \ud558\ub294 \uc774\uc720\ub97c \uc124\uba85\ud569\ub2c8\ub2e4. \ub610\ud55c \uc774\ub7ec\ud55c \ucfe0\ud0a4\uac00 \uc800\uc7a5\ub418\uc9c0 \uc54a\ub3c4\ub85d \ubc29\uc9c0\ud560 \uc218 \uc788\ub294 \ubc29\ubc95\ub3c4 \uacf5\uc720\ud560 \uac83\uc785\ub2c8\ub2e4. \uadf8\ub7ec\ub098 \uc774\ub85c \uc778\ud574 \uc0ac\uc774\ud2b8 \uae30\ub2a5\uc758 \ud2b9\uc815 \uc694\uc18c\uac00 \ub2e4\uc6b4\uadf8\ub808\uc774\ub4dc\ub418\uac70\ub098 &#039;\uc911\ub2e8&#039;\ub420 \uc218 \uc788\uc2b5\ub2c8\ub2e4.<\/p>\n\n\n\n<p><strong>\uc6b0\ub9ac\ub294 \ucfe0\ud0a4\ub97c \uc5b4\ub5bb\uac8c \uc0ac\uc6a9\ud569\ub2c8\uae4c?<\/strong> \ub2f9\uc0ac\ub294 \uc544\ub798\uc5d0 \uc790\uc138\ud788 \uc124\uba85\ub41c \uc5ec\ub7ec \uac00\uc9c0 \uc774\uc720\ub85c \ucfe0\ud0a4\ub97c \uc0ac\uc6a9\ud569\ub2c8\ub2e4. \ubd88\ud589\ud558\uac8c\ub3c4 \ub300\ubd80\ubd84\uc758 \uacbd\uc6b0 \ucfe0\ud0a4\uac00 \uc774 \uc0ac\uc774\ud2b8\uc5d0 \ucd94\uac00\ud558\ub294 \uae30\ub2a5\uc744 \uc644\uc804\ud788 \ube44\ud65c\uc131\ud654\ud558\uc9c0 \uc54a\uace0 \ucfe0\ud0a4\ub97c \ube44\ud65c\uc131\ud654\ud560 \uc218 \uc788\ub294 \uc5c5\uacc4 \ud45c\uc900 \uc635\uc158\uc774 \uc5c6\uc2b5\ub2c8\ub2e4. \uadc0\ud558\uac00 \uc774\uc6a9\ud558\ub294 \uc11c\ube44\uc2a4 \uc81c\uacf5\uc744 \uc704\ud574 \ucfe0\ud0a4\uac00 \ud544\uc694\ud55c\uc9c0 \uc5ec\ubd80\uac00 \ud655\uc2e4\ud558\uc9c0 \uc54a\uc740 \uacbd\uc6b0\uc5d0\ub294 \ubaa8\ub4e0 \ucfe0\ud0a4\ub97c \uadf8\ub300\ub85c \ub450\ub294 \uac83\uc774 \uc88b\uc2b5\ub2c8\ub2e4.<\/p>\n\n\n\n<p><strong>\ucfe0\ud0a4 \ube44\ud65c\uc131\ud654<\/strong> \uadc0\ud558\ub294 \ube0c\ub77c\uc6b0\uc800 \uc124\uc815\uc744 \uc870\uc815\ud558\uc5ec \ucfe0\ud0a4 \uc124\uc815\uc744 \ubc29\uc9c0\ud560 \uc218 \uc788\uc2b5\ub2c8\ub2e4(\uc774\ub97c \uc218\ud589\ud558\ub294 \ubc29\ubc95\uc740 \ube0c\ub77c\uc6b0\uc800 \ub3c4\uc6c0\ub9d0\uc744 \ucc38\uc870\ud558\uc2ed\uc2dc\uc624). \ucfe0\ud0a4\ub97c \ube44\ud65c\uc131\ud654\ud558\uba74 \uc774 \uc6f9\uc0ac\uc774\ud2b8\uc640 \uadc0\ud558\uac00 \ubc29\ubb38\ud558\ub294 \ub2e4\ub978 \ub9ce\uc740 \uc6f9\uc0ac\uc774\ud2b8\uc758 \uae30\ub2a5\uc5d0 \uc601\ud5a5\uc744 \ubbf8\uce60 \uc218 \uc788\ub2e4\ub294 \uc810\uc5d0 \uc720\uc758\ud558\uc2ed\uc2dc\uc624. \ucfe0\ud0a4\ub97c \ube44\ud65c\uc131\ud654\ud558\uba74 \uc77c\ubc18\uc801\uc73c\ub85c \uc774 \uc6f9\uc0ac\uc774\ud2b8\uc758 \ud2b9\uc815 \uae30\ub2a5\uc774 \ube44\ud65c\uc131\ud654\ub429\ub2c8\ub2e4. \ub530\ub77c\uc11c \ucfe0\ud0a4\ub97c \ube44\ud65c\uc131\ud654\ud558\uc9c0 \uc54a\ub294 \uac83\uc774 \uc88b\uc2b5\ub2c8\ub2e4.<\/p>\n\n\n\n<p><strong>\uc6b0\ub9ac\uac00 \uc124\uc815\ud55c \ucfe0\ud0a4<\/strong><\/p>\n\n\n\n<ul class=\"wp-block-list\">\n<li><strong>\uacc4\uc815 \uad00\ub828 \ucfe0\ud0a4<\/strong>: \uadc0\ud558\uac00 \ub2f9\uc0ac\uc5d0 \uacc4\uc815\uc744 \uc0dd\uc131\ud558\uba74 \ub2f9\uc0ac\ub294 \ub4f1\ub85d \uc808\ucc28 \ubc0f \uc77c\ubc18 \uad00\ub9ac\ub97c \uad00\ub9ac\ud558\uae30 \uc704\ud574 \ucfe0\ud0a4\ub97c \uc0ac\uc6a9\ud569\ub2c8\ub2e4. \uc774\ub7ec\ud55c \ucfe0\ud0a4\ub294 \uc77c\ubc18\uc801\uc73c\ub85c \uadc0\ud558\uac00 \ub85c\uadf8\uc544\uc6c3\ud560 \ub54c \uc0ad\uc81c\ub418\uc9c0\ub9cc, \uc5b4\ub5a4 \uacbd\uc6b0\uc5d0\ub294 \ub85c\uadf8\uc544\uc6c3\ud560 \ub54c \uadc0\ud558\uc758 \uc0ac\uc774\ud2b8 \uae30\ubcf8 \uc124\uc815\uc744 \uae30\uc5b5\ud558\uae30 \uc704\ud574 \ub098\uc911\uc5d0 \ub0a8\uc544 \uc788\uc744 \uc218\ub3c4 \uc788\uc2b5\ub2c8\ub2e4.<\/li>\n\n\n\n<li><strong>\ub85c\uadf8\uc778 \uad00\ub828 \ucfe0\ud0a4<\/strong>: \ub2f9\uc0ac\ub294 \uadc0\ud558\uac00 \ub85c\uadf8\uc778\ud560 \ub54c \uc774 \uc791\uc5c5\uc744 \uae30\uc5b5\ud560 \uc218 \uc788\ub3c4\ub85d \ucfe0\ud0a4\ub97c \uc0ac\uc6a9\ud569\ub2c8\ub2e4. \uc774\ub807\uac8c \ud558\uba74 \uc0c8 \ud398\uc774\uc9c0\ub97c \ubc29\ubb38\ud560 \ub54c\ub9c8\ub2e4 \ub85c\uadf8\uc778\ud560 \ud544\uc694\uac00 \uc5c6\uc2b5\ub2c8\ub2e4. \uc774\ub7ec\ud55c \ucfe0\ud0a4\ub294 \uc77c\ubc18\uc801\uc73c\ub85c \ub85c\uadf8\uc778 \uc2dc \uc81c\ud55c\ub41c \uae30\ub2a5 \ubc0f \uc601\uc5ed\uc5d0\ub9cc \uc561\uc138\uc2a4\ud560 \uc218 \uc788\ub3c4\ub85d \ub85c\uadf8\uc544\uc6c3\ud560 \ub54c \uc81c\uac70\ub418\uac70\ub098 \uc9c0\uc6cc\uc9d1\ub2c8\ub2e4.<\/li>\n\n\n\n<li><strong>\uc774\uba54\uc77c \ub274\uc2a4\ub808\ud130\uc640 \uad00\ub828\ub41c \ucfe0\ud0a4<\/strong>: \uc774 \uc0ac\uc774\ud2b8\ub294 \ub274\uc2a4\ub808\ud130 \ub610\ub294 \uc774\uba54\uc77c \uad6c\ub3c5 \uc11c\ube44\uc2a4\ub97c \uc81c\uacf5\ud558\uba70 \uadc0\ud558\uac00 \uc774\ubbf8 \ub4f1\ub85d\ud588\ub294\uc9c0 \uc5ec\ubd80\uc640 \uad6c\ub3c5\/\uad6c\ub3c5 \ucde8\uc18c\ub41c \uc0ac\uc6a9\uc790\uc5d0\uac8c\ub9cc \uc720\ud6a8\ud55c \ud2b9\uc815 \uc54c\ub9bc\uc744 \ud45c\uc2dc\ud560\uc9c0 \uc5ec\ubd80\ub97c \uae30\uc5b5\ud558\ub294 \ub370 \ucfe0\ud0a4\uac00 \uc0ac\uc6a9\ub420 \uc218 \uc788\uc2b5\ub2c8\ub2e4.<\/li>\n<\/ul>","protected":false},"excerpt":{"rendered":"<p>A sua privacidade \u00e9 importante para n\u00f3s. \u00c9 pol\u00edtica do Aplicativos Gr\u00e1tis respeitar a sua privacidade em rela\u00e7\u00e3o a qualquer informa\u00e7\u00e3o sua que possamos coletar no site Aplicativos Gr\u00e1tis, e outros sites que possu\u00edmos e operamos. Solicitamos informa\u00e7\u00f5es pessoais apenas quando realmente precisamos delas para lhe fornecer um servi\u00e7o. Fazemo-lo por meios justos e legais, [&hellip;]<\/p>\n","protected":false},"author":1,"featured_media":0,"parent":0,"menu_order":0,"comment_status":"closed","ping_status":"closed","template":"","meta":{"footnotes":""},"class_list":["post-170","page","type-page","status-publish"],"_links":{"self":[{"href":"https:\/\/aplicativosgratis.com\/ko\/wp-json\/wp\/v2\/pages\/170","targetHints":{"allow":["GET"]}}],"collection":[{"href":"https:\/\/aplicativosgratis.com\/ko\/wp-json\/wp\/v2\/pages"}],"about":[{"href":"https:\/\/aplicativosgratis.com\/ko\/wp-json\/wp\/v2\/types\/page"}],"author":[{"embeddable":true,"href":"https:\/\/aplicativosgratis.com\/ko\/wp-json\/wp\/v2\/users\/1"}],"replies":[{"embeddable":true,"href":"https:\/\/aplicativosgratis.com\/ko\/wp-json\/wp\/v2\/comments?post=170"}],"version-history":[{"count":2,"href":"https:\/\/aplicativosgratis.com\/ko\/wp-json\/wp\/v2\/pages\/170\/revisions"}],"predecessor-version":[{"id":339,"href":"https:\/\/aplicativosgratis.com\/ko\/wp-json\/wp\/v2\/pages\/170\/revisions\/339"}],"wp:attachment":[{"href":"https:\/\/aplicativosgratis.com\/ko\/wp-json\/wp\/v2\/media?parent=170"}],"curies":[{"name":"wp","href":"https:\/\/api.w.org\/{rel}","templated":true}]}}