{"id":170,"date":"2024-04-30T06:02:53","date_gmt":"2024-04-30T06:02:53","guid":{"rendered":"https:\/\/aplicativosgratis.com\/?page_id=170"},"modified":"2024-05-07T22:21:16","modified_gmt":"2024-05-07T22:21:16","slug":"%e3%83%97%e3%83%a9%e3%82%a4%e3%83%90%e3%82%b7%e3%83%bc%e3%83%9d%e3%83%aa%e3%82%b7%e3%83%bc","status":"publish","type":"page","link":"https:\/\/aplicativosgratis.com\/ja\/politica-de-privacidade\/","title":{"rendered":"\u30d7\u30e9\u30a4\u30d0\u30b7\u30fc\u30dd\u30ea\u30b7\u30fc"},"content":{"rendered":"<p>\u3042\u306a\u305f\u306e\u30d7\u30e9\u30a4\u30d0\u30b7\u30fc\u306f\u5f53\u793e\u306b\u3068\u3063\u3066\u91cd\u8981\u3067\u3059\u3002 Aplicativos Gr\u00e1tis \u306e\u30dd\u30ea\u30b7\u30fc\u3067\u306f\u3001Aplicativos Gr\u00e1tis \u306e Web \u30b5\u30a4\u30c8\u304a\u3088\u3073\u5f53\u793e\u304c\u6240\u6709\u3001\u904b\u55b6\u3059\u308b\u305d\u306e\u4ed6\u306e\u30b5\u30a4\u30c8\u3092\u901a\u3058\u3066\u304a\u5ba2\u69d8\u304b\u3089\u53ce\u96c6\u3059\u308b\u53ef\u80fd\u6027\u306e\u3042\u308b\u3042\u3089\u3086\u308b\u60c5\u5831\u306b\u95a2\u3057\u3066\u3001\u304a\u5ba2\u69d8\u306e\u30d7\u30e9\u30a4\u30d0\u30b7\u30fc\u3092\u5c0a\u91cd\u3057\u307e\u3059\u3002\u5f0a\u793e\u306f\u3001\u304a\u5ba2\u69d8\u306b\u30b5\u30fc\u30d3\u30b9\u3092\u63d0\u4f9b\u3059\u308b\u305f\u3081\u306b\u672c\u5f53\u306b\u5fc5\u8981\u306a\u5834\u5408\u306b\u306e\u307f\u500b\u4eba\u60c5\u5831\u3092\u5c0b\u306d\u307e\u3059\u3002\u5f53\u793e\u306f\u3001\u304a\u5ba2\u69d8\u306e\u4e86\u627f\u3068\u540c\u610f\u3092\u5f97\u3066\u3001\u516c\u6b63\u304b\u3064\u5408\u6cd5\u7684\u306a\u624b\u6bb5\u3067\u3053\u308c\u3092\u884c\u3044\u307e\u3059\u3002\u307e\u305f\u3001\u5f53\u793e\u304c\u60c5\u5831\u3092\u53ce\u96c6\u3059\u308b\u7406\u7531\u3068\u305d\u306e\u4f7f\u7528\u65b9\u6cd5\u306b\u3064\u3044\u3066\u3082\u304a\u77e5\u3089\u305b\u3057\u307e\u3059\u3002\u53ce\u96c6\u3057\u305f\u60c5\u5831\u306f\u3001\u304a\u5ba2\u69d8\u304c\u8981\u6c42\u3057\u305f\u30b5\u30fc\u30d3\u30b9\u3092\u63d0\u4f9b\u3059\u308b\u305f\u3081\u306b\u5fc5\u8981\u306a\u671f\u9593\u306e\u307f\u4fdd\u6301\u3055\u308c\u307e\u3059\u3002\u5f53\u793e\u304c\u4fdd\u7ba1\u3059\u308b\u30c7\u30fc\u30bf\u306f\u3001\u7d1b\u5931\u3084\u76d7\u96e3\u3001\u4e0d\u6b63\u30a2\u30af\u30bb\u30b9\u3001\u958b\u793a\u3001\u30b3\u30d4\u30fc\u3001\u4f7f\u7528\u3001\u5909\u66f4\u3092\u9632\u3050\u305f\u3081\u306b\u3001\u5546\u696d\u7684\u306b\u8a31\u5bb9\u3055\u308c\u308b\u624b\u6bb5\u306e\u7bc4\u56f2\u5185\u3067\u4fdd\u8b77\u3057\u307e\u3059\u3002\u6cd5\u5f8b\u3067\u7fa9\u52d9\u4ed8\u3051\u3089\u308c\u3066\u3044\u308b\u5834\u5408\u3092\u9664\u304d\u3001\u5f53\u793e\u306f\u500b\u4eba\u3092\u7279\u5b9a\u3067\u304d\u308b\u60c5\u5831\u3092\u516c\u958b\u3057\u305f\u308a\u7b2c\u4e09\u8005\u3068\u5171\u6709\u3057\u305f\u308a\u3059\u308b\u3053\u3068\u306f\u3042\u308a\u307e\u305b\u3093\u3002\u5f53\u793e\u306e\u30a6\u30a7\u30d6\u30b5\u30a4\u30c8\u306b\u306f\u3001\u5f53\u793e\u304c\u904b\u55b6\u3057\u3066\u3044\u306a\u3044\u5916\u90e8\u30a6\u30a7\u30d6\u30b5\u30a4\u30c8\u3078\u306e\u30ea\u30f3\u30af\u304c\u542b\u307e\u308c\u3066\u3044\u308b\u5834\u5408\u304c\u3042\u308a\u307e\u3059\u3002\u5f53\u793e\u306f\u3053\u308c\u3089\u306e\u30b5\u30a4\u30c8\u306e\u30b3\u30f3\u30c6\u30f3\u30c4\u3084\u5b9f\u8df5\u306b\u3064\u3044\u3066\u4e00\u5207\u7ba1\u7406\u3057\u3066\u304a\u3089\u305a\u3001\u305d\u308c\u305e\u308c\u306e\u30d7\u30e9\u30a4\u30d0\u30b7\u30fc \u30dd\u30ea\u30b7\u30fc\u306b\u5bfe\u3059\u308b\u8cac\u4efb\u3084\u8ce0\u511f\u8cac\u4efb\u3092\u8ca0\u3044\u304b\u306d\u307e\u3059\u306e\u3067\u3054\u4e86\u627f\u304f\u3060\u3055\u3044\u3002\u304a\u5ba2\u69d8\u306f\u3001\u5f53\u793e\u304c\u304a\u5ba2\u69d8\u306e\u5e0c\u671b\u3059\u308b\u4e00\u90e8\u306e\u30b5\u30fc\u30d3\u30b9\u3092\u63d0\u4f9b\u3067\u304d\u306a\u3044\u5834\u5408\u304c\u3042\u308b\u3053\u3068\u3092\u3054\u7406\u89e3\u3044\u305f\u3060\u3044\u305f\u4e0a\u3067\u3001\u500b\u4eba\u60c5\u5831\u306e\u63d0\u4f9b\u306e\u8981\u8acb\u3092\u62d2\u5426\u3059\u308b\u3053\u3068\u304c\u3067\u304d\u307e\u3059\u3002\u5f53\u793e\u306e\u30a6\u30a7\u30d6\u30b5\u30a4\u30c8\u3092\u5f15\u304d\u7d9a\u304d\u3054\u5229\u7528\u3044\u305f\u3060\u304f\u3053\u3068\u306f\u3001\u30d7\u30e9\u30a4\u30d0\u30b7\u30fc\u3068\u500b\u4eba\u60c5\u5831\u306b\u95a2\u3059\u308b\u5f53\u793e\u306e\u6163\u884c\u306b\u540c\u610f\u3057\u305f\u3082\u306e\u3068\u307f\u306a\u3055\u308c\u307e\u3059\u3002\u30e6\u30fc\u30b6\u30fc\u30c7\u30fc\u30bf\u304a\u3088\u3073\u500b\u4eba\u60c5\u5831\u306e\u53d6\u308a\u6271\u3044\u65b9\u6cd5\u306b\u3064\u3044\u3066\u3054\u8cea\u554f\u304c\u3042\u308b\u5834\u5408\u306f\u3001\u304a\u554f\u3044\u5408\u308f\u305b\u304f\u3060\u3055\u3044\u3002<\/p>\n\n\n\n<p><strong>\u30af\u30c3\u30ad\u30fc\u30dd\u30ea\u30b7\u30fc \u7121\u6599\u30a2\u30d7\u30ea<\/strong><\/p>\n\n\n\n<p><strong>\u30af\u30c3\u30ad\u30fc\u3068\u306f\u4f55\u3067\u3059\u304b?<\/strong> \u307b\u3068\u3093\u3069\u3059\u3079\u3066\u306e\u5c02\u9580\u7684\u306a Web \u30b5\u30a4\u30c8\u3067\u4e00\u822c\u7684\u306b\u884c\u308f\u308c\u3066\u3044\u308b\u3088\u3046\u306b\u3001\u3053\u306e\u30b5\u30a4\u30c8\u3067\u306f\u30e6\u30fc\u30b6\u30fc\u30a8\u30af\u30b9\u30da\u30ea\u30a8\u30f3\u30b9\u3092\u5411\u4e0a\u3055\u305b\u308b\u305f\u3081\u306b\u3001\u30b3\u30f3\u30d4\u30e5\u30fc\u30bf\u30fc\u306b\u30c0\u30a6\u30f3\u30ed\u30fc\u30c9\u3055\u308c\u308b\u5c0f\u3055\u306a\u30d5\u30a1\u30a4\u30eb\u3067\u3042\u308b Cookie \u3092\u4f7f\u7528\u3057\u3066\u3044\u307e\u3059\u3002\u3053\u306e\u30da\u30fc\u30b8\u3067\u306f\u3001Cookie \u304c\u3069\u306e\u3088\u3046\u306a\u60c5\u5831\u3092\u53ce\u96c6\u3059\u308b\u306e\u304b\u3001\u305d\u306e\u4f7f\u7528\u65b9\u6cd5\u3001\u307e\u305f Cookie \u3092\u4fdd\u5b58\u3059\u308b\u5fc5\u8981\u304c\u3042\u308b\u5834\u5408\u304c\u3042\u308b\u7406\u7531\u306b\u3064\u3044\u3066\u8aac\u660e\u3057\u307e\u3059\u3002\u3053\u308c\u3089\u306e Cookie \u304c\u4fdd\u5b58\u3055\u308c\u306a\u3044\u3088\u3046\u306b\u3059\u308b\u65b9\u6cd5\u306b\u3064\u3044\u3066\u3082\u8aac\u660e\u3057\u307e\u3059\u304c\u3001\u3053\u308c\u306b\u3088\u308a\u3001\u30b5\u30a4\u30c8\u306e\u6a5f\u80fd\u306e\u7279\u5b9a\u306e\u8981\u7d20\u304c\u4f4e\u4e0b\u3057\u305f\u308a\u3001\u300c\u58ca\u308c\u308b\u300d\u53ef\u80fd\u6027\u304c\u3042\u308a\u307e\u3059\u3002<\/p>\n\n\n\n<p><strong>\u30af\u30c3\u30ad\u30fc\u306f\u3069\u306e\u3088\u3046\u306b\u4f7f\u7528\u3055\u308c\u307e\u3059\u304b?<\/strong> \u5f53\u793e\u306f\u3001\u4ee5\u4e0b\u306b\u8a73\u8ff0\u3059\u308b\u3055\u307e\u3056\u307e\u306a\u7406\u7531\u3067 Cookie \u3092\u4f7f\u7528\u3057\u307e\u3059\u3002\u6b8b\u5ff5\u306a\u304c\u3089\u3001\u307b\u3068\u3093\u3069\u306e\u5834\u5408\u3001\u3053\u306e\u30b5\u30a4\u30c8\u306b\u8ffd\u52a0\u3055\u308c\u308b\u6a5f\u80fd\u3084\u7279\u5fb4\u3092\u5b8c\u5168\u306b\u7121\u52b9\u306b\u3059\u308b\u3053\u3068\u306a\u304f\u3001Cookie \u3092\u7121\u52b9\u306b\u3059\u308b\u696d\u754c\u6a19\u6e96\u306e\u30aa\u30d7\u30b7\u30e7\u30f3\u306f\u3042\u308a\u307e\u305b\u3093\u3002\u4f7f\u7528\u3059\u308b\u30b5\u30fc\u30d3\u30b9\u306e\u63d0\u4f9b\u306b\u30af\u30c3\u30ad\u30fc\u304c\u4f7f\u7528\u3055\u308c\u308b\u5834\u5408\u306b\u5099\u3048\u3066\u3001\u5fc5\u8981\u304b\u3069\u3046\u304b\u4e0d\u660e\u306a\u5834\u5408\u306f\u3001\u3059\u3079\u3066\u306e\u30af\u30c3\u30ad\u30fc\u3092\u30aa\u30f3\u306e\u307e\u307e\u306b\u3057\u3066\u304a\u304f\u3053\u3068\u3092\u304a\u52e7\u3081\u3057\u307e\u3059\u3002<\/p>\n\n\n\n<p><strong>\u30af\u30c3\u30ad\u30fc\u3092\u7121\u52b9\u306b\u3059\u308b<\/strong> \u30d6\u30e9\u30a6\u30b6\u306e\u8a2d\u5b9a\u3092\u8abf\u6574\u3059\u308b\u3053\u3068\u3067\u3001Cookie \u306e\u8a2d\u5b9a\u3092\u9632\u3050\u3053\u3068\u304c\u3067\u304d\u307e\u3059 (\u65b9\u6cd5\u306b\u3064\u3044\u3066\u306f\u30d6\u30e9\u30a6\u30b6\u306e\u30d8\u30eb\u30d7\u3092\u53c2\u7167\u3057\u3066\u304f\u3060\u3055\u3044)\u3002\u30af\u30c3\u30ad\u30fc\u3092\u7121\u52b9\u306b\u3059\u308b\u3068\u3001\u3053\u306e\u30b5\u30a4\u30c8\u3084\u30a2\u30af\u30bb\u30b9\u3059\u308b\u4ed6\u306e\u591a\u304f\u306e\u30a6\u30a7\u30d6\u30b5\u30a4\u30c8\u306e\u6a5f\u80fd\u306b\u5f71\u97ff\u304c\u51fa\u308b\u3053\u3068\u306b\u3054\u6ce8\u610f\u304f\u3060\u3055\u3044\u3002\u901a\u5e38\u3001Cookie \u3092\u7121\u52b9\u306b\u3059\u308b\u3068\u3001\u3053\u306e\u30b5\u30a4\u30c8\u306e\u7279\u5b9a\u306e\u6a5f\u80fd\u3082\u7121\u52b9\u306b\u306a\u308a\u307e\u3059\u3002\u3057\u305f\u304c\u3063\u3066\u3001Cookie \u3092\u7121\u52b9\u306b\u3057\u306a\u3044\u3053\u3068\u3092\u304a\u52e7\u3081\u3057\u307e\u3059\u3002<\/p>\n\n\n\n<p><strong>\u5f53\u793e\u304c\u8a2d\u5b9a\u3059\u308bCookie<\/strong><\/p>\n\n\n\n<ul class=\"wp-block-list\">\n<li><strong>\u30a2\u30ab\u30a6\u30f3\u30c8\u95a2\u9023\u306eCookie<\/strong>: \u5f53\u793e\u3067\u30a2\u30ab\u30a6\u30f3\u30c8\u3092\u4f5c\u6210\u3059\u308b\u3068\u3001\u30b5\u30a4\u30f3\u30a2\u30c3\u30d7\u30d7\u30ed\u30bb\u30b9\u306e\u7ba1\u7406\u3068\u4e00\u822c\u7684\u306a\u7ba1\u7406\u306e\u305f\u3081\u306b Cookie \u304c\u4f7f\u7528\u3055\u308c\u307e\u3059\u3002\u3053\u308c\u3089\u306e Cookie \u306f\u901a\u5e38\u3001\u30ed\u30b0\u30a2\u30a6\u30c8\u3059\u308b\u3068\u524a\u9664\u3055\u308c\u307e\u3059\u304c\u3001\u30ed\u30b0\u30a2\u30a6\u30c8\u6642\u306b\u30b5\u30a4\u30c8\u306e\u8a2d\u5b9a\u3092\u8a18\u61b6\u3059\u308b\u305f\u3081\u306b\u3001\u305d\u306e\u5f8c\u3082\u6b8b\u308b\u5834\u5408\u304c\u3042\u308a\u307e\u3059\u3002<\/li>\n\n\n\n<li><strong>\u30ed\u30b0\u30a4\u30f3\u95a2\u9023\u306eCookie<\/strong>: \u30ed\u30b0\u30a4\u30f3\u3059\u308b\u3068\u3001\u3053\u306e\u30a2\u30af\u30b7\u30e7\u30f3\u3092\u8a18\u61b6\u3067\u304d\u308b\u3088\u3046\u306b Cookie \u304c\u4f7f\u7528\u3055\u308c\u307e\u3059\u3002\u3053\u308c\u306b\u3088\u308a\u3001\u65b0\u3057\u3044\u30da\u30fc\u30b8\u306b\u30a2\u30af\u30bb\u30b9\u3059\u308b\u305f\u3073\u306b\u30ed\u30b0\u30a4\u30f3\u3059\u308b\u5fc5\u8981\u304c\u306a\u304f\u306a\u308a\u307e\u3059\u3002\u3053\u308c\u3089\u306e Cookie \u306f\u901a\u5e38\u3001\u30ed\u30b0\u30a2\u30a6\u30c8\u3059\u308b\u3068\u524a\u9664\u307e\u305f\u306f\u30af\u30ea\u30a2\u3055\u308c\u3001\u30ed\u30b0\u30a4\u30f3\u3057\u3066\u3044\u308b\u3068\u304d\u306b\u306e\u307f\u5236\u9650\u3055\u308c\u305f\u6a5f\u80fd\u3084\u9818\u57df\u306b\u30a2\u30af\u30bb\u30b9\u3067\u304d\u308b\u3088\u3046\u306b\u306a\u308a\u307e\u3059\u3002<\/li>\n\n\n\n<li><strong>\u30e1\u30fc\u30eb\u30cb\u30e5\u30fc\u30b9\u30ec\u30bf\u30fc\u95a2\u9023\u306eCookie<\/strong>: \u3053\u306e\u30b5\u30a4\u30c8\u306f\u30cb\u30e5\u30fc\u30b9\u30ec\u30bf\u30fc\u3084\u96fb\u5b50\u30e1\u30fc\u30eb\u306e\u8cfc\u8aad\u30b5\u30fc\u30d3\u30b9\u3092\u63d0\u4f9b\u3057\u3066\u304a\u308a\u3001\u30e6\u30fc\u30b6\u30fc\u304c\u3059\u3067\u306b\u767b\u9332\u6e08\u307f\u304b\u3069\u3046\u304b\u3001\u307e\u305f\u8cfc\u8aad\u6e08\u307f\/\u8cfc\u8aad\u89e3\u9664\u6e08\u307f\u306e\u30e6\u30fc\u30b6\u30fc\u306e\u307f\u306b\u6709\u52b9\u306a\u7279\u5b9a\u306e\u901a\u77e5\u3092\u8868\u793a\u3059\u308b\u304b\u3069\u3046\u304b\u3092\u8a18\u61b6\u3059\u308b\u305f\u3081\u306b Cookie \u304c\u4f7f\u7528\u3055\u308c\u308b\u3053\u3068\u304c\u3042\u308a\u307e\u3059\u3002<\/li>\n<\/ul>","protected":false},"excerpt":{"rendered":"<p>A sua privacidade \u00e9 importante para n\u00f3s. \u00c9 pol\u00edtica do Aplicativos Gr\u00e1tis respeitar a sua privacidade em rela\u00e7\u00e3o a qualquer informa\u00e7\u00e3o sua que possamos coletar no site Aplicativos Gr\u00e1tis, e outros sites que possu\u00edmos e operamos. Solicitamos informa\u00e7\u00f5es pessoais apenas quando realmente precisamos delas para lhe fornecer um servi\u00e7o. Fazemo-lo por meios justos e legais, com o seu conhecimento e consentimento. Tamb\u00e9m informamos por que estamos coletando e como ser\u00e1 usado. Apenas retemos as informa\u00e7\u00f5es coletadas pelo tempo necess\u00e1rio para fornecer o servi\u00e7o solicitado. Quando armazenamos dados, protegemos dentro de meios comercialmente aceit\u00e1veis \u200b\u200bpara evitar perdas e roubos, bem como acesso, divulga\u00e7\u00e3o, c\u00f3pia, uso ou modifica\u00e7\u00e3o n\u00e3o autorizados. N\u00e3o compartilhamos [&hellip;]<\/p>\n","protected":false},"author":1,"featured_media":0,"parent":0,"menu_order":0,"comment_status":"closed","ping_status":"closed","template":"","meta":{"footnotes":""},"class_list":["post-170","page","type-page","status-publish"],"_links":{"self":[{"href":"https:\/\/aplicativosgratis.com\/ja\/wp-json\/wp\/v2\/pages\/170","targetHints":{"allow":["GET"]}}],"collection":[{"href":"https:\/\/aplicativosgratis.com\/ja\/wp-json\/wp\/v2\/pages"}],"about":[{"href":"https:\/\/aplicativosgratis.com\/ja\/wp-json\/wp\/v2\/types\/page"}],"author":[{"embeddable":true,"href":"https:\/\/aplicativosgratis.com\/ja\/wp-json\/wp\/v2\/users\/1"}],"replies":[{"embeddable":true,"href":"https:\/\/aplicativosgratis.com\/ja\/wp-json\/wp\/v2\/comments?post=170"}],"version-history":[{"count":2,"href":"https:\/\/aplicativosgratis.com\/ja\/wp-json\/wp\/v2\/pages\/170\/revisions"}],"predecessor-version":[{"id":339,"href":"https:\/\/aplicativosgratis.com\/ja\/wp-json\/wp\/v2\/pages\/170\/revisions\/339"}],"wp:attachment":[{"href":"https:\/\/aplicativosgratis.com\/ja\/wp-json\/wp\/v2\/media?parent=170"}],"curies":[{"name":"wp","href":"https:\/\/api.w.org\/{rel}","templated":true}]}}