{"id":174,"date":"2024-04-30T06:04:28","date_gmt":"2024-04-30T06:04:28","guid":{"rendered":"https:\/\/aplicativosgratis.com\/?page_id=174"},"modified":"2024-05-07T22:21:37","modified_gmt":"2024-05-07T22:21:37","slug":"%d7%aa%d7%a0%d7%90%d7%99-%d7%a9%d7%99%d7%9e%d7%95%d7%a9","status":"publish","type":"page","link":"https:\/\/aplicativosgratis.com\/he\/termos-de-uso\/","title":{"rendered":"\u05ea\u05e0\u05d0\u05d9 \u05e9\u05d9\u05de\u05d5\u05e9"},"content":{"rendered":"<p>\u05e2\u05dc \u05d9\u05d3\u05d9 \u05d2\u05d9\u05e9\u05d4 \u05dc\u05d0\u05ea\u05e8 \u05d4-Free Apps, \u05d0\u05ea\u05d4 \u05de\u05e1\u05db\u05d9\u05dd \u05dc\u05d4\u05d9\u05d5\u05ea \u05de\u05d7\u05d5\u05d9\u05d1 \u05dc\u05ea\u05e0\u05d0\u05d9 \u05e9\u05d9\u05e8\u05d5\u05ea \u05d0\u05dc\u05d4, \u05dc\u05db\u05dc \u05d4\u05d7\u05d5\u05e7\u05d9\u05dd \u05d5\u05d4\u05ea\u05e7\u05e0\u05d5\u05ea \u05d4\u05d7\u05dc\u05d9\u05dd, \u05d5\u05de\u05d0\u05e9\u05e8 \u05e9\u05d0\u05ea\u05d4 \u05d0\u05d7\u05e8\u05d0\u05d9 \u05dc\u05e6\u05d9\u05d5\u05ea \u05dc\u05db\u05dc \u05d4\u05d7\u05d5\u05e7\u05d9\u05dd \u05d4\u05de\u05e7\u05d5\u05de\u05d9\u05d9\u05dd \u05d4\u05d7\u05dc\u05d9\u05dd. \u05d0\u05dd \u05d0\u05d9\u05e0\u05da \u05de\u05e1\u05db\u05d9\u05dd \u05dc\u05d0\u05e3 \u05d0\u05d7\u05d3 \u05de\u05d4\u05ea\u05e0\u05d0\u05d9\u05dd \u05d4\u05dc\u05dc\u05d5, \u05e0\u05d0\u05e1\u05e8 \u05e2\u05dc\u05d9\u05da \u05dc\u05d4\u05e9\u05ea\u05de\u05e9 \u05d0\u05d5 \u05dc\u05d2\u05e9\u05ea \u05dc\u05d0\u05ea\u05e8 \u05d6\u05d4. \u05d4\u05d7\u05d5\u05de\u05e8\u05d9\u05dd \u05d4\u05db\u05dc\u05d5\u05dc\u05d9\u05dd \u05d1\u05d0\u05ea\u05e8 \u05d6\u05d4 \u05de\u05d5\u05d2\u05e0\u05d9\u05dd \u05e2\u05dc \u05d9\u05d3\u05d9 \u05d7\u05d5\u05e7\u05d9 \u05d6\u05db\u05d5\u05d9\u05d5\u05ea \u05d4\u05d9\u05d5\u05e6\u05e8\u05d9\u05dd \u05d5\u05d4\u05e1\u05d9\u05de\u05e0\u05d9\u05dd \u05d4\u05de\u05e1\u05d7\u05e8\u05d9\u05d9\u05dd \u05d4\u05d7\u05dc\u05d9\u05dd.<\/p>\n\n\n\n<ol class=\"wp-block-list\" start=\"2\">\n<li><strong>\u05e9\u05d9\u05de\u05d5\u05e9 \u05d1\u05e8\u05d9\u05e9\u05d9\u05d5\u05df<\/strong><\/li>\n<\/ol>\n\n\n\n<p>\u05d4\u05e8\u05e9\u05d0\u05d4 \u05e0\u05d9\u05ea\u05e0\u05ea \u05dc\u05d4\u05d5\u05e8\u05d3\u05d4 \u05d6\u05de\u05e0\u05d9\u05ea \u05e9\u05dc \u05e2\u05d5\u05ea\u05e7 \u05d0\u05d7\u05d3 \u05e9\u05dc \u05d4\u05d7\u05d5\u05de\u05e8\u05d9\u05dd (\u05de\u05d9\u05d3\u05e2 \u05d0\u05d5 \u05ea\u05d5\u05db\u05e0\u05d4) \u05d1\u05d0\u05ea\u05e8 \u05d4\u05d0\u05d9\u05e0\u05d8\u05e8\u05e0\u05d8 \u05e9\u05dc Free Apps \u05dc\u05e6\u05e4\u05d9\u05d9\u05d4 \u05d0\u05d9\u05e9\u05d9\u05ea \u05d5\u05dc\u05d0 \u05de\u05e1\u05d7\u05e8\u05d9\u05ea \u05d1\u05dc\u05d1\u05d3. \u05d6\u05d4\u05d5 \u05e8\u05d9\u05e9\u05d9\u05d5\u05df \u05dc\u05e9\u05d9\u05de\u05d5\u05e9, \u05dc\u05d0 \u05d4\u05e2\u05d1\u05e8\u05ea \u05d1\u05e2\u05dc\u05d5\u05ea, \u05d5\u05ea\u05d7\u05ea \u05e8\u05d9\u05e9\u05d9\u05d5\u05df \u05d6\u05d4 \u05d0\u05ea\u05d4 \u05de\u05e1\u05db\u05d9\u05dd \u05dc\u05d0:<\/p>\n\n\n\n<ul class=\"wp-block-list\">\n<li>\u05dc\u05e9\u05e0\u05d5\u05ea \u05d0\u05d5 \u05dc\u05d4\u05e2\u05ea\u05d9\u05e7 \u05d0\u05ea \u05d4\u05d7\u05d5\u05de\u05e8\u05d9\u05dd;<\/li>\n\n\n\n<li>\u05dc\u05d4\u05e9\u05ea\u05de\u05e9 \u05d1\u05d7\u05d5\u05de\u05e8\u05d9\u05dd \u05dc\u05db\u05dc \u05de\u05d8\u05e8\u05d4 \u05de\u05e1\u05d7\u05e8\u05d9\u05ea \u05d0\u05d5 \u05dc\u05ea\u05e6\u05d5\u05d2\u05d4 \u05e4\u05d5\u05de\u05d1\u05d9\u05ea (\u05de\u05e1\u05d7\u05e8\u05d9\u05ea \u05d0\u05d5 \u05dc\u05d0 \u05de\u05e1\u05d7\u05e8\u05d9\u05ea);<\/li>\n\n\n\n<li>\u05e0\u05d9\u05e1\u05d9\u05d5\u05df \u05dc\u05d1\u05e6\u05e2 \u05d3\u05d4-\u05e7\u05d5\u05de\u05e4\u05d9\u05dc\u05e6\u05d9\u05d4 \u05d0\u05d5 \u05d4\u05e0\u05d3\u05e1\u05d4 \u05dc\u05d0\u05d7\u05d5\u05e8 \u05e9\u05dc \u05db\u05dc \u05ea\u05d5\u05db\u05e0\u05d4 \u05d4\u05db\u05dc\u05d5\u05dc\u05d4 \u05d1\u05d0\u05ea\u05e8 \u05d4\u05d9\u05d9\u05e9\u05d5\u05de\u05d9\u05dd \u05d4\u05d7\u05d9\u05e0\u05de\u05d9\u05d9\u05dd;<\/li>\n\n\n\n<li>\u05dc\u05d4\u05e1\u05d9\u05e8 \u05db\u05dc \u05d6\u05db\u05d5\u05d9\u05d5\u05ea \u05d9\u05d5\u05e6\u05e8\u05d9\u05dd \u05d0\u05d5 \u05e1\u05d9\u05de\u05e0\u05d9\u05dd \u05e7\u05e0\u05d9\u05d9\u05e0\u05d9\u05d9\u05dd \u05d0\u05d7\u05e8\u05d9\u05dd \u05de\u05d4\u05d7\u05d5\u05de\u05e8\u05d9\u05dd; \u05d0\u05d5\u05b9<\/li>\n\n\n\n<li>\u05dc\u05d4\u05e2\u05d1\u05d9\u05e8 \u05d0\u05ea \u05d4\u05d7\u05d5\u05de\u05e8\u05d9\u05dd \u05dc\u05d0\u05d3\u05dd \u05d0\u05d7\u05e8 \u05d0\u05d5 &quot;\u05dc\u05e9\u05e7\u05e3&quot; \u05d0\u05ea \u05d4\u05d7\u05d5\u05de\u05e8\u05d9\u05dd \u05d1\u05db\u05dc \u05e9\u05e8\u05ea \u05d0\u05d7\u05e8. \u05e8\u05d9\u05e9\u05d9\u05d5\u05df \u05d6\u05d4 \u05d9\u05e1\u05ea\u05d9\u05d9\u05dd \u05d0\u05d5\u05d8\u05d5\u05de\u05d8\u05d9\u05ea \u05d0\u05dd \u05ea\u05e4\u05e8 \u05d0\u05d7\u05ea \u05de\u05d4\u05d4\u05d2\u05d1\u05dc\u05d5\u05ea \u05d4\u05dc\u05dc\u05d5 \u05d5\u05e2\u05e9\u05d5\u05d9 \u05dc\u05d4\u05d9\u05e1\u05d2\u05e8 \u05e2\u05dc \u05d9\u05d3\u05d9 \u05d0\u05e4\u05dc\u05d9\u05e7\u05e6\u05d9\u05d5\u05ea \u05d7\u05d9\u05e0\u05de\u05d9\u05d5\u05ea \u05d1\u05db\u05dc \u05e2\u05ea. \u05e2\u05dd \u05d4\u05e4\u05e1\u05e7\u05ea \u05d4\u05e6\u05e4\u05d9\u05d9\u05d4 \u05e9\u05dc\u05da \u05d1\u05d7\u05d5\u05de\u05e8\u05d9\u05dd \u05d0\u05dc\u05d4 \u05d0\u05d5 \u05e2\u05dd \u05e1\u05d9\u05d5\u05dd \u05e8\u05d9\u05e9\u05d9\u05d5\u05df \u05d6\u05d4, \u05e2\u05dc\u05d9\u05da \u05dc\u05de\u05d7\u05d5\u05e7 \u05db\u05dc \u05d7\u05d5\u05de\u05e8 \u05e9\u05d4\u05d5\u05e8\u05d3\u05ea \u05e9\u05d1\u05e8\u05e9\u05d5\u05ea\u05da \u05d1\u05d9\u05df \u05d0\u05dd \u05d1\u05e4\u05d5\u05e8\u05de\u05d8 \u05d0\u05dc\u05e7\u05d8\u05e8\u05d5\u05e0\u05d9 \u05d0\u05d5 \u05de\u05d5\u05d3\u05e4\u05e1.<\/li>\n<\/ul>\n\n\n\n<ol class=\"wp-block-list\" start=\"3\">\n<li><strong>\u05db\u05ea\u05d1 \u05d5\u05d9\u05ea\u05d5\u05e8<\/strong><\/li>\n<\/ol>\n\n\n\n<p>\u05d4\u05d7\u05d5\u05de\u05e8\u05d9\u05dd \u05d1\u05d0\u05ea\u05e8 \u05d0\u05e4\u05dc\u05d9\u05e7\u05e6\u05d9\u05d5\u05ea \u05d7\u05d9\u05e0\u05dd \u05de\u05e1\u05d5\u05e4\u05e7\u05d9\u05dd &quot;\u05db\u05de\u05d5\u05ea \u05e9\u05d4\u05dd&quot;. Free Apps \u05d0\u05d9\u05e0\u05d4 \u05e0\u05d5\u05ea\u05e0\u05ea \u05d0\u05d7\u05e8\u05d9\u05d5\u05ea, \u05de\u05e4\u05d5\u05e8\u05e9\u05ea \u05d0\u05d5 \u05de\u05e9\u05ea\u05de\u05e2\u05ea, \u05d5\u05d1\u05db\u05da \u05de\u05ea\u05e0\u05e2\u05e8\u05ea \u05d5\u05de\u05d1\u05d8\u05dc\u05ea \u05d0\u05ea \u05db\u05dc \u05d4\u05d0\u05d7\u05e8\u05d9\u05d5\u05ea \u05d4\u05d0\u05d7\u05e8\u05d5\u05ea, \u05dc\u05e8\u05d1\u05d5\u05ea, \u05dc\u05dc\u05d0 \u05d4\u05d2\u05d1\u05dc\u05d4, \u05d0\u05d7\u05e8\u05d9\u05d5\u05ea \u05de\u05e9\u05ea\u05de\u05e2\u05ea \u05d0\u05d5 \u05ea\u05e0\u05d0\u05d9\u05dd \u05e9\u05dc \u05e1\u05d7\u05d9\u05e8\u05d5\u05ea, \u05d4\u05ea\u05d0\u05de\u05d4 \u05dc\u05de\u05d8\u05e8\u05d4 \u05de\u05e1\u05d5\u05d9\u05de\u05ea, \u05d0\u05d5 \u05d0\u05d9-\u05d4\u05e4\u05e8\u05d4 \u05e9\u05dc \u05e7\u05e0\u05d9\u05d9\u05df \u05e8\u05d5\u05d7\u05e0\u05d9 \u05d0\u05d5 \u05d4\u05e4\u05e8\u05d4 \u05d0\u05d7\u05e8\u05ea \u05e9\u05dc \u05d6\u05db\u05d5\u05d9\u05d5\u05ea. \u05db\u05de\u05d5 \u05db\u05df, Free Apps \u05d0\u05d9\u05e0\u05d4 \u05de\u05ea\u05d7\u05d9\u05d9\u05d1\u05ea \u05d0\u05d5 \u05de\u05e6\u05d9\u05d2\u05d4 \u05de\u05e6\u05d2\u05d9\u05dd \u05db\u05dc\u05e9\u05d4\u05dd \u05d1\u05e0\u05d5\u05d2\u05e2 \u05dc\u05d3\u05d9\u05d5\u05e7, \u05d4\u05ea\u05d5\u05e6\u05d0\u05d5\u05ea \u05d4\u05e1\u05d1\u05d9\u05e8\u05d5\u05ea \u05d0\u05d5 \u05d4\u05de\u05d4\u05d9\u05de\u05e0\u05d5\u05ea \u05e9\u05dc \u05d4\u05e9\u05d9\u05de\u05d5\u05e9 \u05d1\u05d7\u05d5\u05de\u05e8\u05d9\u05dd \u05d1\u05d0\u05ea\u05e8 \u05d4\u05d0\u05d9\u05e0\u05d8\u05e8\u05e0\u05d8 \u05e9\u05dc\u05d4 \u05d0\u05d5 \u05d4\u05e7\u05e9\u05d5\u05e8\u05d9\u05dd \u05d1\u05d3\u05e8\u05da \u05d0\u05d7\u05e8\u05ea \u05dc\u05d7\u05d5\u05de\u05e8\u05d9\u05dd \u05db\u05d0\u05dc\u05d4 \u05d0\u05d5 \u05d1\u05d0\u05ea\u05e8\u05d9\u05dd \u05d4\u05de\u05e7\u05d5\u05e9\u05e8\u05d9\u05dd \u05dc\u05d0\u05ea\u05e8 \u05d6\u05d4.<\/p>\n\n\n\n<ol class=\"wp-block-list\" start=\"4\">\n<li><strong>\u05de\u05d2\u05d1\u05dc\u05d5\u05ea<\/strong><\/li>\n<\/ol>\n\n\n\n<p>\u05d1\u05e9\u05d5\u05dd \u05de\u05e7\u05e8\u05d4, Free Apps \u05d0\u05d5 \u05d4\u05e1\u05e4\u05e7\u05d9\u05dd \u05e9\u05dc\u05d4 \u05dc\u05d0 \u05d9\u05d4\u05d9\u05d5 \u05d0\u05d7\u05e8\u05d0\u05d9\u05dd \u05dc\u05db\u05dc \u05e0\u05d6\u05e7 (\u05dc\u05e8\u05d1\u05d5\u05ea, \u05dc\u05dc\u05d0 \u05d4\u05d2\u05d1\u05dc\u05d4, \u05e0\u05d6\u05e7\u05d9\u05dd \u05d1\u05d2\u05d9\u05df \u05d0\u05d5\u05d1\u05d3\u05df \u05e0\u05ea\u05d5\u05e0\u05d9\u05dd \u05d0\u05d5 \u05e8\u05d5\u05d5\u05d7, \u05d0\u05d5 \u05e2\u05e7\u05d1 \u05d4\u05e4\u05e8\u05e2\u05d4 \u05e2\u05e1\u05e7\u05d9\u05ea) \u05d4\u05e0\u05d5\u05d1\u05e2\u05d9\u05dd \u05de\u05d4\u05e9\u05d9\u05de\u05d5\u05e9 \u05d0\u05d5 \u05d7\u05d5\u05e1\u05e8 \u05d4\u05d9\u05db\u05d5\u05dc\u05ea \u05dc\u05d4\u05e9\u05ea\u05de\u05e9 \u05d1\u05d7\u05d5\u05de\u05e8\u05d9\u05dd \u05d1\u05d0\u05e4\u05dc\u05d9\u05e7\u05e6\u05d9\u05d5\u05ea \u05d1\u05d7\u05d9\u05e0\u05dd, \u05d0\u05e4\u05d9\u05dc\u05d5 \u05d0\u05dd \u05d0\u05e4\u05dc\u05d9\u05e7\u05e6\u05d9\u05d5\u05ea \u05d7\u05d9\u05e0\u05dd \u05d0\u05d5 \u05e0\u05e6\u05d9\u05d2 \u05de\u05d5\u05e8\u05e9\u05d4 \u05e9\u05dc \u05d0\u05e4\u05dc\u05d9\u05e7\u05e6\u05d9\u05d5\u05ea \u05d7\u05d9\u05e0\u05dd \u05e7\u05d9\u05d1\u05dc\u05d5 \u05d4\u05d5\u05d3\u05e2\u05d4 \u05d1\u05e2\u05dc \u05e4\u05d4 \u05d0\u05d5 \u05d1\u05db\u05ea\u05d1 \u05e2\u05dc \u05d4\u05d0\u05e4\u05e9\u05e8\u05d5\u05ea \u05e9\u05dc \u05e0\u05d6\u05e7 \u05db\u05d6\u05d4. \u05de\u05db\u05d9\u05d5\u05d5\u05df \u05e9\u05ea\u05d7\u05d5\u05de\u05d9 \u05e9\u05d9\u05e4\u05d5\u05d8 \u05de\u05e1\u05d5\u05d9\u05de\u05d9\u05dd \u05d0\u05d9\u05e0\u05dd \u05de\u05ea\u05d9\u05e8\u05d9\u05dd \u05d4\u05d2\u05d1\u05dc\u05d5\u05ea \u05e2\u05dc \u05d0\u05d7\u05e8\u05d9\u05d5\u05ea \u05de\u05e9\u05ea\u05de\u05e2\u05ea, \u05d0\u05d5 \u05d4\u05d2\u05d1\u05dc\u05d5\u05ea \u05e9\u05dc \u05d0\u05d7\u05e8\u05d9\u05d5\u05ea \u05dc\u05e0\u05d6\u05e7\u05d9\u05dd \u05ea\u05d5\u05e6\u05d0\u05ea\u05d9\u05d9\u05dd \u05d0\u05d5 \u05de\u05e7\u05e8\u05d9\u05d9\u05dd, \u05d9\u05d9\u05ea\u05db\u05df \u05e9\u05d4\u05d2\u05d1\u05dc\u05d5\u05ea \u05d0\u05dc\u05d4 \u05dc\u05d0 \u05d9\u05d7\u05d5\u05dc\u05d5 \u05e2\u05dc\u05d9\u05da.<\/p>\n\n\n\n<ol class=\"wp-block-list\" start=\"5\">\n<li><strong>\u05d3\u05d9\u05d5\u05e7 \u05e9\u05dc \u05d7\u05d5\u05de\u05e8\u05d9\u05dd<\/strong><\/li>\n<\/ol>\n\n\n\n<p>\u05d4\u05d7\u05d5\u05de\u05e8\u05d9\u05dd \u05d4\u05de\u05d5\u05e4\u05d9\u05e2\u05d9\u05dd \u05d1\u05d0\u05ea\u05e8 Free Apps \u05e2\u05e9\u05d5\u05d9\u05d9\u05dd \u05dc\u05db\u05dc\u05d5\u05dc \u05e9\u05d2\u05d9\u05d0\u05d5\u05ea \u05d8\u05db\u05e0\u05d9\u05d5\u05ea, \u05d3\u05e4\u05d5\u05e1\u05d9\u05d5\u05ea \u05d0\u05d5 \u05e6\u05d9\u05dc\u05d5\u05dd. Free Apps \u05d0\u05d9\u05e0\u05d4 \u05de\u05ea\u05d7\u05d9\u05d9\u05d1\u05ea \u05e9\u05d7\u05d5\u05de\u05e8\u05d9\u05dd \u05db\u05dc\u05e9\u05d4\u05dd \u05d1\u05d0\u05ea\u05e8 \u05d4\u05d0\u05d9\u05e0\u05d8\u05e8\u05e0\u05d8 \u05e9\u05dc\u05d4 \u05de\u05d3\u05d5\u05d9\u05e7\u05d9\u05dd, \u05de\u05dc\u05d0\u05d9\u05dd \u05d0\u05d5 \u05e2\u05d3\u05db\u05e0\u05d9\u05d9\u05dd. \u05d0\u05e4\u05dc\u05d9\u05e7\u05e6\u05d9\u05d5\u05ea \u05d7\u05d9\u05e0\u05de\u05d9\u05d5\u05ea \u05e2\u05e9\u05d5\u05d9\u05d5\u05ea \u05dc\u05d1\u05e6\u05e2 \u05e9\u05d9\u05e0\u05d5\u05d9\u05d9\u05dd \u05d1\u05d7\u05d5\u05de\u05e8\u05d9\u05dd \u05d4\u05db\u05dc\u05d5\u05dc\u05d9\u05dd \u05d1\u05d0\u05ea\u05e8 \u05d4\u05d0\u05d9\u05e0\u05d8\u05e8\u05e0\u05d8 \u05e9\u05dc\u05d4 \u05d1\u05db\u05dc \u05e2\u05ea \u05dc\u05dc\u05d0 \u05d4\u05d5\u05d3\u05e2\u05d4 \u05de\u05d5\u05e7\u05d3\u05de\u05ea. \u05e2\u05dd \u05d6\u05d0\u05ea, \u05d0\u05e4\u05dc\u05d9\u05e7\u05e6\u05d9\u05d5\u05ea \u05d7\u05d9\u05e0\u05dd \u05dc\u05d0 \u05de\u05ea\u05d7\u05d9\u05d9\u05d1\u05d5\u05ea \u05dc\u05e2\u05d3\u05db\u05df \u05d0\u05ea \u05d4\u05d7\u05d5\u05de\u05e8\u05d9\u05dd.<\/p>\n\n\n\n<ol class=\"wp-block-list\" start=\"6\">\n<li><strong>\u05e7\u05d9\u05e9\u05d5\u05e8\u05d9\u05dd<\/strong><\/li>\n<\/ol>\n\n\n\n<p>Free Applications \u05dc\u05d0 \u05d1\u05d7\u05e0\u05d4 \u05d0\u05ea \u05db\u05dc \u05d4\u05d0\u05ea\u05e8\u05d9\u05dd \u05d4\u05de\u05e7\u05d5\u05e9\u05e8\u05d9\u05dd \u05dc\u05d0\u05ea\u05e8 \u05e9\u05dc\u05d4 \u05d5\u05d0\u05d9\u05e0\u05d4 \u05d0\u05d7\u05e8\u05d0\u05d9\u05ea \u05dc\u05ea\u05d5\u05db\u05df \u05e9\u05dc \u05db\u05dc \u05d0\u05ea\u05e8 \u05de\u05e7\u05d5\u05e9\u05e8. \u05d4\u05db\u05dc\u05dc\u05ea \u05db\u05dc \u05e7\u05d9\u05e9\u05d5\u05e8 \u05d0\u05d9\u05e0\u05d4 \u05de\u05e2\u05d9\u05d3\u05d4 \u05e2\u05dc \u05d0\u05d9\u05e9\u05d5\u05e8 \u05e9\u05dc \u05d9\u05d9\u05e9\u05d5\u05de\u05d9\u05dd \u05d1\u05d7\u05d9\u05e0\u05dd \u05e9\u05dc \u05d4\u05d0\u05ea\u05e8. \u05d4\u05e9\u05d9\u05de\u05d5\u05e9 \u05d1\u05db\u05dc \u05d0\u05ea\u05e8 \u05de\u05e7\u05d5\u05e9\u05e8 \u05d4\u05d5\u05d0 \u05e2\u05dc \u05d0\u05d7\u05e8\u05d9\u05d5\u05ea \u05d4\u05de\u05e9\u05ea\u05de\u05e9 \u05d1\u05dc\u05d1\u05d3.<\/p>\n\n\n\n<p><strong>\u05e9\u05d9\u05e0\u05d5\u05d9\u05d9\u05dd<\/strong><\/p>\n\n\n\n<p>\u05d0\u05e4\u05dc\u05d9\u05e7\u05e6\u05d9\u05d5\u05ea \u05d7\u05d9\u05e0\u05de\u05d9\u05d5\u05ea \u05e8\u05e9\u05d0\u05d9\u05d5\u05ea \u05dc\u05e9\u05e0\u05d5\u05ea \u05d0\u05ea \u05ea\u05e0\u05d0\u05d9 \u05d4\u05e9\u05d9\u05e8\u05d5\u05ea \u05e2\u05d1\u05d5\u05e8 \u05d4\u05d0\u05ea\u05e8 \u05e9\u05dc\u05d4 \u05d1\u05db\u05dc \u05e2\u05ea \u05dc\u05dc\u05d0 \u05d4\u05d5\u05d3\u05e2\u05d4 \u05de\u05d5\u05e7\u05d3\u05de\u05ea. \u05e2\u05dc \u05d9\u05d3\u05d9 \u05e9\u05d9\u05de\u05d5\u05e9 \u05d1\u05d0\u05ea\u05e8 \u05d6\u05d4, \u05d0\u05ea\u05d4 \u05de\u05e1\u05db\u05d9\u05dd \u05dc\u05d4\u05d9\u05d5\u05ea \u05de\u05d7\u05d5\u05d9\u05d1 \u05dc\u05d2\u05e8\u05e1\u05d4 \u05d4\u05e0\u05d5\u05db\u05d7\u05d9\u05ea \u05e9\u05dc \u05ea\u05e0\u05d0\u05d9 \u05e9\u05d9\u05e8\u05d5\u05ea \u05d0\u05dc\u05d4.<\/p>\n\n\n\n<p><strong>\u05d7\u05d5\u05e7 \u05d9\u05e9\u05d9\u05dd<\/strong><\/p>\n\n\n\n<p>\u05ea\u05e0\u05d0\u05d9\u05dd \u05d5\u05d4\u05d2\u05d1\u05dc\u05d5\u05ea \u05d0\u05dc\u05d5 \u05db\u05e4\u05d5\u05e4\u05d9\u05dd \u05d5\u05de\u05ea\u05e4\u05e8\u05e9\u05d9\u05dd \u05d1\u05d4\u05ea\u05d0\u05dd \u05dc\u05d7\u05d5\u05e7\u05d9\u05dd \u05e9\u05dc \u05d0\u05e4\u05dc\u05d9\u05e7\u05e6\u05d9\u05d5\u05ea \u05d7\u05d9\u05e0\u05dd, \u05d5\u05d0\u05ea\u05d4 \u05e0\u05db\u05e0\u05e2 \u05d1\u05d0\u05d5\u05e4\u05df \u05d1\u05dc\u05ea\u05d9 \u05d4\u05e4\u05d9\u05da \u05dc\u05e1\u05de\u05db\u05d5\u05ea \u05d4\u05e9\u05d9\u05e4\u05d5\u05d8 \u05d4\u05d1\u05dc\u05e2\u05d3\u05d9\u05ea \u05e9\u05dc \u05d1\u05ea\u05d9 \u05d4\u05de\u05e9\u05e4\u05d8 \u05d1\u05d0\u05d5\u05ea\u05d4 \u05de\u05d3\u05d9\u05e0\u05d4 \u05d0\u05d5 \u05de\u05d9\u05e7\u05d5\u05dd.<\/p>","protected":false},"excerpt":{"rendered":"<p>Ao acessar o site Aplicativos Gr\u00e1tis, voc\u00ea concorda em cumprir estes termos de servi\u00e7o, todas as leis e regulamentos aplic\u00e1veis, e reconhece que \u00e9 respons\u00e1vel pelo cumprimento de todas as leis locais aplic\u00e1veis. Se voc\u00ea n\u00e3o concordar com algum desses termos, est\u00e1 proibido de usar ou acessar este site. Os materiais contidos neste site est\u00e3o [&hellip;]<\/p>\n","protected":false},"author":1,"featured_media":0,"parent":0,"menu_order":0,"comment_status":"closed","ping_status":"closed","template":"","meta":{"footnotes":""},"class_list":["post-174","page","type-page","status-publish"],"_links":{"self":[{"href":"https:\/\/aplicativosgratis.com\/he\/wp-json\/wp\/v2\/pages\/174","targetHints":{"allow":["GET"]}}],"collection":[{"href":"https:\/\/aplicativosgratis.com\/he\/wp-json\/wp\/v2\/pages"}],"about":[{"href":"https:\/\/aplicativosgratis.com\/he\/wp-json\/wp\/v2\/types\/page"}],"author":[{"embeddable":true,"href":"https:\/\/aplicativosgratis.com\/he\/wp-json\/wp\/v2\/users\/1"}],"replies":[{"embeddable":true,"href":"https:\/\/aplicativosgratis.com\/he\/wp-json\/wp\/v2\/comments?post=174"}],"version-history":[{"count":2,"href":"https:\/\/aplicativosgratis.com\/he\/wp-json\/wp\/v2\/pages\/174\/revisions"}],"predecessor-version":[{"id":340,"href":"https:\/\/aplicativosgratis.com\/he\/wp-json\/wp\/v2\/pages\/174\/revisions\/340"}],"wp:attachment":[{"href":"https:\/\/aplicativosgratis.com\/he\/wp-json\/wp\/v2\/media?parent=174"}],"curies":[{"name":"wp","href":"https:\/\/api.w.org\/{rel}","templated":true}]}}