{"id":170,"date":"2024-04-30T06:02:53","date_gmt":"2024-04-30T06:02:53","guid":{"rendered":"https:\/\/aplicativosgratis.com\/?page_id=170"},"modified":"2024-05-07T22:21:16","modified_gmt":"2024-05-07T22:21:16","slug":"%d7%9e%d7%93%d7%99%d7%a0%d7%99%d7%95%d7%aa-%d7%94%d7%a4%d7%a8%d7%98%d7%99%d7%95%d7%aa","status":"publish","type":"page","link":"https:\/\/aplicativosgratis.com\/he\/politica-de-privacidade\/","title":{"rendered":"\u05de\u05d3\u05d9\u05e0\u05d9\u05d5\u05ea \u05d4\u05e4\u05e8\u05d8\u05d9\u05d5\u05ea"},"content":{"rendered":"<p>\u05d4\u05e4\u05e8\u05d8\u05d9\u05d5\u05ea \u05e9\u05dc\u05da \u05d7\u05e9\u05d5\u05d1\u05d4 \u05dc\u05e0\u05d5. \u05d4\u05de\u05d3\u05d9\u05e0\u05d9\u05d5\u05ea \u05e9\u05dc \u05d0\u05e4\u05dc\u05d9\u05e7\u05e6\u05d9\u05d5\u05ea \u05d7\u05d9\u05e0\u05de\u05d9\u05d5\u05ea \u05d4\u05d9\u05d0 \u05dc\u05db\u05d1\u05d3 \u05d0\u05ea \u05e4\u05e8\u05d8\u05d9\u05d5\u05ea\u05da \u05dc\u05d2\u05d1\u05d9 \u05db\u05dc \u05de\u05d9\u05d3\u05e2 \u05e9\u05d0\u05e0\u05d5 \u05e2\u05e9\u05d5\u05d9\u05d9\u05dd \u05dc\u05d0\u05e1\u05d5\u05e3 \u05de\u05de\u05da \u05d1\u05d0\u05ea\u05e8 \u05d0\u05e4\u05dc\u05d9\u05e7\u05e6\u05d9\u05d5\u05ea \u05d7\u05d9\u05e0\u05dd, \u05d5\u05d1\u05d0\u05ea\u05e8\u05d9\u05dd \u05d0\u05d7\u05e8\u05d9\u05dd \u05e9\u05d1\u05d1\u05e2\u05dc\u05d5\u05ea\u05e0\u05d5 \u05d5\u05de\u05e4\u05e2\u05d9\u05dc\u05d9\u05dd. \u05d0\u05e0\u05d5 \u05de\u05d1\u05e7\u05e9\u05d9\u05dd \u05de\u05d9\u05d3\u05e2 \u05d0\u05d9\u05e9\u05d9 \u05e8\u05e7 \u05db\u05d0\u05e9\u05e8 \u05d0\u05e0\u05d5 \u05d1\u05d0\u05de\u05ea \u05d6\u05e7\u05d5\u05e7\u05d9\u05dd \u05dc\u05d5 \u05db\u05d3\u05d9 \u05dc\u05e1\u05e4\u05e7 \u05dc\u05da \u05e9\u05d9\u05e8\u05d5\u05ea. \u05d0\u05e0\u05d5 \u05e2\u05d5\u05e9\u05d9\u05dd \u05d6\u05d0\u05ea \u05d1\u05d0\u05de\u05e6\u05e2\u05d9\u05dd \u05d4\u05d5\u05d2\u05e0\u05d9\u05dd \u05d5\u05d7\u05d5\u05e7\u05d9\u05d9\u05dd, \u05d1\u05d9\u05d3\u05d9\u05e2\u05ea\u05da \u05d5\u05d1\u05d4\u05e1\u05db\u05de\u05ea\u05da. \u05d0\u05e0\u05d5 \u05d2\u05dd \u05de\u05e1\u05e4\u05e8\u05d9\u05dd \u05dc\u05da \u05de\u05d3\u05d5\u05e2 \u05d0\u05e0\u05d5 \u05d0\u05d5\u05e1\u05e4\u05d9\u05dd \u05d0\u05d5\u05ea\u05d5 \u05d5\u05db\u05d9\u05e6\u05d3 \u05d9\u05e9\u05de\u05e9\u05d5 \u05d0\u05d5\u05ea\u05d5. \u05d0\u05e0\u05d5 \u05e9\u05d5\u05de\u05e8\u05d9\u05dd \u05de\u05d9\u05d3\u05e2 \u05e9\u05e0\u05d0\u05e1\u05e3 \u05e8\u05e7 \u05db\u05dc \u05d6\u05de\u05df \u05d4\u05d3\u05e8\u05d5\u05e9 \u05db\u05d3\u05d9 \u05dc\u05e1\u05e4\u05e7 \u05d0\u05ea \u05d4\u05e9\u05d9\u05e8\u05d5\u05ea \u05d4\u05de\u05d1\u05d5\u05e7\u05e9. \u05db\u05d0\u05e9\u05e8 \u05d0\u05e0\u05d5 \u05de\u05d0\u05d7\u05e1\u05e0\u05d9\u05dd \u05e0\u05ea\u05d5\u05e0\u05d9\u05dd, \u05d0\u05e0\u05d5 \u05de\u05d2\u05e0\u05d9\u05dd \u05e2\u05dc\u05d9\u05d4\u05dd \u05d1\u05d0\u05de\u05e6\u05e2\u05d9\u05dd \u05de\u05e7\u05d5\u05d1\u05dc\u05d9\u05dd \u05de\u05d1\u05d7\u05d9\u05e0\u05d4 \u05de\u05e1\u05d7\u05e8\u05d9\u05ea \u05db\u05d3\u05d9 \u05dc\u05de\u05e0\u05d5\u05e2 \u05d0\u05d5\u05d1\u05d3\u05df \u05d5\u05d2\u05e0\u05d9\u05d1\u05d4, \u05db\u05de\u05d5 \u05d2\u05dd \u05d2\u05d9\u05e9\u05d4 \u05dc\u05d0 \u05de\u05d5\u05e8\u05e9\u05d9\u05ea, \u05d7\u05e9\u05d9\u05e4\u05d4, \u05d4\u05e2\u05ea\u05e7\u05d4, \u05e9\u05d9\u05de\u05d5\u05e9 \u05d0\u05d5 \u05e9\u05d9\u05e0\u05d5\u05d9. \u05d0\u05d9\u05e0\u05e0\u05d5 \u05d7\u05d5\u05dc\u05e7\u05d9\u05dd \u05de\u05d9\u05d3\u05e2 \u05d0\u05d9\u05e9\u05d9 \u05de\u05d6\u05d4\u05d4 \u05d1\u05e4\u05d5\u05de\u05d1\u05d9 \u05d0\u05d5 \u05e2\u05dd \u05e6\u05d3\u05d3\u05d9\u05dd \u05e9\u05dc\u05d9\u05e9\u05d9\u05d9\u05dd \u05d0\u05dc\u05d0 \u05db\u05d0\u05e9\u05e8 \u05d4\u05d3\u05d1\u05e8 \u05e0\u05d3\u05e8\u05e9 \u05e2\u05dc \u05e4\u05d9 \u05d7\u05d5\u05e7. \u05d1\u05d0\u05ea\u05e8 \u05e9\u05dc\u05e0\u05d5 \u05e2\u05e9\u05d5\u05d9\u05d9\u05dd \u05dc\u05d4\u05d9\u05d5\u05ea \u05e7\u05d9\u05e9\u05d5\u05e8\u05d9\u05dd \u05dc\u05d0\u05ea\u05e8\u05d9\u05dd \u05d7\u05d9\u05e6\u05d5\u05e0\u05d9\u05d9\u05dd \u05e9\u05d0\u05d9\u05e0\u05dd \u05de\u05d5\u05e4\u05e2\u05dc\u05d9\u05dd \u05e2\u05dc \u05d9\u05d3\u05d9\u05e0\u05d5. \u05d0\u05e0\u05d0 \u05e9\u05d9\u05dd \u05dc\u05d1 \u05e9\u05d0\u05d9\u05df \u05dc\u05e0\u05d5 \u05e9\u05dc\u05d9\u05d8\u05d4 \u05e2\u05dc \u05d4\u05ea\u05d5\u05db\u05df \u05d5\u05d4\u05e0\u05d4\u05dc\u05d9\u05dd \u05e9\u05dc \u05d0\u05ea\u05e8\u05d9\u05dd \u05d0\u05dc\u05d4, \u05d5\u05d0\u05d9\u05df \u05dc\u05e0\u05d5 \u05d0\u05e4\u05e9\u05e8\u05d5\u05ea \u05dc\u05e7\u05d1\u05dc \u05d0\u05d7\u05e8\u05d9\u05d5\u05ea \u05e2\u05dc \u05de\u05d3\u05d9\u05e0\u05d9\u05d5\u05ea \u05d4\u05e4\u05e8\u05d8\u05d9\u05d5\u05ea \u05e9\u05dc\u05d4\u05dd. \u05d0\u05ea\u05d4 \u05d7\u05d5\u05e4\u05e9\u05d9 \u05dc\u05e1\u05e8\u05d1 \u05dc\u05d1\u05e7\u05e9\u05ea\u05e0\u05d5 \u05dc\u05e7\u05d1\u05dc\u05ea \u05d4\u05de\u05d9\u05d3\u05e2 \u05d4\u05d0\u05d9\u05e9\u05d9 \u05e9\u05dc\u05da, \u05de\u05ea\u05d5\u05da \u05d4\u05d1\u05e0\u05d4 \u05db\u05d9 \u05d9\u05d9\u05ea\u05db\u05df \u05e9\u05dc\u05d0 \u05e0\u05d5\u05db\u05dc \u05dc\u05e1\u05e4\u05e7 \u05dc\u05da \u05d7\u05dc\u05e7 \u05de\u05d4\u05e9\u05d9\u05e8\u05d5\u05ea\u05d9\u05dd \u05d4\u05e8\u05e6\u05d5\u05d9\u05d9\u05dd \u05dc\u05da. \u05d4\u05de\u05e9\u05da \u05d4\u05e9\u05d9\u05de\u05d5\u05e9 \u05e9\u05dc\u05da \u05d1\u05d0\u05ea\u05e8 \u05d4\u05d0\u05d9\u05e0\u05d8\u05e8\u05e0\u05d8 \u05e9\u05dc\u05e0\u05d5 \u05d9\u05d9\u05d7\u05e9\u05d1 \u05db\u05e7\u05d1\u05dc\u05ea \u05d4\u05e0\u05d5\u05d4\u05dc\u05d9\u05dd \u05e9\u05dc\u05e0\u05d5 \u05dc\u05d2\u05d1\u05d9 \u05e4\u05e8\u05d8\u05d9\u05d5\u05ea \u05d5\u05de\u05d9\u05d3\u05e2 \u05d0\u05d9\u05e9\u05d9. \u05d0\u05dd \u05d9\u05e9 \u05dc\u05da \u05e9\u05d0\u05dc\u05d5\u05ea \u05dc\u05d2\u05d1\u05d9 \u05d4\u05d0\u05d5\u05e4\u05df \u05e9\u05d1\u05d5 \u05d0\u05e0\u05d5 \u05de\u05d8\u05e4\u05dc\u05d9\u05dd \u05d1\u05e0\u05ea\u05d5\u05e0\u05d9 \u05de\u05e9\u05ea\u05de\u05e9\u05d9\u05dd \u05d5\u05d1\u05de\u05d9\u05d3\u05e2 \u05d0\u05d9\u05e9\u05d9, \u05d0\u05e0\u05d0 \u05e6\u05d5\u05e8 \u05d0\u05d9\u05ea\u05e0\u05d5 \u05e7\u05e9\u05e8.<\/p>\n\n\n\n<p><strong>\u05de\u05d3\u05d9\u05e0\u05d9\u05d5\u05ea \u05e7\u05d5\u05d1\u05e6\u05d9 Cookie \u05d9\u05d9\u05e9\u05d5\u05de\u05d9\u05dd \u05d1\u05d7\u05d9\u05e0\u05dd<\/strong><\/p>\n\n\n\n<p><strong>\u05de\u05d4\u05df \u05e2\u05d5\u05d2\u05d9\u05d5\u05ea?<\/strong> \u05db\u05e4\u05d9 \u05e9\u05de\u05e7\u05d5\u05d1\u05dc \u05db\u05de\u05e2\u05d8 \u05d1\u05db\u05dc \u05d4\u05d0\u05ea\u05e8\u05d9\u05dd \u05d4\u05de\u05e7\u05e6\u05d5\u05e2\u05d9\u05d9\u05dd, \u05d0\u05ea\u05e8 \u05d6\u05d4 \u05de\u05e9\u05ea\u05de\u05e9 \u05d1\u05e7\u05d5\u05d1\u05e6\u05d9 Cookie, \u05e9\u05d4\u05dd \u05e7\u05d1\u05e6\u05d9\u05dd \u05e7\u05d8\u05e0\u05d9\u05dd \u05d4\u05de\u05d5\u05e8\u05d9\u05d3\u05d9\u05dd \u05dc\u05de\u05d7\u05e9\u05d1 \u05e9\u05dc\u05da, \u05db\u05d3\u05d9 \u05dc\u05e9\u05e4\u05e8 \u05d0\u05ea \u05d4\u05d7\u05d5\u05d5\u05d9\u05d4 \u05e9\u05dc\u05da. \u05d3\u05e3 \u05d6\u05d4 \u05de\u05ea\u05d0\u05e8 \u05d0\u05d9\u05d6\u05d4 \u05de\u05d9\u05d3\u05e2 \u05d4\u05dd \u05d0\u05d5\u05e1\u05e4\u05d9\u05dd, \u05db\u05d9\u05e6\u05d3 \u05d0\u05e0\u05d5 \u05de\u05e9\u05ea\u05de\u05e9\u05d9\u05dd \u05d1\u05d5 \u05d5\u05de\u05d3\u05d5\u05e2 \u05d0\u05e0\u05d5 \u05e6\u05e8\u05d9\u05db\u05d9\u05dd \u05dc\u05e4\u05e2\u05de\u05d9\u05dd \u05dc\u05d0\u05d7\u05e1\u05df \u05e7\u05d5\u05d1\u05e6\u05d9 Cookie \u05d0\u05dc\u05d4. \u05d0\u05e0\u05d5 \u05d2\u05dd \u05e0\u05e9\u05ea\u05e3 \u05db\u05d9\u05e6\u05d3 \u05ea\u05d5\u05db\u05dc \u05dc\u05de\u05e0\u05d5\u05e2 \u05de\u05d0\u05d7\u05e1\u05e0\u05ea \u05e2\u05d5\u05d2\u05d9\u05d5\u05ea \u05d0\u05dc\u05d5, \u05d0\u05d5\u05dc\u05dd \u05d4\u05d3\u05d1\u05e8 \u05e2\u05dc\u05d5\u05dc \u05dc\u05e9\u05d3\u05e8\u05d2 \u05dc\u05d0\u05d7\u05d5\u05e8 \u05d0\u05d5 &#039;\u05dc\u05e9\u05d1\u05d5\u05e8&#039; \u05d0\u05dc\u05de\u05e0\u05d8\u05d9\u05dd \u05de\u05e1\u05d5\u05d9\u05de\u05d9\u05dd \u05d1\u05e4\u05d5\u05e0\u05e7\u05e6\u05d9\u05d5\u05e0\u05dc\u05d9\u05d5\u05ea \u05e9\u05dc \u05d4\u05d0\u05ea\u05e8.<\/p>\n\n\n\n<p><strong>\u05db\u05d9\u05e6\u05d3 \u05d0\u05e0\u05d5 \u05de\u05e9\u05ea\u05de\u05e9\u05d9\u05dd \u05d1\u05e2\u05d5\u05d2\u05d9\u05d5\u05ea?<\/strong> \u05d0\u05e0\u05d5 \u05de\u05e9\u05ea\u05de\u05e9\u05d9\u05dd \u05d1\u05e2\u05d5\u05d2\u05d9\u05d5\u05ea \u05de\u05de\u05e1\u05e4\u05e8 \u05e1\u05d9\u05d1\u05d5\u05ea, \u05d4\u05de\u05e4\u05d5\u05e8\u05d8\u05d5\u05ea \u05dc\u05d4\u05dc\u05df. \u05dc\u05de\u05e8\u05d1\u05d4 \u05d4\u05e6\u05e2\u05e8, \u05d1\u05e8\u05d5\u05d1 \u05d4\u05de\u05e7\u05e8\u05d9\u05dd \u05d0\u05d9\u05df \u05d0\u05e4\u05e9\u05e8\u05d5\u05d9\u05d5\u05ea \u05e1\u05d8\u05e0\u05d3\u05e8\u05d8\u05d9\u05d5\u05ea \u05d1\u05ea\u05e2\u05e9\u05d9\u05d9\u05d4 \u05dc\u05d1\u05d9\u05d8\u05d5\u05dc \u05e7\u05d5\u05d1\u05e6\u05d9 Cookie \u05de\u05d1\u05dc\u05d9 \u05dc\u05d4\u05e9\u05d1\u05d9\u05ea \u05dc\u05d7\u05dc\u05d5\u05d8\u05d9\u05df \u05d0\u05ea \u05d4\u05e4\u05d5\u05e0\u05e7\u05e6\u05d9\u05d5\u05e0\u05dc\u05d9\u05d5\u05ea \u05d5\u05d4\u05ea\u05db\u05d5\u05e0\u05d5\u05ea \u05e9\u05d4\u05dd \u05de\u05d5\u05e1\u05d9\u05e4\u05d9\u05dd \u05dc\u05d0\u05ea\u05e8 \u05d6\u05d4. \u05de\u05d5\u05de\u05dc\u05e5 \u05dc\u05d4\u05e9\u05d0\u05d9\u05e8 \u05d0\u05ea \u05db\u05dc \u05d4\u05e2\u05d5\u05d2\u05d9\u05d5\u05ea \u05d0\u05dd \u05d0\u05d9\u05e0\u05da \u05d1\u05d8\u05d5\u05d7 \u05d0\u05dd \u05d0\u05ea\u05d4 \u05d6\u05e7\u05d5\u05e7 \u05dc\u05d4\u05df \u05d0\u05d5 \u05dc\u05d0 \u05d1\u05de\u05e7\u05e8\u05d4 \u05e9\u05d4\u05df \u05de\u05e9\u05de\u05e9\u05d5\u05ea \u05dc\u05de\u05ea\u05df \u05e9\u05d9\u05e8\u05d5\u05ea \u05e9\u05d1\u05d5 \u05d0\u05ea\u05d4 \u05de\u05e9\u05ea\u05de\u05e9.<\/p>\n\n\n\n<p><strong>\u05d4\u05e9\u05d1\u05ea \u05e7\u05d5\u05d1\u05e6\u05d9 Cookie<\/strong> \u05d0\u05ea\u05d4 \u05d9\u05db\u05d5\u05dc \u05dc\u05de\u05e0\u05d5\u05e2 \u05d0\u05ea \u05d4\u05d2\u05d3\u05e8\u05ea \u05d4\u05e2\u05d5\u05d2\u05d9\u05d5\u05ea \u05e2\u05dc \u05d9\u05d3\u05d9 \u05d4\u05ea\u05d0\u05de\u05ea \u05d4\u05d2\u05d3\u05e8\u05d5\u05ea \u05d4\u05d3\u05e4\u05d3\u05e4\u05df \u05e9\u05dc\u05da (\u05e8\u05d0\u05d4 \u05e2\u05d6\u05e8\u05d4 \u05e9\u05dc \u05d4\u05d3\u05e4\u05d3\u05e4\u05df \u05e9\u05dc\u05da \u05db\u05d9\u05e6\u05d3 \u05dc\u05e2\u05e9\u05d5\u05ea \u05d6\u05d0\u05ea). \u05d0\u05e0\u05d0 \u05e9\u05d9\u05dd \u05dc\u05d1 \u05e9\u05d4\u05e9\u05d1\u05ea\u05ea \u05e7\u05d5\u05d1\u05e6\u05d9 Cookie \u05ea\u05e9\u05e4\u05d9\u05e2 \u05e2\u05dc \u05d4\u05e4\u05d5\u05e0\u05e7\u05e6\u05d9\u05d5\u05e0\u05dc\u05d9\u05d5\u05ea \u05e9\u05dc \u05d0\u05ea\u05e8\u05d9\u05dd \u05d6\u05d4 \u05d5\u05e9\u05dc \u05d0\u05ea\u05e8\u05d9\u05dd \u05e8\u05d1\u05d9\u05dd \u05d0\u05d7\u05e8\u05d9\u05dd \u05e9\u05d1\u05d4\u05dd \u05d0\u05ea\u05d4 \u05de\u05d1\u05e7\u05e8. \u05d4\u05e9\u05d1\u05ea\u05ea \u05e7\u05d5\u05d1\u05e6\u05d9 Cookie \u05ea\u05d2\u05e8\u05d5\u05dd \u05d1\u05d3\u05e8\u05da \u05db\u05dc\u05dc \u05dc\u05d4\u05e9\u05d1\u05d9\u05ea \u05e4\u05d5\u05e0\u05e7\u05e6\u05d9\u05d5\u05e0\u05dc\u05d9\u05d5\u05ea \u05d5\u05ea\u05db\u05d5\u05e0\u05d5\u05ea \u05de\u05e1\u05d5\u05d9\u05de\u05d5\u05ea \u05e9\u05dc \u05d0\u05ea\u05e8 \u05d6\u05d4. \u05dc\u05db\u05df, \u05de\u05d5\u05de\u05dc\u05e5 \u05dc\u05d0 \u05dc\u05d4\u05e9\u05d1\u05d9\u05ea \u05d0\u05ea \u05d4\u05e2\u05d5\u05d2\u05d9\u05d5\u05ea.<\/p>\n\n\n\n<p><strong>\u05e2\u05d5\u05d2\u05d9\u05d5\u05ea \u05e9\u05d0\u05e0\u05d5 \u05de\u05d2\u05d3\u05d9\u05e8\u05d9\u05dd<\/strong><\/p>\n\n\n\n<ul class=\"wp-block-list\">\n<li><strong>\u05e7\u05d5\u05d1\u05e6\u05d9 Cookie \u05d4\u05e7\u05e9\u05d5\u05e8\u05d9\u05dd \u05dc\u05d7\u05e9\u05d1\u05d5\u05df<\/strong>: \u05d0\u05dd \u05ea\u05d9\u05e6\u05d5\u05e8 \u05d0\u05d9\u05ea\u05e0\u05d5 \u05d7\u05e9\u05d1\u05d5\u05df, \u05d0\u05e0\u05d5 \u05e0\u05e9\u05ea\u05de\u05e9 \u05d1\u05e7\u05d5\u05d1\u05e6\u05d9 Cookie \u05db\u05d3\u05d9 \u05dc\u05e0\u05d4\u05dc \u05d0\u05ea \u05ea\u05d4\u05dc\u05d9\u05da \u05d4\u05e8\u05d9\u05e9\u05d5\u05dd \u05d5\u05d4\u05e0\u05d9\u05d4\u05d5\u05dc \u05d4\u05db\u05dc\u05dc\u05d9. \u05e7\u05d5\u05d1\u05e6\u05d9 Cookie \u05d0\u05dc\u05d4 \u05d9\u05d9\u05de\u05d7\u05e7\u05d5 \u05d1\u05d3\u05e8\u05da \u05db\u05dc\u05dc \u05db\u05e9\u05d0\u05ea\u05d4 \u05de\u05ea\u05e0\u05ea\u05e7, \u05d0\u05d5\u05dc\u05dd \u05d1\u05de\u05e7\u05e8\u05d9\u05dd \u05de\u05e1\u05d5\u05d9\u05de\u05d9\u05dd \u05d4\u05dd \u05e2\u05e9\u05d5\u05d9\u05d9\u05dd \u05dc\u05d4\u05d9\u05e9\u05d0\u05e8 \u05dc\u05d0\u05d7\u05e8 \u05de\u05db\u05df \u05db\u05d3\u05d9 \u05dc\u05d6\u05db\u05d5\u05e8 \u05d0\u05ea \u05d4\u05e2\u05d3\u05e4\u05d5\u05ea \u05d4\u05d0\u05ea\u05e8 \u05e9\u05dc\u05da \u05db\u05d0\u05e9\u05e8 \u05d0\u05ea\u05d4 \u05de\u05ea\u05e0\u05ea\u05e7.<\/li>\n\n\n\n<li><strong>\u05e2\u05d5\u05d2\u05d9\u05d5\u05ea \u05d4\u05e7\u05e9\u05d5\u05e8\u05d5\u05ea \u05dc\u05db\u05e0\u05d9\u05e1\u05d4<\/strong>: \u05d0\u05e0\u05d5 \u05de\u05e9\u05ea\u05de\u05e9\u05d9\u05dd \u05d1\u05e7\u05d5\u05d1\u05e6\u05d9 Cookie \u05db\u05d0\u05e9\u05e8 \u05d0\u05ea\u05d4 \u05de\u05d7\u05d5\u05d1\u05e8, \u05db\u05d3\u05d9 \u05e9\u05e0\u05d5\u05db\u05dc \u05dc\u05d6\u05db\u05d5\u05e8 \u05d0\u05ea \u05d4\u05e4\u05e2\u05d5\u05dc\u05d4 \u05d4\u05d6\u05d5. \u05d6\u05d4 \u05d7\u05d5\u05e1\u05da \u05de\u05de\u05da \u05d0\u05ea \u05d4\u05e6\u05d5\u05e8\u05da \u05dc\u05d4\u05ea\u05d7\u05d1\u05e8 \u05d1\u05db\u05dc \u05e4\u05e2\u05dd \u05e9\u05d0\u05ea\u05d4 \u05de\u05d1\u05e7\u05e8 \u05d1\u05d3\u05e3 \u05d7\u05d3\u05e9. \u05e7\u05d5\u05d1\u05e6\u05d9 Cookie \u05d0\u05dc\u05d4 \u05de\u05d5\u05e1\u05e8\u05d9\u05dd \u05d0\u05d5 \u05e0\u05de\u05d7\u05e7\u05d9\u05dd \u05d1\u05d3\u05e8\u05da \u05db\u05dc\u05dc \u05db\u05e9\u05d0\u05ea\u05d4 \u05de\u05ea\u05e0\u05ea\u05e7 \u05db\u05d3\u05d9 \u05dc\u05d4\u05d1\u05d8\u05d9\u05d7 \u05e9\u05d0\u05ea\u05d4 \u05d9\u05db\u05d5\u05dc \u05dc\u05d2\u05e9\u05ea \u05dc\u05ea\u05db\u05d5\u05e0\u05d5\u05ea \u05d5\u05d0\u05d6\u05d5\u05e8\u05d9\u05dd \u05de\u05d5\u05d2\u05d1\u05dc\u05d9\u05dd \u05e8\u05e7 \u05db\u05d0\u05e9\u05e8 \u05d0\u05ea\u05d4 \u05de\u05d7\u05d5\u05d1\u05e8.<\/li>\n\n\n\n<li><strong>\u05e7\u05d5\u05d1\u05e6\u05d9 Cookie \u05d4\u05e7\u05e9\u05d5\u05e8\u05d9\u05dd \u05dc\u05e0\u05d9\u05d5\u05d6\u05dc\u05d8\u05e8\u05d9\u05dd \u05d1\u05d0\u05d9\u05de\u05d9\u05d9\u05dc<\/strong>: \u05d0\u05ea\u05e8 \u05d6\u05d4 \u05de\u05e6\u05d9\u05e2 \u05e9\u05d9\u05e8\u05d5\u05ea\u05d9 \u05d4\u05e8\u05e9\u05de\u05d4 \u05dc\u05e0\u05d9\u05d5\u05d6\u05dc\u05d8\u05e8 \u05d0\u05d5 \u05d3\u05d5\u05d0&quot;\u05dc, \u05d5\u05e7\u05d5\u05d1\u05e6\u05d9 Cookie \u05e2\u05e9\u05d5\u05d9\u05d9\u05dd \u05dc\u05e9\u05de\u05e9 \u05db\u05d3\u05d9 \u05dc\u05d6\u05db\u05d5\u05e8 \u05d0\u05dd \u05d0\u05ea\u05d4 \u05db\u05d1\u05e8 \u05e8\u05e9\u05d5\u05dd \u05d5\u05d0\u05dd \u05dc\u05d4\u05e6\u05d9\u05d2 \u05d4\u05ea\u05e8\u05d0\u05d5\u05ea \u05de\u05e1\u05d5\u05d9\u05de\u05d5\u05ea \u05ea\u05e7\u05e4\u05d5\u05ea \u05e8\u05e7 \u05dc\u05de\u05e9\u05ea\u05de\u05e9\u05d9\u05dd \u05e9\u05e0\u05e8\u05e9\u05de\u05d5\/\u05dc\u05d0 \u05e8\u05e9\u05d5\u05de\u05d9\u05dd.<\/li>\n<\/ul>","protected":false},"excerpt":{"rendered":"<p>A sua privacidade \u00e9 importante para n\u00f3s. \u00c9 pol\u00edtica do Aplicativos Gr\u00e1tis respeitar a sua privacidade em rela\u00e7\u00e3o a qualquer informa\u00e7\u00e3o sua que possamos coletar no site Aplicativos Gr\u00e1tis, e outros sites que possu\u00edmos e operamos. Solicitamos informa\u00e7\u00f5es pessoais apenas quando realmente precisamos delas para lhe fornecer um servi\u00e7o. Fazemo-lo por meios justos e legais, [&hellip;]<\/p>\n","protected":false},"author":1,"featured_media":0,"parent":0,"menu_order":0,"comment_status":"closed","ping_status":"closed","template":"","meta":{"footnotes":""},"class_list":["post-170","page","type-page","status-publish"],"_links":{"self":[{"href":"https:\/\/aplicativosgratis.com\/he\/wp-json\/wp\/v2\/pages\/170","targetHints":{"allow":["GET"]}}],"collection":[{"href":"https:\/\/aplicativosgratis.com\/he\/wp-json\/wp\/v2\/pages"}],"about":[{"href":"https:\/\/aplicativosgratis.com\/he\/wp-json\/wp\/v2\/types\/page"}],"author":[{"embeddable":true,"href":"https:\/\/aplicativosgratis.com\/he\/wp-json\/wp\/v2\/users\/1"}],"replies":[{"embeddable":true,"href":"https:\/\/aplicativosgratis.com\/he\/wp-json\/wp\/v2\/comments?post=170"}],"version-history":[{"count":2,"href":"https:\/\/aplicativosgratis.com\/he\/wp-json\/wp\/v2\/pages\/170\/revisions"}],"predecessor-version":[{"id":339,"href":"https:\/\/aplicativosgratis.com\/he\/wp-json\/wp\/v2\/pages\/170\/revisions\/339"}],"wp:attachment":[{"href":"https:\/\/aplicativosgratis.com\/he\/wp-json\/wp\/v2\/media?parent=170"}],"curies":[{"name":"wp","href":"https:\/\/api.w.org\/{rel}","templated":true}]}}