{"id":174,"date":"2024-04-30T06:04:28","date_gmt":"2024-04-30T06:04:28","guid":{"rendered":"https:\/\/aplicativosgratis.com\/?page_id=174"},"modified":"2024-05-07T22:21:37","modified_gmt":"2024-05-07T22:21:37","slug":"terminos-de-uso","status":"publish","type":"page","link":"https:\/\/aplicativosgratis.com\/es\/termos-de-uso\/","title":{"rendered":"Terminos de uso"},"content":{"rendered":"<p>Al acceder al sitio web de Free Apps, usted acepta estar sujeto a estos t\u00e9rminos de servicio, todas las leyes y regulaciones aplicables, y reconoce que es responsable del cumplimiento de las leyes locales aplicables. Si no est\u00e1 de acuerdo con alguno de estos t\u00e9rminos, tiene prohibido usar o acceder a este sitio. Los materiales contenidos en este sitio est\u00e1n protegidos por las leyes de derechos de autor y marcas comerciales aplicables.<\/p>\n\n\n\n<ol class=\"wp-block-list\" start=\"2\">\n<li><strong>Uso de licencia<\/strong><\/li>\n<\/ol>\n\n\n\n<p>Se otorga permiso para descargar temporalmente una copia de los materiales (informaci\u00f3n o software) en el sitio web de Free Apps para visualizaci\u00f3n transitoria personal y no comercial \u00fanicamente. Esta es una licencia de uso, no una transferencia de t\u00edtulo, y bajo esta licencia usted acepta no:<\/p>\n\n\n\n<ul class=\"wp-block-list\">\n<li>modificar o copiar los materiales;<\/li>\n\n\n\n<li>utilizar los materiales para cualquier fin comercial o para exhibici\u00f3n p\u00fablica (comercial o no comercial);<\/li>\n\n\n\n<li>intentar descompilar o aplicar ingenier\u00eda inversa a cualquier software contenido en el sitio web de Aplicaciones gratuitas;<\/li>\n\n\n\n<li>eliminar cualquier copyright u otras anotaciones de propiedad de los materiales; o<\/li>\n\n\n\n<li>transferir los materiales a otra persona o \u201creplicar\u201d los materiales en cualquier otro servidor. Esta licencia finalizar\u00e1 autom\u00e1ticamente si usted viola cualquiera de estas restricciones y Free Apps podr\u00e1 cancelarla en cualquier momento. Al finalizar la visualizaci\u00f3n de estos materiales o al finalizar esta licencia, debe eliminar cualquier material descargado que tenga en su poder, ya sea en formato electr\u00f3nico o impreso.<\/li>\n<\/ul>\n\n\n\n<ol class=\"wp-block-list\" start=\"3\">\n<li><strong>Descargo de responsabilidad<\/strong><\/li>\n<\/ol>\n\n\n\n<p>Los materiales del sitio web de Free Apps se proporcionan &quot;tal cual&quot;. Free Apps no ofrece garant\u00edas, expresas o impl\u00edcitas, y por la presente renuncia y niega todas las dem\u00e1s garant\u00edas, incluidas, entre otras, garant\u00edas impl\u00edcitas o condiciones de comerciabilidad, idoneidad para un prop\u00f3sito particular o no infracci\u00f3n de propiedad intelectual u otra violaci\u00f3n de derechos. Adem\u00e1s, Free Apps no garantiza ni hace ninguna declaraci\u00f3n con respecto a la precisi\u00f3n, los resultados probables o la confiabilidad del uso de los materiales en su sitio web o de otro modo en relaci\u00f3n con dichos materiales o en cualquier sitio vinculado a este sitio.<\/p>\n\n\n\n<ol class=\"wp-block-list\" start=\"4\">\n<li><strong>Limitaciones<\/strong><\/li>\n<\/ol>\n\n\n\n<p>En ning\u00fan caso Free Apps o sus proveedores ser\u00e1n responsables de los da\u00f1os (incluidos, entre otros, da\u00f1os por p\u00e9rdida de datos o ganancias, o debido a la interrupci\u00f3n del negocio) que surjan del uso o la imposibilidad de usar los materiales en Free Apps, incluso si Free Apps o un representante autorizado de Free Apps han sido notificados oralmente o por escrito de la posibilidad de dicho da\u00f1o. Debido a que algunas jurisdicciones no permiten limitaciones a las garant\u00edas impl\u00edcitas o limitaciones de responsabilidad por da\u00f1os consecuentes o incidentales, es posible que estas limitaciones no se apliquen a usted.<\/p>\n\n\n\n<ol class=\"wp-block-list\" start=\"5\">\n<li><strong>Precisi\u00f3n de materiales<\/strong><\/li>\n<\/ol>\n\n\n\n<p>Los materiales que aparecen en el sitio web de Free Apps podr\u00edan incluir errores t\u00e9cnicos, tipogr\u00e1ficos o fotogr\u00e1ficos. Free Apps no garantiza que los materiales de su sitio web sean precisos, completos o actuales. Free Apps puede realizar cambios en los materiales contenidos en su sitio web en cualquier momento sin previo aviso. Sin embargo Free Apps no asume ning\u00fan compromiso de actualizar los materiales.<\/p>\n\n\n\n<ol class=\"wp-block-list\" start=\"6\">\n<li><strong>Enlaces<\/strong><\/li>\n<\/ol>\n\n\n\n<p>Free Applications no ha revisado todos los sitios vinculados a su sitio web y no es responsable del contenido de ning\u00fan sitio vinculado. La inclusi\u00f3n de cualquier enlace no implica aprobaci\u00f3n del sitio por parte de Aplicaciones Gratuitas. El uso de cualquier sitio vinculado es bajo el propio riesgo del usuario.<\/p>\n\n\n\n<p><strong>Modificaciones<\/strong><\/p>\n\n\n\n<p>Free Applications puede revisar estos t\u00e9rminos de servicio de su sitio web en cualquier momento sin previo aviso. Al utilizar este sitio web, usted acepta estar sujeto a la versi\u00f3n actual de estos t\u00e9rminos de servicio.<\/p>\n\n\n\n<p><strong>Ley aplicable<\/strong><\/p>\n\n\n\n<p>Estos t\u00e9rminos y condiciones se rigen e interpretan de acuerdo con las leyes de las Aplicaciones gratuitas, y usted se somete irrevocablemente a la jurisdicci\u00f3n exclusiva de los tribunales de ese estado o ubicaci\u00f3n.<\/p>","protected":false},"excerpt":{"rendered":"<p>Ao acessar o site Aplicativos Gr\u00e1tis, voc\u00ea concorda em cumprir estes termos de servi\u00e7o, todas as leis e regulamentos aplic\u00e1veis, e reconhece que \u00e9 respons\u00e1vel pelo cumprimento de todas as leis locais aplic\u00e1veis. Se voc\u00ea n\u00e3o concordar com algum desses termos, est\u00e1 proibido de usar ou acessar este site. Os materiais contidos neste site est\u00e3o [&hellip;]<\/p>\n","protected":false},"author":1,"featured_media":0,"parent":0,"menu_order":0,"comment_status":"closed","ping_status":"closed","template":"","meta":{"footnotes":""},"class_list":["post-174","page","type-page","status-publish"],"_links":{"self":[{"href":"https:\/\/aplicativosgratis.com\/es\/wp-json\/wp\/v2\/pages\/174","targetHints":{"allow":["GET"]}}],"collection":[{"href":"https:\/\/aplicativosgratis.com\/es\/wp-json\/wp\/v2\/pages"}],"about":[{"href":"https:\/\/aplicativosgratis.com\/es\/wp-json\/wp\/v2\/types\/page"}],"author":[{"embeddable":true,"href":"https:\/\/aplicativosgratis.com\/es\/wp-json\/wp\/v2\/users\/1"}],"replies":[{"embeddable":true,"href":"https:\/\/aplicativosgratis.com\/es\/wp-json\/wp\/v2\/comments?post=174"}],"version-history":[{"count":2,"href":"https:\/\/aplicativosgratis.com\/es\/wp-json\/wp\/v2\/pages\/174\/revisions"}],"predecessor-version":[{"id":340,"href":"https:\/\/aplicativosgratis.com\/es\/wp-json\/wp\/v2\/pages\/174\/revisions\/340"}],"wp:attachment":[{"href":"https:\/\/aplicativosgratis.com\/es\/wp-json\/wp\/v2\/media?parent=174"}],"curies":[{"name":"wp","href":"https:\/\/api.w.org\/{rel}","templated":true}]}}