{"id":170,"date":"2024-04-30T06:02:53","date_gmt":"2024-04-30T06:02:53","guid":{"rendered":"https:\/\/aplicativosgratis.com\/?page_id=170"},"modified":"2024-05-07T22:21:16","modified_gmt":"2024-05-07T22:21:16","slug":"%cf%80%ce%bf%ce%bb%ce%b9%cf%84%ce%b9%ce%ba%ce%ae-%ce%b1%cf%80%ce%bf%cf%81%cf%81%ce%ae%cf%84%ce%bf%cf%85","status":"publish","type":"page","link":"https:\/\/aplicativosgratis.com\/el\/politica-de-privacidade\/","title":{"rendered":"\u03a0\u03bf\u03bb\u03b9\u03c4\u03b9\u03ba\u03ae \u0391\u03c0\u03bf\u03c1\u03c1\u03ae\u03c4\u03bf\u03c5"},"content":{"rendered":"<p>\u03a0\u03c1\u03bf\u03c3\u03c4\u03b1\u03c3\u03af\u03b1 \u03c4\u03b7\u03c2 \u03b9\u03b4\u03b9\u03c9\u03c4\u03b9\u03ba\u03ae\u03c2 \u03b6\u03c9\u03ae\u03c2 \u03c3\u03b1\u03c2 \u03b5\u03af\u03bd\u03b1\u03b9 \u03c3\u03b7\u03bc\u03b1\u03bd\u03c4\u03b9\u03ba\u03ae \u03b3\u03b9\u03b1 \u03b5\u03bc\u03ac\u03c2. \u0391\u03c0\u03bf\u03c4\u03b5\u03bb\u03b5\u03af \u03c0\u03bf\u03bb\u03b9\u03c4\u03b9\u03ba\u03ae \u03c4\u03b7\u03c2 Free Applications \u03bd\u03b1 \u03c3\u03ad\u03b2\u03b5\u03c4\u03b1\u03b9 \u03c4\u03bf \u03b1\u03c0\u03cc\u03c1\u03c1\u03b7\u03c4\u03cc \u03c3\u03b1\u03c2 \u03c3\u03c7\u03b5\u03c4\u03b9\u03ba\u03ac \u03bc\u03b5 \u03bf\u03c0\u03bf\u03b9\u03b5\u03c3\u03b4\u03ae\u03c0\u03bf\u03c4\u03b5 \u03c0\u03bb\u03b7\u03c1\u03bf\u03c6\u03bf\u03c1\u03af\u03b5\u03c2 \u03c3\u03c5\u03bb\u03bb\u03ad\u03b3\u03bf\u03c5\u03bc\u03b5 \u03b1\u03c0\u03cc \u03b5\u03c3\u03ac\u03c2 \u03c3\u03c4\u03bf\u03bd \u03b9\u03c3\u03c4\u03cc\u03c4\u03bf\u03c0\u03bf \u03c4\u03c9\u03bd Free Applications \u03ba\u03b1\u03b9 \u03c3\u03b5 \u03ac\u03bb\u03bb\u03bf\u03c5\u03c2 \u03b9\u03c3\u03c4\u03cc\u03c4\u03bf\u03c0\u03bf\u03c5\u03c2 \u03c0\u03bf\u03c5 \u03ba\u03b1\u03c4\u03ad\u03c7\u03bf\u03c5\u03bc\u03b5 \u03ba\u03b1\u03b9 \u03bb\u03b5\u03b9\u03c4\u03bf\u03c5\u03c1\u03b3\u03bf\u03cd\u03bc\u03b5. \u0396\u03b7\u03c4\u03ac\u03bc\u03b5 \u03c0\u03c1\u03bf\u03c3\u03c9\u03c0\u03b9\u03ba\u03ad\u03c2 \u03c0\u03bb\u03b7\u03c1\u03bf\u03c6\u03bf\u03c1\u03af\u03b5\u03c2 \u03bc\u03cc\u03bd\u03bf \u03cc\u03c4\u03b1\u03bd \u03c4\u03b9\u03c2 \u03c7\u03c1\u03b5\u03b9\u03b1\u03b6\u03cc\u03bc\u03b1\u03c3\u03c4\u03b5 \u03c0\u03c1\u03b1\u03b3\u03bc\u03b1\u03c4\u03b9\u03ba\u03ac \u03b3\u03b9\u03b1 \u03bd\u03b1 \u03c3\u03b1\u03c2 \u03c0\u03b1\u03c1\u03ad\u03c7\u03bf\u03c5\u03bc\u03b5 \u03bc\u03b9\u03b1 \u03c5\u03c0\u03b7\u03c1\u03b5\u03c3\u03af\u03b1. \u03a4\u03bf \u03ba\u03ac\u03bd\u03bf\u03c5\u03bc\u03b5 \u03bc\u03b5 \u03b4\u03af\u03ba\u03b1\u03b9\u03b1 \u03ba\u03b1\u03b9 \u03bd\u03cc\u03bc\u03b9\u03bc\u03b1 \u03bc\u03ad\u03c3\u03b1, \u03bc\u03b5 \u03c4\u03b7 \u03b3\u03bd\u03ce\u03c3\u03b7 \u03ba\u03b1\u03b9 \u03c4\u03b7 \u03c3\u03c5\u03b3\u03ba\u03b1\u03c4\u03ac\u03b8\u03b5\u03c3\u03ae \u03c3\u03b1\u03c2. \u03a3\u03b1\u03c2 \u03bb\u03ad\u03bc\u03b5 \u03b5\u03c0\u03af\u03c3\u03b7\u03c2 \u03b3\u03b9\u03b1\u03c4\u03af \u03c4\u03bf \u03c3\u03c5\u03bb\u03bb\u03ad\u03b3\u03bf\u03c5\u03bc\u03b5 \u03ba\u03b1\u03b9 \u03c0\u03ce\u03c2 \u03b8\u03b1 \u03c7\u03c1\u03b7\u03c3\u03b9\u03bc\u03bf\u03c0\u03bf\u03b9\u03b7\u03b8\u03b5\u03af. \u0394\u03b9\u03b1\u03c4\u03b7\u03c1\u03bf\u03cd\u03bc\u03b5 \u03c4\u03b9\u03c2 \u03c3\u03c5\u03bb\u03bb\u03b5\u03b3\u03bc\u03ad\u03bd\u03b5\u03c2 \u03c0\u03bb\u03b7\u03c1\u03bf\u03c6\u03bf\u03c1\u03af\u03b5\u03c2 \u03bc\u03cc\u03bd\u03bf \u03b3\u03b9\u03b1 \u03cc\u03c3\u03bf \u03b4\u03b9\u03ac\u03c3\u03c4\u03b7\u03bc\u03b1 \u03b5\u03af\u03bd\u03b1\u03b9 \u03b1\u03c0\u03b1\u03c1\u03b1\u03af\u03c4\u03b7\u03c4\u03bf \u03b3\u03b9\u03b1 \u03c4\u03b7\u03bd \u03c0\u03b1\u03c1\u03bf\u03c7\u03ae \u03c4\u03b7\u03c2 \u03b6\u03b7\u03c4\u03bf\u03cd\u03bc\u03b5\u03bd\u03b7\u03c2 \u03c5\u03c0\u03b7\u03c1\u03b5\u03c3\u03af\u03b1\u03c2. \u038c\u03c4\u03b1\u03bd \u03b1\u03c0\u03bf\u03b8\u03b7\u03ba\u03b5\u03cd\u03bf\u03c5\u03bc\u03b5 \u03b4\u03b5\u03b4\u03bf\u03bc\u03ad\u03bd\u03b1, \u03c4\u03b1 \u03c0\u03c1\u03bf\u03c3\u03c4\u03b1\u03c4\u03b5\u03cd\u03bf\u03c5\u03bc\u03b5 \u03bc\u03b5 \u03b5\u03bc\u03c0\u03bf\u03c1\u03b9\u03ba\u03ac \u03b1\u03c0\u03bf\u03b4\u03b5\u03ba\u03c4\u03ac \u03bc\u03ad\u03c3\u03b1 \u03b3\u03b9\u03b1 \u03c4\u03b7\u03bd \u03b1\u03c0\u03bf\u03c6\u03c5\u03b3\u03ae \u03b1\u03c0\u03ce\u03bb\u03b5\u03b9\u03b1\u03c2 \u03ba\u03b1\u03b9 \u03ba\u03bb\u03bf\u03c0\u03ae\u03c2, \u03ba\u03b1\u03b8\u03ce\u03c2 \u03ba\u03b1\u03b9 \u03bc\u03b7 \u03b5\u03be\u03bf\u03c5\u03c3\u03b9\u03bf\u03b4\u03bf\u03c4\u03b7\u03bc\u03ad\u03bd\u03b7\u03c2 \u03c0\u03c1\u03cc\u03c3\u03b2\u03b1\u03c3\u03b7\u03c2, \u03b1\u03c0\u03bf\u03ba\u03ac\u03bb\u03c5\u03c8\u03b7\u03c2, \u03b1\u03bd\u03c4\u03b9\u03b3\u03c1\u03b1\u03c6\u03ae\u03c2, \u03c7\u03c1\u03ae\u03c3\u03b7\u03c2 \u03ae \u03c4\u03c1\u03bf\u03c0\u03bf\u03c0\u03bf\u03af\u03b7\u03c3\u03b7\u03c2. \u0394\u03b5\u03bd \u03bc\u03bf\u03b9\u03c1\u03b1\u03b6\u03cc\u03bc\u03b1\u03c3\u03c4\u03b5 \u03c0\u03c1\u03bf\u03c3\u03c9\u03c0\u03b9\u03ba\u03ac \u03b1\u03bd\u03b1\u03b3\u03bd\u03c9\u03c1\u03af\u03c3\u03b9\u03bc\u03b5\u03c2 \u03c0\u03bb\u03b7\u03c1\u03bf\u03c6\u03bf\u03c1\u03af\u03b5\u03c2 \u03b4\u03b7\u03bc\u03cc\u03c3\u03b9\u03b1 \u03ae \u03bc\u03b5 \u03c4\u03c1\u03af\u03c4\u03b1 \u03bc\u03ad\u03c1\u03b7, \u03b5\u03ba\u03c4\u03cc\u03c2 \u03b5\u03ac\u03bd \u03b1\u03c0\u03b1\u03b9\u03c4\u03b5\u03af\u03c4\u03b1\u03b9 \u03b1\u03c0\u03cc \u03c4\u03bf \u03bd\u03cc\u03bc\u03bf. \u039f \u03b9\u03c3\u03c4\u03cc\u03c4\u03bf\u03c0\u03cc\u03c2 \u03bc\u03b1\u03c2 \u03bc\u03c0\u03bf\u03c1\u03b5\u03af \u03bd\u03b1 \u03ad\u03c7\u03b5\u03b9 \u03c3\u03c5\u03bd\u03b4\u03ad\u03c3\u03bc\u03bf\u03c5\u03c2 \u03c0\u03c1\u03bf\u03c2 \u03b5\u03be\u03c9\u03c4\u03b5\u03c1\u03b9\u03ba\u03bf\u03cd\u03c2 \u03b9\u03c3\u03c4\u03cc\u03c4\u03bf\u03c0\u03bf\u03c5\u03c2 \u03c0\u03bf\u03c5 \u03b4\u03b5\u03bd \u03bb\u03b5\u03b9\u03c4\u03bf\u03c5\u03c1\u03b3\u03bf\u03cd\u03bd \u03b1\u03c0\u03cc \u03b5\u03bc\u03ac\u03c2. \u039b\u03ac\u03b2\u03b5\u03c4\u03b5 \u03c5\u03c0\u03cc\u03c8\u03b7 \u03cc\u03c4\u03b9 \u03b4\u03b5\u03bd \u03ad\u03c7\u03bf\u03c5\u03bc\u03b5 \u03ba\u03b1\u03bd\u03ad\u03bd\u03b1\u03bd \u03ad\u03bb\u03b5\u03b3\u03c7\u03bf \u03c3\u03c4\u03bf \u03c0\u03b5\u03c1\u03b9\u03b5\u03c7\u03cc\u03bc\u03b5\u03bd\u03bf \u03ba\u03b1\u03b9 \u03c4\u03b9\u03c2 \u03c0\u03c1\u03b1\u03ba\u03c4\u03b9\u03ba\u03ad\u03c2 \u03b1\u03c5\u03c4\u03ce\u03bd \u03c4\u03c9\u03bd \u03b9\u03c3\u03c4\u03cc\u03c4\u03bf\u03c0\u03c9\u03bd \u03ba\u03b1\u03b9 \u03b4\u03b5\u03bd \u03bc\u03c0\u03bf\u03c1\u03bf\u03cd\u03bc\u03b5 \u03bd\u03b1 \u03b4\u03b5\u03c7\u03b8\u03bf\u03cd\u03bc\u03b5 \u03b5\u03c5\u03b8\u03cd\u03bd\u03b7 \u03b3\u03b9\u03b1 \u03c4\u03b9\u03c2 \u03b1\u03bd\u03c4\u03af\u03c3\u03c4\u03bf\u03b9\u03c7\u03b5\u03c2 \u03c0\u03bf\u03bb\u03b9\u03c4\u03b9\u03ba\u03ad\u03c2 \u03b1\u03c0\u03bf\u03c1\u03c1\u03ae\u03c4\u03bf\u03c5 \u03c4\u03bf\u03c5\u03c2. \u0395\u03af\u03c3\u03c4\u03b5 \u03b5\u03bb\u03b5\u03cd\u03b8\u03b5\u03c1\u03bf\u03b9 \u03bd\u03b1 \u03b1\u03c0\u03bf\u03c1\u03c1\u03af\u03c8\u03b5\u03c4\u03b5 \u03c4\u03bf \u03b1\u03af\u03c4\u03b7\u03bc\u03ac \u03bc\u03b1\u03c2 \u03b3\u03b9\u03b1 \u03c4\u03b1 \u03c0\u03c1\u03bf\u03c3\u03c9\u03c0\u03b9\u03ba\u03ac \u03c3\u03b1\u03c2 \u03c3\u03c4\u03bf\u03b9\u03c7\u03b5\u03af\u03b1, \u03bc\u03b5 \u03c4\u03b7\u03bd \u03ba\u03b1\u03c4\u03b1\u03bd\u03cc\u03b7\u03c3\u03b7 \u03cc\u03c4\u03b9 \u03b5\u03bd\u03b4\u03ad\u03c7\u03b5\u03c4\u03b1\u03b9 \u03bd\u03b1 \u03bc\u03b7\u03bd \u03b5\u03af\u03bc\u03b1\u03c3\u03c4\u03b5 \u03c3\u03b5 \u03b8\u03ad\u03c3\u03b7 \u03bd\u03b1 \u03c3\u03b1\u03c2 \u03c0\u03b1\u03c1\u03ad\u03c7\u03bf\u03c5\u03bc\u03b5 \u03bf\u03c1\u03b9\u03c3\u03bc\u03ad\u03bd\u03b5\u03c2 \u03b1\u03c0\u03cc \u03c4\u03b9\u03c2 \u03c5\u03c0\u03b7\u03c1\u03b5\u03c3\u03af\u03b5\u03c2 \u03c0\u03bf\u03c5 \u03b5\u03c0\u03b9\u03b8\u03c5\u03bc\u03b5\u03af\u03c4\u03b5. \u0397 \u03c3\u03c5\u03bd\u03b5\u03c7\u03ae\u03c2 \u03c7\u03c1\u03ae\u03c3\u03b7 \u03c4\u03bf\u03c5 \u03b9\u03c3\u03c4\u03cc\u03c4\u03bf\u03c0\u03bf\u03cd \u03bc\u03b1\u03c2 \u03b8\u03b1 \u03b8\u03b5\u03c9\u03c1\u03b5\u03af\u03c4\u03b1\u03b9 \u03b1\u03c0\u03bf\u03b4\u03bf\u03c7\u03ae \u03c4\u03c9\u03bd \u03c0\u03c1\u03b1\u03ba\u03c4\u03b9\u03ba\u03ce\u03bd \u03bc\u03b1\u03c2 \u03c3\u03c7\u03b5\u03c4\u03b9\u03ba\u03ac \u03bc\u03b5 \u03c4\u03bf \u03b1\u03c0\u03cc\u03c1\u03c1\u03b7\u03c4\u03bf \u03ba\u03b1\u03b9 \u03c4\u03b9\u03c2 \u03c0\u03c1\u03bf\u03c3\u03c9\u03c0\u03b9\u03ba\u03ad\u03c2 \u03c0\u03bb\u03b7\u03c1\u03bf\u03c6\u03bf\u03c1\u03af\u03b5\u03c2. \u0395\u03ac\u03bd \u03ad\u03c7\u03b5\u03c4\u03b5 \u03bf\u03c0\u03bf\u03b9\u03b5\u03c3\u03b4\u03ae\u03c0\u03bf\u03c4\u03b5 \u03b5\u03c1\u03c9\u03c4\u03ae\u03c3\u03b5\u03b9\u03c2 \u03c3\u03c7\u03b5\u03c4\u03b9\u03ba\u03ac \u03bc\u03b5 \u03c4\u03bf\u03bd \u03c4\u03c1\u03cc\u03c0\u03bf \u03bc\u03b5 \u03c4\u03bf\u03bd \u03bf\u03c0\u03bf\u03af\u03bf \u03c7\u03b5\u03b9\u03c1\u03b9\u03b6\u03cc\u03bc\u03b1\u03c3\u03c4\u03b5 \u03c4\u03b1 \u03b4\u03b5\u03b4\u03bf\u03bc\u03ad\u03bd\u03b1 \u03c7\u03c1\u03ae\u03c3\u03c4\u03b7 \u03ba\u03b1\u03b9 \u03c4\u03b9\u03c2 \u03c0\u03c1\u03bf\u03c3\u03c9\u03c0\u03b9\u03ba\u03ad\u03c2 \u03c0\u03bb\u03b7\u03c1\u03bf\u03c6\u03bf\u03c1\u03af\u03b5\u03c2, \u03b5\u03c0\u03b9\u03ba\u03bf\u03b9\u03bd\u03c9\u03bd\u03ae\u03c3\u03c4\u03b5 \u03bc\u03b1\u03b6\u03af \u03bc\u03b1\u03c2.<\/p>\n\n\n\n<p><strong>\u0394\u03c9\u03c1\u03b5\u03ac\u03bd \u0395\u03c6\u03b1\u03c1\u03bc\u03bf\u03b3\u03ad\u03c2 \u03a0\u03bf\u03bb\u03b9\u03c4\u03b9\u03ba\u03ae\u03c2 Cookie<\/strong><\/p>\n\n\n\n<p><strong>\u03a4\u03b9 \u03b5\u03af\u03bd\u03b1\u03b9 \u03c4\u03b1 cookies;<\/strong> \u038c\u03c0\u03c9\u03c2 \u03c3\u03c5\u03bd\u03b7\u03b8\u03af\u03b6\u03b5\u03c4\u03b1\u03b9 \u03c3\u03c7\u03b5\u03b4\u03cc\u03bd \u03c3\u03b5 \u03cc\u03bb\u03bf\u03c5\u03c2 \u03c4\u03bf\u03c5\u03c2 \u03b5\u03c0\u03b1\u03b3\u03b3\u03b5\u03bb\u03bc\u03b1\u03c4\u03b9\u03ba\u03bf\u03cd\u03c2 \u03b9\u03c3\u03c4\u03cc\u03c4\u03bf\u03c0\u03bf\u03c5\u03c2, \u03b1\u03c5\u03c4\u03cc\u03c2 \u03bf \u03b9\u03c3\u03c4\u03cc\u03c4\u03bf\u03c0\u03bf\u03c2 \u03c7\u03c1\u03b7\u03c3\u03b9\u03bc\u03bf\u03c0\u03bf\u03b9\u03b5\u03af cookies, \u03c4\u03b1 \u03bf\u03c0\u03bf\u03af\u03b1 \u03b5\u03af\u03bd\u03b1\u03b9 \u03bc\u03b9\u03ba\u03c1\u03ac \u03b1\u03c1\u03c7\u03b5\u03af\u03b1 \u03c0\u03bf\u03c5 \u03ba\u03b1\u03c4\u03b5\u03b2\u03b1\u03af\u03bd\u03bf\u03c5\u03bd \u03c3\u03c4\u03bf\u03bd \u03c5\u03c0\u03bf\u03bb\u03bf\u03b3\u03b9\u03c3\u03c4\u03ae \u03c3\u03b1\u03c2, \u03b3\u03b9\u03b1 \u03bd\u03b1 \u03b2\u03b5\u03bb\u03c4\u03b9\u03ce\u03c3\u03b5\u03b9 \u03c4\u03b7\u03bd \u03b5\u03bc\u03c0\u03b5\u03b9\u03c1\u03af\u03b1 \u03c3\u03b1\u03c2. \u0391\u03c5\u03c4\u03ae \u03b7 \u03c3\u03b5\u03bb\u03af\u03b4\u03b1 \u03c0\u03b5\u03c1\u03b9\u03b3\u03c1\u03ac\u03c6\u03b5\u03b9 \u03c0\u03bf\u03b9\u03b5\u03c2 \u03c0\u03bb\u03b7\u03c1\u03bf\u03c6\u03bf\u03c1\u03af\u03b5\u03c2 \u03c3\u03c5\u03bb\u03bb\u03ad\u03b3\u03bf\u03c5\u03bd, \u03c0\u03ce\u03c2 \u03c4\u03b9\u03c2 \u03c7\u03c1\u03b7\u03c3\u03b9\u03bc\u03bf\u03c0\u03bf\u03b9\u03bf\u03cd\u03bc\u03b5 \u03ba\u03b1\u03b9 \u03b3\u03b9\u03b1\u03c4\u03af \u03bc\u03b5\u03c1\u03b9\u03ba\u03ad\u03c2 \u03c6\u03bf\u03c1\u03ad\u03c2 \u03c7\u03c1\u03b5\u03b9\u03ac\u03b6\u03b5\u03c4\u03b1\u03b9 \u03bd\u03b1 \u03b1\u03c0\u03bf\u03b8\u03b7\u03ba\u03b5\u03cd\u03c3\u03bf\u03c5\u03bc\u03b5 \u03b1\u03c5\u03c4\u03ac \u03c4\u03b1 cookies. \u0398\u03b1 \u03bc\u03bf\u03b9\u03c1\u03b1\u03c3\u03c4\u03bf\u03cd\u03bc\u03b5 \u03b5\u03c0\u03af\u03c3\u03b7\u03c2 \u03c0\u03ce\u03c2 \u03bc\u03c0\u03bf\u03c1\u03b5\u03af\u03c4\u03b5 \u03bd\u03b1 \u03b1\u03c0\u03bf\u03c4\u03c1\u03ad\u03c8\u03b5\u03c4\u03b5 \u03c4\u03b7\u03bd \u03b1\u03c0\u03bf\u03b8\u03ae\u03ba\u03b5\u03c5\u03c3\u03b7 \u03b1\u03c5\u03c4\u03ce\u03bd \u03c4\u03c9\u03bd cookies, \u03c9\u03c3\u03c4\u03cc\u03c3\u03bf \u03b1\u03c5\u03c4\u03cc \u03bc\u03c0\u03bf\u03c1\u03b5\u03af \u03bd\u03b1 \u03c5\u03c0\u03bf\u03b2\u03b1\u03b8\u03bc\u03af\u03c3\u03b5\u03b9 \u03ae \u03bd\u03b1 \u00ab\u03c3\u03c0\u03ac\u03c3\u03b5\u03b9\u00bb \u03bf\u03c1\u03b9\u03c3\u03bc\u03ad\u03bd\u03b1 \u03c3\u03c4\u03bf\u03b9\u03c7\u03b5\u03af\u03b1 \u03c4\u03b7\u03c2 \u03bb\u03b5\u03b9\u03c4\u03bf\u03c5\u03c1\u03b3\u03b9\u03ba\u03cc\u03c4\u03b7\u03c4\u03b1\u03c2 \u03c4\u03bf\u03c5 \u03b9\u03c3\u03c4\u03cc\u03c4\u03bf\u03c0\u03bf\u03c5.<\/p>\n\n\n\n<p><strong>\u03a0\u03ce\u03c2 \u03c7\u03c1\u03b7\u03c3\u03b9\u03bc\u03bf\u03c0\u03bf\u03b9\u03bf\u03cd\u03bc\u03b5 \u03c4\u03b1 cookies;<\/strong> \u03a7\u03c1\u03b7\u03c3\u03b9\u03bc\u03bf\u03c0\u03bf\u03b9\u03bf\u03cd\u03bc\u03b5 cookies \u03b3\u03b9\u03b1 \u03b4\u03b9\u03ac\u03c6\u03bf\u03c1\u03bf\u03c5\u03c2 \u03bb\u03cc\u03b3\u03bf\u03c5\u03c2, \u03c0\u03bf\u03c5 \u03c0\u03b5\u03c1\u03b9\u03b3\u03c1\u03ac\u03c6\u03bf\u03bd\u03c4\u03b1\u03b9 \u03c0\u03b1\u03c1\u03b1\u03ba\u03ac\u03c4\u03c9. \u0394\u03c5\u03c3\u03c4\u03c5\u03c7\u03ce\u03c2, \u03c3\u03c4\u03b9\u03c2 \u03c0\u03b5\u03c1\u03b9\u03c3\u03c3\u03cc\u03c4\u03b5\u03c1\u03b5\u03c2 \u03c0\u03b5\u03c1\u03b9\u03c0\u03c4\u03ce\u03c3\u03b5\u03b9\u03c2 \u03b4\u03b5\u03bd \u03c5\u03c0\u03ac\u03c1\u03c7\u03bf\u03c5\u03bd \u03c4\u03c5\u03c0\u03b9\u03ba\u03ad\u03c2 \u03b5\u03c0\u03b9\u03bb\u03bf\u03b3\u03ad\u03c2 \u03c4\u03bf\u03c5 \u03ba\u03bb\u03ac\u03b4\u03bf\u03c5 \u03b3\u03b9\u03b1 \u03c4\u03b7\u03bd \u03b1\u03c0\u03b5\u03bd\u03b5\u03c1\u03b3\u03bf\u03c0\u03bf\u03af\u03b7\u03c3\u03b7 \u03c4\u03c9\u03bd cookies \u03c7\u03c9\u03c1\u03af\u03c2 \u03bd\u03b1 \u03b1\u03c0\u03b5\u03bd\u03b5\u03c1\u03b3\u03bf\u03c0\u03bf\u03b9\u03ae\u03c3\u03b5\u03c4\u03b5 \u03c0\u03bb\u03ae\u03c1\u03c9\u03c2 \u03c4\u03b7 \u03bb\u03b5\u03b9\u03c4\u03bf\u03c5\u03c1\u03b3\u03b9\u03ba\u03cc\u03c4\u03b7\u03c4\u03b1 \u03ba\u03b1\u03b9 \u03c4\u03b9\u03c2 \u03b4\u03c5\u03bd\u03b1\u03c4\u03cc\u03c4\u03b7\u03c4\u03b5\u03c2 \u03c0\u03bf\u03c5 \u03c0\u03c1\u03bf\u03c3\u03b8\u03ad\u03c4\u03bf\u03c5\u03bd \u03c3\u03b5 \u03b1\u03c5\u03c4\u03cc\u03bd \u03c4\u03bf\u03bd \u03b9\u03c3\u03c4\u03cc\u03c4\u03bf\u03c0\u03bf. \u03a3\u03c5\u03bd\u03b9\u03c3\u03c4\u03ac\u03c4\u03b1\u03b9 \u03bd\u03b1 \u03b1\u03c6\u03ae\u03bd\u03b5\u03c4\u03b5 \u03cc\u03bb\u03b1 \u03c4\u03b1 cookies \u03b5\u03ac\u03bd \u03b4\u03b5\u03bd \u03b5\u03af\u03c3\u03c4\u03b5 \u03c3\u03af\u03b3\u03bf\u03c5\u03c1\u03bf\u03b9 \u03b1\u03bd \u03c4\u03b1 \u03c7\u03c1\u03b5\u03b9\u03ac\u03b6\u03b5\u03c3\u03c4\u03b5 \u03ae \u03cc\u03c7\u03b9 \u03c3\u03b5 \u03c0\u03b5\u03c1\u03af\u03c0\u03c4\u03c9\u03c3\u03b7 \u03c0\u03bf\u03c5 \u03c7\u03c1\u03b7\u03c3\u03b9\u03bc\u03bf\u03c0\u03bf\u03b9\u03bf\u03cd\u03bd\u03c4\u03b1\u03b9 \u03b3\u03b9\u03b1 \u03c4\u03b7\u03bd \u03c0\u03b1\u03c1\u03bf\u03c7\u03ae \u03bc\u03b9\u03b1\u03c2 \u03c5\u03c0\u03b7\u03c1\u03b5\u03c3\u03af\u03b1\u03c2 \u03c0\u03bf\u03c5 \u03c7\u03c1\u03b7\u03c3\u03b9\u03bc\u03bf\u03c0\u03bf\u03b9\u03b5\u03af\u03c4\u03b5.<\/p>\n\n\n\n<p><strong>\u0391\u03c0\u03b5\u03bd\u03b5\u03c1\u03b3\u03bf\u03c0\u03bf\u03b9\u03ae\u03c3\u03c4\u03b5 \u03c4\u03b1 cookies<\/strong> \u039c\u03c0\u03bf\u03c1\u03b5\u03af\u03c4\u03b5 \u03bd\u03b1 \u03b1\u03c0\u03bf\u03c4\u03c1\u03ad\u03c8\u03b5\u03c4\u03b5 \u03c4\u03b7 \u03c1\u03cd\u03b8\u03bc\u03b9\u03c3\u03b7 \u03c4\u03c9\u03bd cookies \u03c0\u03c1\u03bf\u03c3\u03b1\u03c1\u03bc\u03cc\u03b6\u03bf\u03bd\u03c4\u03b1\u03c2 \u03c4\u03b9\u03c2 \u03c1\u03c5\u03b8\u03bc\u03af\u03c3\u03b5\u03b9\u03c2 \u03c4\u03bf\u03c5 \u03c0\u03c1\u03bf\u03b3\u03c1\u03ac\u03bc\u03bc\u03b1\u03c4\u03bf\u03c2 \u03c0\u03b5\u03c1\u03b9\u03ae\u03b3\u03b7\u03c3\u03ae\u03c2 \u03c3\u03b1\u03c2 (\u03b1\u03bd\u03b1\u03c4\u03c1\u03ad\u03be\u03c4\u03b5 \u03c3\u03c4\u03b7 \u0392\u03bf\u03ae\u03b8\u03b5\u03b9\u03b1 \u03c4\u03bf\u03c5 \u03c0\u03c1\u03bf\u03b3\u03c1\u03ac\u03bc\u03bc\u03b1\u03c4\u03bf\u03c2 \u03c0\u03b5\u03c1\u03b9\u03ae\u03b3\u03b7\u03c3\u03ae\u03c2 \u03c3\u03b1\u03c2 \u03b3\u03b9\u03b1 \u03c4\u03bf \u03c0\u03ce\u03c2 \u03bd\u03b1 \u03c4\u03bf \u03ba\u03ac\u03bd\u03b5\u03c4\u03b5 \u03b1\u03c5\u03c4\u03cc). \u039b\u03ac\u03b2\u03b5\u03c4\u03b5 \u03c5\u03c0\u03cc\u03c8\u03b7 \u03cc\u03c4\u03b9 \u03b7 \u03b1\u03c0\u03b5\u03bd\u03b5\u03c1\u03b3\u03bf\u03c0\u03bf\u03af\u03b7\u03c3\u03b7 \u03c4\u03c9\u03bd cookies \u03b8\u03b1 \u03b5\u03c0\u03b7\u03c1\u03b5\u03ac\u03c3\u03b5\u03b9 \u03c4\u03b7 \u03bb\u03b5\u03b9\u03c4\u03bf\u03c5\u03c1\u03b3\u03b9\u03ba\u03cc\u03c4\u03b7\u03c4\u03b1 \u03b1\u03c5\u03c4\u03bf\u03cd \u03ba\u03b1\u03b9 \u03c0\u03bf\u03bb\u03bb\u03ce\u03bd \u03ac\u03bb\u03bb\u03c9\u03bd \u03b9\u03c3\u03c4\u03cc\u03c4\u03bf\u03c0\u03c9\u03bd \u03c0\u03bf\u03c5 \u03b5\u03c0\u03b9\u03c3\u03ba\u03ad\u03c0\u03c4\u03b5\u03c3\u03c4\u03b5. \u0397 \u03b1\u03c0\u03b5\u03bd\u03b5\u03c1\u03b3\u03bf\u03c0\u03bf\u03af\u03b7\u03c3\u03b7 \u03c4\u03c9\u03bd cookies \u03b8\u03b1 \u03ad\u03c7\u03b5\u03b9 \u03b3\u03b5\u03bd\u03b9\u03ba\u03ac \u03c9\u03c2 \u03b1\u03c0\u03bf\u03c4\u03ad\u03bb\u03b5\u03c3\u03bc\u03b1 \u03c4\u03b7\u03bd \u03b1\u03c0\u03b5\u03bd\u03b5\u03c1\u03b3\u03bf\u03c0\u03bf\u03af\u03b7\u03c3\u03b7 \u03bf\u03c1\u03b9\u03c3\u03bc\u03ad\u03bd\u03c9\u03bd \u03bb\u03b5\u03b9\u03c4\u03bf\u03c5\u03c1\u03b3\u03b9\u03ce\u03bd \u03ba\u03b1\u03b9 \u03bb\u03b5\u03b9\u03c4\u03bf\u03c5\u03c1\u03b3\u03b9\u03ce\u03bd \u03b1\u03c5\u03c4\u03bf\u03cd \u03c4\u03bf\u03c5 \u03b9\u03c3\u03c4\u03cc\u03c4\u03bf\u03c0\u03bf\u03c5. \u0395\u03c0\u03bf\u03bc\u03ad\u03bd\u03c9\u03c2, \u03c3\u03c5\u03bd\u03b9\u03c3\u03c4\u03ac\u03c4\u03b1\u03b9 \u03bd\u03b1 \u03bc\u03b7\u03bd \u03b1\u03c0\u03b5\u03bd\u03b5\u03c1\u03b3\u03bf\u03c0\u03bf\u03b9\u03b5\u03af\u03c4\u03b5 \u03c4\u03b1 cookies.<\/p>\n\n\n\n<p><strong>\u039c\u03c0\u03b9\u03c3\u03ba\u03cc\u03c4\u03b1 \u03c0\u03bf\u03c5 \u03bf\u03c1\u03af\u03b6\u03bf\u03c5\u03bc\u03b5<\/strong><\/p>\n\n\n\n<ul class=\"wp-block-list\">\n<li><strong>Cookies \u03c0\u03bf\u03c5 \u03c3\u03c7\u03b5\u03c4\u03af\u03b6\u03bf\u03bd\u03c4\u03b1\u03b9 \u03bc\u03b5 \u03bb\u03bf\u03b3\u03b1\u03c1\u03b9\u03b1\u03c3\u03bc\u03cc<\/strong>: \u0395\u03ac\u03bd \u03b4\u03b7\u03bc\u03b9\u03bf\u03c5\u03c1\u03b3\u03ae\u03c3\u03b5\u03c4\u03b5 \u03bb\u03bf\u03b3\u03b1\u03c1\u03b9\u03b1\u03c3\u03bc\u03cc \u03bc\u03b1\u03b6\u03af \u03bc\u03b1\u03c2, \u03b8\u03b1 \u03c7\u03c1\u03b7\u03c3\u03b9\u03bc\u03bf\u03c0\u03bf\u03b9\u03ae\u03c3\u03bf\u03c5\u03bc\u03b5 cookies \u03b3\u03b9\u03b1 \u03c4\u03b7 \u03b4\u03b9\u03b1\u03c7\u03b5\u03af\u03c1\u03b9\u03c3\u03b7 \u03c4\u03b7\u03c2 \u03b4\u03b9\u03b1\u03b4\u03b9\u03ba\u03b1\u03c3\u03af\u03b1\u03c2 \u03b5\u03b3\u03b3\u03c1\u03b1\u03c6\u03ae\u03c2 \u03ba\u03b1\u03b9 \u03c4\u03b7\u03c2 \u03b3\u03b5\u03bd\u03b9\u03ba\u03ae\u03c2 \u03b4\u03b9\u03b1\u03c7\u03b5\u03af\u03c1\u03b9\u03c3\u03b7\u03c2. \u0391\u03c5\u03c4\u03ac \u03c4\u03b1 cookie \u03c3\u03c5\u03bd\u03ae\u03b8\u03c9\u03c2 \u03b4\u03b9\u03b1\u03b3\u03c1\u03ac\u03c6\u03bf\u03bd\u03c4\u03b1\u03b9 \u03cc\u03c4\u03b1\u03bd \u03b1\u03c0\u03bf\u03c3\u03c5\u03bd\u03b4\u03b5\u03b8\u03b5\u03af\u03c4\u03b5, \u03c9\u03c3\u03c4\u03cc\u03c3\u03bf \u03c3\u03b5 \u03bf\u03c1\u03b9\u03c3\u03bc\u03ad\u03bd\u03b5\u03c2 \u03c0\u03b5\u03c1\u03b9\u03c0\u03c4\u03ce\u03c3\u03b5\u03b9\u03c2 \u03bc\u03c0\u03bf\u03c1\u03b5\u03af \u03bd\u03b1 \u03c0\u03b1\u03c1\u03b1\u03bc\u03b5\u03af\u03bd\u03bf\u03c5\u03bd \u03c3\u03c4\u03b7 \u03c3\u03c5\u03bd\u03ad\u03c7\u03b5\u03b9\u03b1 \u03b3\u03b9\u03b1 \u03bd\u03b1 \u03b8\u03c5\u03bc\u03bf\u03cd\u03bd\u03c4\u03b1\u03b9 \u03c4\u03b9\u03c2 \u03c0\u03c1\u03bf\u03c4\u03b9\u03bc\u03ae\u03c3\u03b5\u03b9\u03c2 \u03c4\u03bf\u03c5 \u03b9\u03c3\u03c4\u03cc\u03c4\u03bf\u03c0\u03bf\u03cd \u03c3\u03b1\u03c2 \u03cc\u03c4\u03b1\u03bd \u03b1\u03c0\u03bf\u03c3\u03c5\u03bd\u03b4\u03b5\u03b8\u03b5\u03af\u03c4\u03b5.<\/li>\n\n\n\n<li><strong>Cookies \u03c0\u03bf\u03c5 \u03c3\u03c7\u03b5\u03c4\u03af\u03b6\u03bf\u03bd\u03c4\u03b1\u03b9 \u03bc\u03b5 \u03c4\u03b7 \u03c3\u03cd\u03bd\u03b4\u03b5\u03c3\u03b7<\/strong>: \u03a7\u03c1\u03b7\u03c3\u03b9\u03bc\u03bf\u03c0\u03bf\u03b9\u03bf\u03cd\u03bc\u03b5 cookies \u03cc\u03c4\u03b1\u03bd \u03b5\u03af\u03c3\u03c4\u03b5 \u03c3\u03c5\u03bd\u03b4\u03b5\u03b4\u03b5\u03bc\u03ad\u03bd\u03bf\u03b9, \u03ce\u03c3\u03c4\u03b5 \u03bd\u03b1 \u03bc\u03c0\u03bf\u03c1\u03bf\u03cd\u03bc\u03b5 \u03bd\u03b1 \u03b8\u03c5\u03bc\u03cc\u03bc\u03b1\u03c3\u03c4\u03b5 \u03b1\u03c5\u03c4\u03ae\u03bd \u03c4\u03b7\u03bd \u03b5\u03bd\u03ad\u03c1\u03b3\u03b5\u03b9\u03b1. \u0391\u03c5\u03c4\u03cc \u03c3\u03b1\u03c2 \u03b3\u03bb\u03b9\u03c4\u03ce\u03bd\u03b5\u03b9 \u03b1\u03c0\u03cc \u03c4\u03bf \u03bd\u03b1 \u03c7\u03c1\u03b5\u03b9\u03ac\u03b6\u03b5\u03c4\u03b1\u03b9 \u03bd\u03b1 \u03c3\u03c5\u03bd\u03b4\u03ad\u03b5\u03c3\u03c4\u03b5 \u03ba\u03ac\u03b8\u03b5 \u03c6\u03bf\u03c1\u03ac \u03c0\u03bf\u03c5 \u03b5\u03c0\u03b9\u03c3\u03ba\u03ad\u03c0\u03c4\u03b5\u03c3\u03c4\u03b5 \u03bc\u03b9\u03b1 \u03bd\u03ad\u03b1 \u03c3\u03b5\u03bb\u03af\u03b4\u03b1. \u0391\u03c5\u03c4\u03ac \u03c4\u03b1 cookie \u03c3\u03c5\u03bd\u03ae\u03b8\u03c9\u03c2 \u03b1\u03c6\u03b1\u03b9\u03c1\u03bf\u03cd\u03bd\u03c4\u03b1\u03b9 \u03ae \u03b4\u03b9\u03b1\u03b3\u03c1\u03ac\u03c6\u03bf\u03bd\u03c4\u03b1\u03b9 \u03ba\u03b1\u03c4\u03ac \u03c4\u03b7\u03bd \u03b1\u03c0\u03bf\u03c3\u03cd\u03bd\u03b4\u03b5\u03c3\u03b7 \u03b3\u03b9\u03b1 \u03bd\u03b1 \u03b4\u03b9\u03b1\u03c3\u03c6\u03b1\u03bb\u03b9\u03c3\u03c4\u03b5\u03af \u03cc\u03c4\u03b9 \u03ad\u03c7\u03b5\u03c4\u03b5 \u03c0\u03c1\u03cc\u03c3\u03b2\u03b1\u03c3\u03b7 \u03c3\u03b5 \u03c0\u03b5\u03c1\u03b9\u03bf\u03c1\u03b9\u03c3\u03bc\u03ad\u03bd\u03b5\u03c2 \u03bb\u03b5\u03b9\u03c4\u03bf\u03c5\u03c1\u03b3\u03af\u03b5\u03c2 \u03ba\u03b1\u03b9 \u03c0\u03b5\u03c1\u03b9\u03bf\u03c7\u03ad\u03c2 \u03bc\u03cc\u03bd\u03bf \u03cc\u03c4\u03b1\u03bd \u03b5\u03af\u03c3\u03c4\u03b5 \u03c3\u03c5\u03bd\u03b4\u03b5\u03b4\u03b5\u03bc\u03ad\u03bd\u03bf\u03b9.<\/li>\n\n\n\n<li><strong>Cookies \u03c0\u03bf\u03c5 \u03c3\u03c7\u03b5\u03c4\u03af\u03b6\u03bf\u03bd\u03c4\u03b1\u03b9 \u03bc\u03b5 \u03b5\u03bd\u03b7\u03bc\u03b5\u03c1\u03c9\u03c4\u03b9\u03ba\u03ac \u03b4\u03b5\u03bb\u03c4\u03af\u03b1 \u03b7\u03bb\u03b5\u03ba\u03c4\u03c1\u03bf\u03bd\u03b9\u03ba\u03bf\u03cd \u03c4\u03b1\u03c7\u03c5\u03b4\u03c1\u03bf\u03bc\u03b5\u03af\u03bf\u03c5<\/strong>: \u0391\u03c5\u03c4\u03cc\u03c2 \u03bf \u03b9\u03c3\u03c4\u03cc\u03c4\u03bf\u03c0\u03bf\u03c2 \u03c0\u03c1\u03bf\u03c3\u03c6\u03ad\u03c1\u03b5\u03b9 \u03c5\u03c0\u03b7\u03c1\u03b5\u03c3\u03af\u03b5\u03c2 \u03c3\u03c5\u03bd\u03b4\u03c1\u03bf\u03bc\u03ae\u03c2 \u03c3\u03b5 \u03b5\u03bd\u03b7\u03bc\u03b5\u03c1\u03c9\u03c4\u03b9\u03ba\u03ac \u03b4\u03b5\u03bb\u03c4\u03af\u03b1 \u03ae email \u03ba\u03b1\u03b9 \u03c4\u03b1 cookies \u03bc\u03c0\u03bf\u03c1\u03bf\u03cd\u03bd \u03bd\u03b1 \u03c7\u03c1\u03b7\u03c3\u03b9\u03bc\u03bf\u03c0\u03bf\u03b9\u03b7\u03b8\u03bf\u03cd\u03bd \u03b3\u03b9\u03b1 \u03bd\u03b1 \u03b8\u03c5\u03bc\u03ac\u03c3\u03c4\u03b5 \u03b5\u03ac\u03bd \u03b5\u03af\u03c3\u03c4\u03b5 \u03ae\u03b4\u03b7 \u03b5\u03b3\u03b3\u03b5\u03b3\u03c1\u03b1\u03bc\u03bc\u03ad\u03bd\u03bf\u03c2 \u03ba\u03b1\u03b9 \u03b5\u03ac\u03bd \u03b8\u03b1 \u03b5\u03bc\u03c6\u03b1\u03bd\u03af\u03b6\u03bf\u03bd\u03c4\u03b1\u03b9 \u03bf\u03c1\u03b9\u03c3\u03bc\u03ad\u03bd\u03b5\u03c2 \u03b5\u03b9\u03b4\u03bf\u03c0\u03bf\u03b9\u03ae\u03c3\u03b5\u03b9\u03c2 \u03c0\u03bf\u03c5 \u03b9\u03c3\u03c7\u03cd\u03bf\u03c5\u03bd \u03bc\u03cc\u03bd\u03bf \u03b3\u03b9\u03b1 \u03b5\u03b3\u03b3\u03b5\u03b3\u03c1\u03b1\u03bc\u03bc\u03ad\u03bd\u03bf\u03c5\u03c2\/\u03bc\u03b7 \u03b5\u03b3\u03b3\u03b5\u03b3\u03c1\u03b1\u03bc\u03bc\u03ad\u03bd\u03bf\u03c5\u03c2 \u03c7\u03c1\u03ae\u03c3\u03c4\u03b5\u03c2.<\/li>\n<\/ul>","protected":false},"excerpt":{"rendered":"<p>A sua privacidade \u00e9 importante para n\u00f3s. \u00c9 pol\u00edtica do Aplicativos Gr\u00e1tis respeitar a sua privacidade em rela\u00e7\u00e3o a qualquer informa\u00e7\u00e3o sua que possamos coletar no site Aplicativos Gr\u00e1tis, e outros sites que possu\u00edmos e operamos. Solicitamos informa\u00e7\u00f5es pessoais apenas quando realmente precisamos delas para lhe fornecer um servi\u00e7o. Fazemo-lo por meios justos e legais, [&hellip;]<\/p>\n","protected":false},"author":1,"featured_media":0,"parent":0,"menu_order":0,"comment_status":"closed","ping_status":"closed","template":"","meta":{"footnotes":""},"class_list":["post-170","page","type-page","status-publish"],"_links":{"self":[{"href":"https:\/\/aplicativosgratis.com\/el\/wp-json\/wp\/v2\/pages\/170","targetHints":{"allow":["GET"]}}],"collection":[{"href":"https:\/\/aplicativosgratis.com\/el\/wp-json\/wp\/v2\/pages"}],"about":[{"href":"https:\/\/aplicativosgratis.com\/el\/wp-json\/wp\/v2\/types\/page"}],"author":[{"embeddable":true,"href":"https:\/\/aplicativosgratis.com\/el\/wp-json\/wp\/v2\/users\/1"}],"replies":[{"embeddable":true,"href":"https:\/\/aplicativosgratis.com\/el\/wp-json\/wp\/v2\/comments?post=170"}],"version-history":[{"count":2,"href":"https:\/\/aplicativosgratis.com\/el\/wp-json\/wp\/v2\/pages\/170\/revisions"}],"predecessor-version":[{"id":339,"href":"https:\/\/aplicativosgratis.com\/el\/wp-json\/wp\/v2\/pages\/170\/revisions\/339"}],"wp:attachment":[{"href":"https:\/\/aplicativosgratis.com\/el\/wp-json\/wp\/v2\/media?parent=170"}],"curies":[{"name":"\u03b5\u03c1\u03b3\u03b1\u03c3\u03af\u03b1","href":"https:\/\/api.w.org\/{rel}","templated":true}]}}