{"id":174,"date":"2024-04-30T06:04:28","date_gmt":"2024-04-30T06:04:28","guid":{"rendered":"https:\/\/aplicativosgratis.com\/?page_id=174"},"modified":"2024-05-07T22:21:37","modified_gmt":"2024-05-07T22:21:37","slug":"podminky-pouziti","status":"publish","type":"page","link":"https:\/\/aplicativosgratis.com\/cs\/termos-de-uso\/","title":{"rendered":"Podm\u00ednky pou\u017eit\u00ed"},"content":{"rendered":"<p>Vstupem na web Free Apps souhlas\u00edte s t\u00edm, \u017ee budete v\u00e1z\u00e1ni t\u011bmito podm\u00ednkami slu\u017eby, v\u0161emi platn\u00fdmi z\u00e1kony a p\u0159edpisy, a berete na v\u011bdom\u00ed, \u017ee nesete odpov\u011bdnost za dodr\u017eov\u00e1n\u00ed v\u0161ech platn\u00fdch m\u00edstn\u00edch z\u00e1kon\u016f. Pokud s n\u011bkterou z t\u011bchto podm\u00ednek nesouhlas\u00edte, je v\u00e1m zak\u00e1z\u00e1no pou\u017e\u00edvat tuto str\u00e1nku nebo k n\u00ed p\u0159istupovat. Materi\u00e1ly obsa\u017een\u00e9 na t\u00e9to str\u00e1nce jsou chr\u00e1n\u011bny p\u0159\u00edslu\u0161n\u00fdmi z\u00e1kony o autorsk\u00fdch pr\u00e1vech a ochrann\u00fdch zn\u00e1mk\u00e1ch.<\/p>\n\n\n\n<ol class=\"wp-block-list\" start=\"2\">\n<li><strong>Vyu\u017eit\u00ed licence<\/strong><\/li>\n<\/ol>\n\n\n\n<p>Je ud\u011bleno povolen\u00ed k do\u010dasn\u00e9mu sta\u017een\u00ed jedn\u00e9 kopie materi\u00e1l\u016f (informac\u00ed nebo softwaru) na webu Free Apps pouze pro osobn\u00ed, nekomer\u010dn\u00ed p\u0159echodn\u00e9 prohl\u00ed\u017een\u00ed. Toto je licence k pou\u017eit\u00ed, nikoli p\u0159evod vlastnick\u00e9ho pr\u00e1va, a na z\u00e1klad\u011b t\u00e9to licence souhlas\u00edte, \u017ee nebudete:<\/p>\n\n\n\n<ul class=\"wp-block-list\">\n<li>upravovat nebo kop\u00edrovat materi\u00e1ly;<\/li>\n\n\n\n<li>pou\u017e\u00edvat materi\u00e1ly pro jak\u00fdkoli komer\u010dn\u00ed \u00fa\u010del nebo pro ve\u0159ejn\u00e9 vystaven\u00ed (komer\u010dn\u00ed nebo nekomer\u010dn\u00ed);<\/li>\n\n\n\n<li>pokou\u0161et se dekompilovat nebo zp\u011btn\u011b analyzovat jak\u00fdkoli software obsa\u017een\u00fd na webov\u00fdch str\u00e1nk\u00e1ch Free Applications;<\/li>\n\n\n\n<li>odstranit z materi\u00e1l\u016f ve\u0161ker\u00e1 autorsk\u00e1 pr\u00e1va nebo jin\u00e9 vlastnick\u00e9 z\u00e1pisy; nebo<\/li>\n\n\n\n<li>p\u0159en\u00e9st materi\u00e1ly na jinou osobu nebo \u201ezrcadlit\u201c materi\u00e1ly na jak\u00fdkoli jin\u00fd server. Tato licence bude automaticky ukon\u010dena, pokud poru\u0161\u00edte n\u011bkter\u00e9 z t\u011bchto omezen\u00ed, a m\u016f\u017ee b\u00fdt kdykoli ukon\u010dena bezplatn\u00fdmi aplikacemi. Po ukon\u010den\u00ed prohl\u00ed\u017een\u00ed t\u011bchto materi\u00e1l\u016f nebo po ukon\u010den\u00ed t\u00e9to licence mus\u00edte odstranit ve\u0161ker\u00e9 sta\u017een\u00e9 materi\u00e1ly, kter\u00e9 m\u00e1te v dr\u017een\u00ed, a\u0165 u\u017e v elektronick\u00e9 nebo ti\u0161t\u011bn\u00e9 podob\u011b.<\/li>\n<\/ul>\n\n\n\n<ol class=\"wp-block-list\" start=\"3\">\n<li><strong>Z\u0159eknut\u00ed se odpov\u011bdnosti<\/strong><\/li>\n<\/ol>\n\n\n\n<p>Materi\u00e1ly na webu Free Apps jsou poskytov\u00e1ny \u201etak, jak jsou\u201c. Free Apps neposkytuje \u017e\u00e1dn\u00e9 z\u00e1ruky, vyj\u00e1d\u0159en\u00e9 nebo p\u0159edpokl\u00e1dan\u00e9, a t\u00edmto odm\u00edt\u00e1 a neguje v\u0161echny ostatn\u00ed z\u00e1ruky, v\u010detn\u011b, bez omezen\u00ed, p\u0159edpokl\u00e1dan\u00fdch z\u00e1ruk nebo podm\u00ednek prodejnosti, vhodnosti pro konkr\u00e9tn\u00ed \u00fa\u010del nebo neporu\u0161en\u00ed du\u0161evn\u00edho vlastnictv\u00ed nebo jin\u00e9ho poru\u0161en\u00ed pr\u00e1v. Free Apps d\u00e1le nezaru\u010duje ani ne\u010din\u00ed \u017e\u00e1dn\u00e1 prohl\u00e1\u0161en\u00ed t\u00fdkaj\u00edc\u00ed se p\u0159esnosti, pravd\u011bpodobn\u00fdch v\u00fdsledk\u016f nebo spolehlivosti pou\u017eit\u00ed materi\u00e1l\u016f na sv\u00fdch webov\u00fdch str\u00e1nk\u00e1ch nebo jinak souvisej\u00edc\u00edch s takov\u00fdmi materi\u00e1ly nebo na jak\u00fdchkoli str\u00e1nk\u00e1ch propojen\u00fdch s t\u00edmto webem.<\/p>\n\n\n\n<ol class=\"wp-block-list\" start=\"4\">\n<li><strong>Omezen\u00ed<\/strong><\/li>\n<\/ol>\n\n\n\n<p>Free Apps ani jejich dodavatel\u00e9 v \u017e\u00e1dn\u00e9m p\u0159\u00edpad\u011b nenesou odpov\u011bdnost za jak\u00e9koli \u0161kody (v\u010detn\u011b, bez omezen\u00ed, \u0161kod za ztr\u00e1tu dat nebo zisku nebo v d\u016fsledku p\u0159eru\u0161en\u00ed podnik\u00e1n\u00ed) vypl\u00fdvaj\u00edc\u00ed z pou\u017eit\u00ed nebo nemo\u017enosti pou\u017e\u00edt materi\u00e1ly na bezplatn\u00fdch aplikac\u00edch, a to i pokud byl Free Apps nebo opr\u00e1vn\u011bn\u00fd z\u00e1stupce Free Apps \u00fastn\u011b nebo p\u00edsemn\u011b upozorn\u011bn na mo\u017enost takov\u00e9ho po\u0161kozen\u00ed. Proto\u017ee n\u011bkter\u00e9 jurisdikce neumo\u017e\u0148uj\u00ed omezen\u00ed p\u0159edpokl\u00e1dan\u00fdch z\u00e1ruk nebo omezen\u00ed odpov\u011bdnosti za n\u00e1sledn\u00e9 nebo n\u00e1hodn\u00e9 \u0161kody, nemus\u00ed se na v\u00e1s tato omezen\u00ed vztahovat.<\/p>\n\n\n\n<ol class=\"wp-block-list\" start=\"5\">\n<li><strong>P\u0159esnost materi\u00e1l\u016f<\/strong><\/li>\n<\/ol>\n\n\n\n<p>Materi\u00e1ly na webu Free Apps mohou obsahovat technick\u00e9, typografick\u00e9 nebo fotografick\u00e9 chyby. Free Apps nezaru\u010duje, \u017ee jak\u00e9koli materi\u00e1ly na jej\u00edch webov\u00fdch str\u00e1nk\u00e1ch jsou p\u0159esn\u00e9, \u00fapln\u00e9 nebo aktu\u00e1ln\u00ed. Bezplatn\u00e9 aplikace mohou kdykoli bez upozorn\u011bn\u00ed prov\u00e1d\u011bt zm\u011bny v materi\u00e1lech obsa\u017een\u00fdch na jejich webov\u00fdch str\u00e1nk\u00e1ch. Free Apps se v\u0161ak nezavazuje materi\u00e1ly aktualizovat.<\/p>\n\n\n\n<ol class=\"wp-block-list\" start=\"6\">\n<li><strong>Odkazy<\/strong><\/li>\n<\/ol>\n\n\n\n<p>Free Applications nezkontrolovala v\u0161echny str\u00e1nky propojen\u00e9 s jej\u00edmi webov\u00fdmi str\u00e1nkami a nenese odpov\u011bdnost za obsah \u017e\u00e1dn\u00e9 propojen\u00e9 str\u00e1nky. Zahrnut\u00ed jak\u00e9hokoli odkazu neznamen\u00e1, \u017ee web podporuje bezplatn\u00e9 aplikace. Pou\u017e\u00edv\u00e1n\u00ed jak\u00e9koli propojen\u00e9 str\u00e1nky je na vlastn\u00ed riziko u\u017eivatele.<\/p>\n\n\n\n<p><strong>Modifikace<\/strong><\/p>\n\n\n\n<p>Bezplatn\u00e9 aplikace mohou kdykoli bez upozorn\u011bn\u00ed upravit tyto podm\u00ednky slu\u017eby pro sv\u00e9 webov\u00e9 str\u00e1nky. Pou\u017e\u00edv\u00e1n\u00edm t\u00e9to webov\u00e9 str\u00e1nky souhlas\u00edte s t\u00edm, \u017ee budete v\u00e1z\u00e1ni aktu\u00e1ln\u00ed verz\u00ed t\u011bchto podm\u00ednek slu\u017eby.<\/p>\n\n\n\n<p><strong>Aplikovan\u00e9 pr\u00e1vo<\/strong><\/p>\n\n\n\n<p>Tyto smluvn\u00ed podm\u00ednky se \u0159\u00edd\u00ed a vykl\u00e1daj\u00ed v souladu se z\u00e1kony o bezplatn\u00fdch aplikac\u00edch a vy se neodvolateln\u011b pod\u0159izujete v\u00fdhradn\u00ed jurisdikci soud\u016f v dan\u00e9m st\u00e1t\u011b nebo lokalit\u011b.<\/p>","protected":false},"excerpt":{"rendered":"<p>Ao acessar o site Aplicativos Gr\u00e1tis, voc\u00ea concorda em cumprir estes termos de servi\u00e7o, todas as leis e regulamentos aplic\u00e1veis, e reconhece que \u00e9 respons\u00e1vel pelo cumprimento de todas as leis locais aplic\u00e1veis. Se voc\u00ea n\u00e3o concordar com algum desses termos, est\u00e1 proibido de usar ou acessar este site. Os materiais contidos neste site est\u00e3o [&hellip;]<\/p>\n","protected":false},"author":1,"featured_media":0,"parent":0,"menu_order":0,"comment_status":"closed","ping_status":"closed","template":"","meta":{"footnotes":""},"class_list":["post-174","page","type-page","status-publish"],"_links":{"self":[{"href":"https:\/\/aplicativosgratis.com\/cs\/wp-json\/wp\/v2\/pages\/174","targetHints":{"allow":["GET"]}}],"collection":[{"href":"https:\/\/aplicativosgratis.com\/cs\/wp-json\/wp\/v2\/pages"}],"about":[{"href":"https:\/\/aplicativosgratis.com\/cs\/wp-json\/wp\/v2\/types\/page"}],"author":[{"embeddable":true,"href":"https:\/\/aplicativosgratis.com\/cs\/wp-json\/wp\/v2\/users\/1"}],"replies":[{"embeddable":true,"href":"https:\/\/aplicativosgratis.com\/cs\/wp-json\/wp\/v2\/comments?post=174"}],"version-history":[{"count":2,"href":"https:\/\/aplicativosgratis.com\/cs\/wp-json\/wp\/v2\/pages\/174\/revisions"}],"predecessor-version":[{"id":340,"href":"https:\/\/aplicativosgratis.com\/cs\/wp-json\/wp\/v2\/pages\/174\/revisions\/340"}],"wp:attachment":[{"href":"https:\/\/aplicativosgratis.com\/cs\/wp-json\/wp\/v2\/media?parent=174"}],"curies":[{"name":"wp","href":"https:\/\/api.w.org\/{rel}","templated":true}]}}