{"id":1308,"date":"2025-07-02T05:37:38","date_gmt":"2025-07-02T05:37:38","guid":{"rendered":"http:\/\/tdi_31_446"},"modified":"2025-07-02T05:37:38","modified_gmt":"2025-07-02T05:37:38","slug":"modal-newsletter","status":"publish","type":"page","link":"https:\/\/aplicativosgratis.com\/cs\/modal-newsletter\/","title":{"rendered":"Modal Newsletter"},"content":{"rendered":"<p>\u0160ablona obsahu str\u00e1nky nen\u00ed nastavena!<\/p>","protected":false},"excerpt":{"rendered":"<p>\u0160ablona obsahu str\u00e1nky nen\u00ed nastavena!<\/p>","protected":false},"author":1,"featured_media":0,"parent":0,"menu_order":0,"comment_status":"open","ping_status":"closed","template":"","meta":{"footnotes":""},"class_list":["post-1308","page","type-page","status-publish"],"_links":{"self":[{"href":"https:\/\/aplicativosgratis.com\/cs\/wp-json\/wp\/v2\/pages\/1308","targetHints":{"allow":["GET"]}}],"collection":[{"href":"https:\/\/aplicativosgratis.com\/cs\/wp-json\/wp\/v2\/pages"}],"about":[{"href":"https:\/\/aplicativosgratis.com\/cs\/wp-json\/wp\/v2\/types\/page"}],"author":[{"embeddable":true,"href":"https:\/\/aplicativosgratis.com\/cs\/wp-json\/wp\/v2\/users\/1"}],"replies":[{"embeddable":true,"href":"https:\/\/aplicativosgratis.com\/cs\/wp-json\/wp\/v2\/comments?post=1308"}],"version-history":[{"count":1,"href":"https:\/\/aplicativosgratis.com\/cs\/wp-json\/wp\/v2\/pages\/1308\/revisions"}],"predecessor-version":[{"id":1309,"href":"https:\/\/aplicativosgratis.com\/cs\/wp-json\/wp\/v2\/pages\/1308\/revisions\/1309"}],"wp:attachment":[{"href":"https:\/\/aplicativosgratis.com\/cs\/wp-json\/wp\/v2\/media?parent=1308"}],"curies":[{"name":"wp","href":"https:\/\/api.w.org\/{rel}","templated":true}]}}